{"id":4801,"date":"2021-01-12T12:35:25","date_gmt":"2021-01-12T11:35:25","guid":{"rendered":"https:\/\/subctech.com\/ocean-monitoring\/sensoren\/naehrstoffanalysatoren\/"},"modified":"2021-01-22T12:04:22","modified_gmt":"2021-01-22T11:04:22","slug":"naehrstoffanalysatoren","status":"publish","type":"page","link":"https:\/\/subctech.com\/de\/ocean-monitoring\/sensoren\/naehrstoffanalysatoren\/","title":{"rendered":"N\u00e4hrstoffanalysatoren"},"content":{"rendered":"<p>[vc_row css=&#8221;.vc_custom_1579785983161{margin-top: 60px !important;}&#8221;][vc_column width=&#8221;1\/3&#8243;][vc_raw_html]JTNDZGl2JTIwaWQlM0QlMjJtYXJrZXRfcG9zdF93aWRnZXQtMSUyMiUyMGNsYXNzJTNEJTIyZHVzdHJpYWxfbWFya2V0X3JwX3dpZGdldCUyMG1hcmtldC13aWRnZXQlMjIlM0UlMjAlMjAlMjAlMjAlMjAlMjAlM0NkaXYlMjBpZCUzRCUyMnRhYi1saXN0LWJsb2NrJTIyJTNFJTBBJTIwJTIwJTIwJTIwJTIwJTIwJTIwJTIwJTNDZGl2JTIwY2xhc3MlM0QlMjJtYXJrZXQtbGlzdC1ncm91cCUyMiUzRSUwQSUyMCUyMCUyMCUyMCUyMCUyMCUyMCUyMCUyMCUyMCUyMCUyMCUyMCUyMCUzQ3VsJTNFJTBBJTIwJTIwJTIwJTIwJTIwJTIwJTIwJTIwJTIwJTIwJTIwJTIwJTIwJTIwJTIwJTIwJTIwJTIwJTIwJTBBJTIwJTIwJTIwJTIwJTIwJTIwJTIwJTIwJTIwJTNDbGklM0UlM0NhJTIwY2xhc3MlM0QlMjIlMjIlMjBocmVmJTNEJTIyJTJGZGUlMkZvY2Vhbi1tb25pdG9yaW5nJTJGc2Vuc29yZW4lMkZ0cmVpYmhhdXNnYXN1ZWJlcndhY2h1bmclMkYlMjIlM0VUcmVpYmhhdXNnYXMtJUMzJTlDYmVyd2FjaHVuZyUzQyUyRmElM0UlM0MlMkZsaSUzRSUwQSUyMCUyMCUyMCUyMCUyMCUyMCUyMCUyMCUyMCUyMCUyMCUyMCUyMCUwQSUyMCUyMCUyMCUyMCUyMCUyMCUyMCUyMCUyMCUyMCUyMCUyMCUyMCUyMCUyMCUyMCUyMCUyMCUyMCUwQSUyMCUyMCUyMCUyMCUyMCUyMCUyMCUyMCUyMCUyMCUzQ2xpJTNFJTNDYSUyMGNsYXNzJTNEJTIyYWN0aXZlJTIyJTIwaHJlZiUzRCUyMiUyRmRlJTJGb2NlYW4tbW9uaXRvcmluZyUyRnNlbnNvcmVuJTJGbmFlaHJzdG9mZmFuYWx5c2F0b3JlbiUyRiUyMiUzRU4lQzMlQTRocnN0b2ZmYW5hbHlzYXRvcmVuJTNDJTJGYSUzRSUzQyUyRmxpJTNFJTBBJTIwJTIwJTIwJTIwJTIwJTIwJTIwJTIwJTIwJTIwJTIwJTIwJTIwJTBBJTIwJTIwJTIwJTIwJTIwJTIwJTIwJTIwJTIwJTIwJTIwJTIwJTIwJTIwJTIwJTIwJTIwJTIwJTIwJTIwJTIwJTIwJTNDJTJGdWwlM0UlMEElMjAlMjAlMjAlMjAlMjAlMjAlMjAlMjAlM0MlMkZkaXYlM0UlMEElMjAlMjAlMjAlMjAlMjAlMjAlM0MlMkZkaXYlM0UlMEElM0MlMkZkaXYlM0UlMEE=[\/vc_raw_html][vc_raw_html]PGRpdiBpZD0iZG93bmxvYWRfYnRuX3dpZGdldC0xIiBjbGFzcz0iZHVzdHJpYWxfbWFya2V0X3JwX3dpZGdldCBtYXJrZXQtd2lkZ2V0Ij4NCiAgICAgICAgPGRpdiBpZD0iYnJvY2h1cmVzLWJsb2NrIj4NCiAgICAgICAgICA8ZGl2IGNsYXNzPSJsaXN0LWdyb3VwIG10LTMgbWItMyBtdC1sZy01IG1iLWxnLTUgZC1mbGV4ICI+DQogICAgICAgICAgICAgIDxhIGNsYXNzPSJsaXN0LWdyb3VwLWl0ZW0gbGlzdC1ncm91cC1pdGVtLWFjdGlvbiBkb3dubG9hZC1icm9jaHVyZXMgZC1mbGV4IGp1c3RpZnktY29udGVudC1iZXR3ZWVuIiBocmVmPSIvd3AtY29udGVudC91cGxvYWRzLzIwMjAvMDIvU3BlY1NoZWV0X1N1YkN0ZWNoX1N5c3RlYS1NaWNyb01hY19FTkcxLnBkZiI+DQogICAgICAgICAgICAgICAgPHNwYW4+RG93bmxvYWQgRGF0ZW5ibGF0dDwvc3Bhbj4NCiAgICAgICAgICAgICAgICA8aSBjbGFzcz0iZmxhdGljb24taGFuZG91dCI+PC9pPg0KICAgICAgICAgICAgICA8L2E+DQoNCjwvZGl2Pg0KPC9kaXY+DQo8L2Rpdj4=[\/vc_raw_html][vc_raw_html]CTxkaXYgY2xhc3M9ImJsb2NrIj4NCiAgICAgICAgICAgICAgPGRpdiBjbGFzcz0iY29udGFjdC1zZXJ2aWNlIj4NCiAgICAgICAgICAgICAgICA8aDM+RnJhZ2VuPzwvaDM+DQogICAgICAgICAgICAgICAgPHA+S29udGFrdGllcmVuIFNpZSB1bnMgZ2VybiAtIFNpZSBlcmhhbHRlbiBpbm5lcmhhbGIgdm9uIDEtMiBXZXJrdGFnZW4gZWluZSBSw7xja21lbGR1bmcuIEFsdGVybmF0aXYgcnVmZW4gU2llIHVucyBlaW5mYWNoIGFuISA8L3A+DQogICAgICAgICAgICAgICAgICAgICAgICAgICAgICAgIDxwPjxzcGFuIGNsYXNzPSJmb250LXdlaWdodC1ib2xkIj48aSBjbGFzcz0iZmEgZmEtcGhvbmUgZnctc2l6ZSIgYXJpYS1oaWRkZW49InRydWUiPjwvaT4gVGVsZWZvbjo8L3NwYW4+ICsoNDkpIDQzMS0yMjAzOS04ODA8L3A+DQogICAgICAgICAgICAgICAgICAgICAgICAgICAgICAgICA8cCBjbGFzcz0ibWItMCI+PHNwYW4gY2xhc3M9ImZvbnQtd2VpZ2h0LWJvbGQiPjxpIGNsYXNzPSJmYSBmYS1lbnZlbG9wZS1vIGZ3LXNpemUiIGFyaWEtaGlkZGVuPSJ0cnVlIj48L2k+IEUtTWFpbDo8L3NwYW4+IGluZm9Ac3ViY3RlY2guY29tPC9wPg0KICAgICAgICAgICAgICAgICAgICAgICAgICAgICAgPC9kaXY+DQogICAgICAgICAgICA8L2Rpdj4=[\/vc_raw_html][\/vc_column][vc_column width=&#8221;2\/3&#8243;][vc_single_image image=&#8221;4804&#8243; img_size=&#8221;full&#8221; css=&#8221;.vc_custom_1582539857188{margin-bottom: 30px !important;}&#8221;][vc_column_text css=&#8221;.vc_custom_1582538709392{margin-bottom: 10px !important;}&#8221;]<\/p>\n<h1>N\u00e4hrstoffanalysatoren<\/h1>\n<p>[\/vc_column_text][vc_column_text el_class=&#8221;wpb_text_column wpb_content_element&#8221;]SYSTEA (Italien) und SubCtech (Deutschland) bieten eine einzigartige Online-N\u00e4hrstoffmesstechnologie f\u00fcr die \u00dcberwachung von Industrie und Umwelt sowie f\u00fcr die professionelle ozeanografische Forschung. Der mobile und kleine MicroMac-1000MP-Analysator wird weltweit hundertfach eingesetzt. Es \u00fcberzeugt mit einer niedrigen Nachweisgrenze und kann Langzeitmessungen durchf\u00fchren, die von einer Festzeitkalibrierung gesteuert werden. Die Betriebskosten des Ger\u00e4tes werden durch l\u00e4ngere Wartungsintervalle weiter reduziert.<\/p>\n<p>SubCtech SmartDI\u00ae \u201eSmart Data Interface\u201c wird verwendet, um Daten von den Analysatoren und optional auch von Sensoren zu erfassen. Es ist auch in der Lage, Prozesse zu steuern. Die QuickDI-Funktion SmartDI\u00ae, umfangreiche Konfigurations- und Diagnosemen\u00fcs bieten eine benutzerfreundliche Oberfl\u00e4che. Der modulare und erweiterbare Aufbau erm\u00f6glicht einfache und wirtschaftliche Anpassungen. Somit passt es zu den unterschiedlichsten Anwendungen. Die hohe Modularit\u00e4t des Systems garantiert eine nachhaltige Investition.[\/vc_column_text][vc_empty_space][vc_column_text]F\u00fcr detaillierte Infos (u.a. Produktvarianten, Zubeh\u00f6r, Anwendungsf\u00e4lle und Leistungsdaten) besuchen Sie bitte unsere <a href=\"https:\/\/subctech.com\/ocean-monitoring\/sensors\/nutrient-analyzers\/\">Englische Version.<\/a>[\/vc_column_text][\/vc_column][\/vc_row]<\/p>\n","protected":false},"excerpt":{"rendered":"<p>[vc_row css=&#8221;.vc_custom_1579785983161{margin-top: 60px !important;}&#8221;][vc_column width=&#8221;1\/3&#8243;][vc_raw_html]JTNDZGl2JTIwaWQlM0QlMjJtYXJrZXRfcG9zdF93aWRnZXQtMSUyMiUyMGNsYXNzJTNEJTIyZHVzdHJpYWxfbWFya2V0X3JwX3dpZGdldCUyMG1hcmtldC13aWRnZXQlMjIlM0UlMjAlMjAlMjAlMjAlMjAlMjAlM0NkaXYlMjBpZCUzRCUyMnRhYi1saXN0LWJsb2NrJTIyJTNFJTBBJTIwJTIwJTIwJTIwJTIwJTIwJTIwJTIwJTNDZGl2JTIwY2xhc3MlM0QlMjJtYXJrZXQtbGlzdC1ncm91cCUyMiUzRSUwQSUyMCUyMCUyMCUyMCUyMCUyMCUyMCUyMCUyMCUyMCUyMCUyMCUyMCUyMCUzQ3VsJTNFJTBBJTIwJTIwJTIwJTIwJTIwJTIwJTIwJTIwJTIwJTIwJTIwJTIwJTIwJTIwJTIwJTIwJTIwJTIwJTIwJTBBJTIwJTIwJTIwJTIwJTIwJTIwJTIwJTIwJTIwJTNDbGklM0UlM0NhJTIwY2xhc3MlM0QlMjIlMjIlMjBocmVmJTNEJTIyJTJGZGUlMkZvY2Vhbi1tb25pdG9yaW5nJTJGc2Vuc29yZW4lMkZ0cmVpYmhhdXNnYXN1ZWJlcndhY2h1bmclMkYlMjIlM0VUcmVpYmhhdXNnYXMtJUMzJTlDYmVyd2FjaHVuZyUzQyUyRmElM0UlM0MlMkZsaSUzRSUwQSUyMCUyMCUyMCUyMCUyMCUyMCUyMCUyMCUyMCUyMCUyMCUyMCUyMCUwQSUyMCUyMCUyMCUyMCUyMCUyMCUyMCUyMCUyMCUyMCUyMCUyMCUyMCUyMCUyMCUyMCUyMCUyMCUyMCUwQSUyMCUyMCUyMCUyMCUyMCUyMCUyMCUyMCUyMCUyMCUzQ2xpJTNFJTNDYSUyMGNsYXNzJTNEJTIyYWN0aXZlJTIyJTIwaHJlZiUzRCUyMiUyRmRlJTJGb2NlYW4tbW9uaXRvcmluZyUyRnNlbnNvcmVuJTJGbmFlaHJzdG9mZmFuYWx5c2F0b3JlbiUyRiUyMiUzRU4lQzMlQTRocnN0b2ZmYW5hbHlzYXRvcmVuJTNDJTJGYSUzRSUzQyUyRmxpJTNFJTBBJTIwJTIwJTIwJTIwJTIwJTIwJTIwJTIwJTIwJTIwJTIwJTIwJTIwJTBBJTIwJTIwJTIwJTIwJTIwJTIwJTIwJTIwJTIwJTIwJTIwJTIwJTIwJTIwJTIwJTIwJTIwJTIwJTIwJTIwJTIwJTIwJTNDJTJGdWwlM0UlMEElMjAlMjAlMjAlMjAlMjAlMjAlMjAlMjAlM0MlMkZkaXYlM0UlMEElMjAlMjAlMjAlMjAlMjAlMjAlM0MlMkZkaXYlM0UlMEElM0MlMkZkaXYlM0UlMEE=[\/vc_raw_html][vc_raw_html]PGRpdiBpZD0iZG93bmxvYWRfYnRuX3dpZGdldC0xIiBjbGFzcz0iZHVzdHJpYWxfbWFya2V0X3JwX3dpZGdldCBtYXJrZXQtd2lkZ2V0Ij4NCiAgICAgICAgPGRpdiBpZD0iYnJvY2h1cmVzLWJsb2NrIj4NCiAgICAgICAgICA8ZGl2IGNsYXNzPSJsaXN0LWdyb3VwIG10LTMgbWItMyBtdC1sZy01IG1iLWxnLTUgZC1mbGV4ICI+DQogICAgICAgICAgICAgIDxhIGNsYXNzPSJsaXN0LWdyb3VwLWl0ZW0gbGlzdC1ncm91cC1pdGVtLWFjdGlvbiBkb3dubG9hZC1icm9jaHVyZXMgZC1mbGV4IGp1c3RpZnktY29udGVudC1iZXR3ZWVuIiBocmVmPSIvd3AtY29udGVudC91cGxvYWRzLzIwMjAvMDIvU3BlY1NoZWV0X1N1YkN0ZWNoX1N5c3RlYS1NaWNyb01hY19FTkcxLnBkZiI+DQogICAgICAgICAgICAgICAgPHNwYW4+RG93bmxvYWQgRGF0ZW5ibGF0dDwvc3Bhbj4NCiAgICAgICAgICAgICAgICA8aSBjbGFzcz0iZmxhdGljb24taGFuZG91dCI+PC9pPg0KICAgICAgICAgICAgICA8L2E+DQoNCjwvZGl2Pg0KPC9kaXY+DQo8L2Rpdj4=[\/vc_raw_html][vc_raw_html]CTxkaXYgY2xhc3M9ImJsb2NrIj4NCiAgICAgICAgICAgICAgPGRpdiBjbGFzcz0iY29udGFjdC1zZXJ2aWNlIj4NCiAgICAgICAgICAgICAgICA8aDM+RnJhZ2VuPzwvaDM+DQogICAgICAgICAgICAgICAgPHA+S29udGFrdGllcmVuIFNpZSB1bnMgZ2VybiAtIFNpZSBlcmhhbHRlbiBpbm5lcmhhbGIgdm9uIDEtMiBXZXJrdGFnZW4gZWluZSBSw7xja21lbGR1bmcuIEFsdGVybmF0aXYgcnVmZW4gU2llIHVucyBlaW5mYWNoIGFuISA8L3A+DQogICAgICAgICAgICAgICAgICAgICAgICAgICAgICAgIDxwPjxzcGFuIGNsYXNzPSJmb250LXdlaWdodC1ib2xkIj48aSBjbGFzcz0iZmEgZmEtcGhvbmUgZnctc2l6ZSIgYXJpYS1oaWRkZW49InRydWUiPjwvaT4gVGVsZWZvbjo8L3NwYW4+ICsoNDkpIDQzMS0yMjAzOS04ODA8L3A+DQogICAgICAgICAgICAgICAgICAgICAgICAgICAgICAgICA8cCBjbGFzcz0ibWItMCI+PHNwYW4gY2xhc3M9ImZvbnQtd2VpZ2h0LWJvbGQiPjxpIGNsYXNzPSJmYSBmYS1lbnZlbG9wZS1vIGZ3LXNpemUiIGFyaWEtaGlkZGVuPSJ0cnVlIj48L2k+IEUtTWFpbDo8L3NwYW4+IGluZm9Ac3ViY3RlY2guY29tPC9wPg0KICAgICAgICAgICAgICAgICAgICAgICAgICAgICAgPC9kaXY+DQogICAgICAgICAgICA8L2Rpdj4=[\/vc_raw_html][\/vc_column][vc_column width=&#8221;2\/3&#8243;][vc_single_image image=&#8221;4804&#8243; img_size=&#8221;full&#8221; css=&#8221;.vc_custom_1582539857188{margin-bottom: 30px !important;}&#8221;][vc_column_text css=&#8221;.vc_custom_1582538709392{margin-bottom: 10px !important;}&#8221;] N\u00e4hrstoffanalysatoren [\/vc_column_text][vc_column_text el_class=&#8221;wpb_text_column wpb_content_element&#8221;]SYSTEA (Italien) und SubCtech (Deutschland) bieten eine einzigartige Online-N\u00e4hrstoffmesstechnologie f\u00fcr die \u00dcberwachung von [&hellip;]<\/p>\n","protected":false},"author":1,"featured_media":0,"parent":4723,"menu_order":1,"comment_status":"closed","ping_status":"closed","template":"page-template\/blank-page-sidebar.php","meta":{"footnotes":""},"class_list":["post-4801","page","type-page","status-publish","hentry"],"yoast_head":"<!-- This site is optimized with the Yoast SEO plugin v27.3 - https:\/\/yoast.com\/product\/yoast-seo-wordpress\/ -->\n<title>N\u00e4hrstoffanalysatoren - SubCtech - Ocean Power &amp; Monitoring<\/title>\n<meta name=\"robots\" content=\"index, follow, max-snippet:-1, max-image-preview:large, max-video-preview:-1\" \/>\n<link rel=\"canonical\" href=\"https:\/\/subctech.com\/de\/ocean-monitoring\/sensoren\/naehrstoffanalysatoren\/\" \/>\n<meta property=\"og:locale\" content=\"de_DE\" \/>\n<meta property=\"og:type\" content=\"article\" \/>\n<meta property=\"og:title\" content=\"N\u00e4hrstoffanalysatoren - SubCtech - Ocean Power &amp; Monitoring\" \/>\n<meta property=\"og:description\" content=\"[vc_row css=&#8221;.vc_custom_1579785983161{margin-top: 60px !important;}&#8221;][vc_column width=&#8221;1\/3&#8243;][vc_raw_html]JTNDZGl2JTIwaWQlM0QlMjJtYXJrZXRfcG9zdF93aWRnZXQtMSUyMiUyMGNsYXNzJTNEJTIyZHVzdHJpYWxfbWFya2V0X3JwX3dpZGdldCUyMG1hcmtldC13aWRnZXQlMjIlM0UlMjAlMjAlMjAlMjAlMjAlMjAlM0NkaXYlMjBpZCUzRCUyMnRhYi1saXN0LWJsb2NrJTIyJTNFJTBBJTIwJTIwJTIwJTIwJTIwJTIwJTIwJTIwJTNDZGl2JTIwY2xhc3MlM0QlMjJtYXJrZXQtbGlzdC1ncm91cCUyMiUzRSUwQSUyMCUyMCUyMCUyMCUyMCUyMCUyMCUyMCUyMCUyMCUyMCUyMCUyMCUyMCUzQ3VsJTNFJTBBJTIwJTIwJTIwJTIwJTIwJTIwJTIwJTIwJTIwJTIwJTIwJTIwJTIwJTIwJTIwJTIwJTIwJTIwJTIwJTBBJTIwJTIwJTIwJTIwJTIwJTIwJTIwJTIwJTIwJTNDbGklM0UlM0NhJTIwY2xhc3MlM0QlMjIlMjIlMjBocmVmJTNEJTIyJTJGZGUlMkZvY2Vhbi1tb25pdG9yaW5nJTJGc2Vuc29yZW4lMkZ0cmVpYmhhdXNnYXN1ZWJlcndhY2h1bmclMkYlMjIlM0VUcmVpYmhhdXNnYXMtJUMzJTlDYmVyd2FjaHVuZyUzQyUyRmElM0UlM0MlMkZsaSUzRSUwQSUyMCUyMCUyMCUyMCUyMCUyMCUyMCUyMCUyMCUyMCUyMCUyMCUyMCUwQSUyMCUyMCUyMCUyMCUyMCUyMCUyMCUyMCUyMCUyMCUyMCUyMCUyMCUyMCUyMCUyMCUyMCUyMCUyMCUwQSUyMCUyMCUyMCUyMCUyMCUyMCUyMCUyMCUyMCUyMCUzQ2xpJTNFJTNDYSUyMGNsYXNzJTNEJTIyYWN0aXZlJTIyJTIwaHJlZiUzRCUyMiUyRmRlJTJGb2NlYW4tbW9uaXRvcmluZyUyRnNlbnNvcmVuJTJGbmFlaHJzdG9mZmFuYWx5c2F0b3JlbiUyRiUyMiUzRU4lQzMlQTRocnN0b2ZmYW5hbHlzYXRvcmVuJTNDJTJGYSUzRSUzQyUyRmxpJTNFJTBBJTIwJTIwJTIwJTIwJTIwJTIwJTIwJTIwJTIwJTIwJTIwJTIwJTIwJTBBJTIwJTIwJTIwJTIwJTIwJTIwJTIwJTIwJTIwJTIwJTIwJTIwJTIwJTIwJTIwJTIwJTIwJTIwJTIwJTIwJTIwJTIwJTNDJTJGdWwlM0UlMEElMjAlMjAlMjAlMjAlMjAlMjAlMjAlMjAlM0MlMkZkaXYlM0UlMEElMjAlMjAlMjAlMjAlMjAlMjAlM0MlMkZkaXYlM0UlMEElM0MlMkZkaXYlM0UlMEE=[\/vc_raw_html][vc_raw_html]PGRpdiBpZD0iZG93bmxvYWRfYnRuX3dpZGdldC0xIiBjbGFzcz0iZHVzdHJpYWxfbWFya2V0X3JwX3dpZGdldCBtYXJrZXQtd2lkZ2V0Ij4NCiAgICAgICAgPGRpdiBpZD0iYnJvY2h1cmVzLWJsb2NrIj4NCiAgICAgICAgICA8ZGl2IGNsYXNzPSJsaXN0LWdyb3VwIG10LTMgbWItMyBtdC1sZy01IG1iLWxnLTUgZC1mbGV4ICI+DQogICAgICAgICAgICAgIDxhIGNsYXNzPSJsaXN0LWdyb3VwLWl0ZW0gbGlzdC1ncm91cC1pdGVtLWFjdGlvbiBkb3dubG9hZC1icm9jaHVyZXMgZC1mbGV4IGp1c3RpZnktY29udGVudC1iZXR3ZWVuIiBocmVmPSIvd3AtY29udGVudC91cGxvYWRzLzIwMjAvMDIvU3BlY1NoZWV0X1N1YkN0ZWNoX1N5c3RlYS1NaWNyb01hY19FTkcxLnBkZiI+DQogICAgICAgICAgICAgICAgPHNwYW4+RG93bmxvYWQgRGF0ZW5ibGF0dDwvc3Bhbj4NCiAgICAgICAgICAgICAgICA8aSBjbGFzcz0iZmxhdGljb24taGFuZG91dCI+PC9pPg0KICAgICAgICAgICAgICA8L2E+DQoNCjwvZGl2Pg0KPC9kaXY+DQo8L2Rpdj4=[\/vc_raw_html][vc_raw_html]CTxkaXYgY2xhc3M9ImJsb2NrIj4NCiAgICAgICAgICAgICAgPGRpdiBjbGFzcz0iY29udGFjdC1zZXJ2aWNlIj4NCiAgICAgICAgICAgICAgICA8aDM+RnJhZ2VuPzwvaDM+DQogICAgICAgICAgICAgICAgPHA+S29udGFrdGllcmVuIFNpZSB1bnMgZ2VybiAtIFNpZSBlcmhhbHRlbiBpbm5lcmhhbGIgdm9uIDEtMiBXZXJrdGFnZW4gZWluZSBSw7xja21lbGR1bmcuIEFsdGVybmF0aXYgcnVmZW4gU2llIHVucyBlaW5mYWNoIGFuISA8L3A+DQogICAgICAgICAgICAgICAgICAgICAgICAgICAgICAgIDxwPjxzcGFuIGNsYXNzPSJmb250LXdlaWdodC1ib2xkIj48aSBjbGFzcz0iZmEgZmEtcGhvbmUgZnctc2l6ZSIgYXJpYS1oaWRkZW49InRydWUiPjwvaT4gVGVsZWZvbjo8L3NwYW4+ICsoNDkpIDQzMS0yMjAzOS04ODA8L3A+DQogICAgICAgICAgICAgICAgICAgICAgICAgICAgICAgICA8cCBjbGFzcz0ibWItMCI+PHNwYW4gY2xhc3M9ImZvbnQtd2VpZ2h0LWJvbGQiPjxpIGNsYXNzPSJmYSBmYS1lbnZlbG9wZS1vIGZ3LXNpemUiIGFyaWEtaGlkZGVuPSJ0cnVlIj48L2k+IEUtTWFpbDo8L3NwYW4+IGluZm9Ac3ViY3RlY2guY29tPC9wPg0KICAgICAgICAgICAgICAgICAgICAgICAgICAgICAgPC9kaXY+DQogICAgICAgICAgICA8L2Rpdj4=[\/vc_raw_html][\/vc_column][vc_column width=&#8221;2\/3&#8243;][vc_single_image image=&#8221;4804&#8243; img_size=&#8221;full&#8221; css=&#8221;.vc_custom_1582539857188{margin-bottom: 30px !important;}&#8221;][vc_column_text css=&#8221;.vc_custom_1582538709392{margin-bottom: 10px !important;}&#8221;] N\u00e4hrstoffanalysatoren [\/vc_column_text][vc_column_text el_class=&#8221;wpb_text_column wpb_content_element&#8221;]SYSTEA (Italien) und SubCtech (Deutschland) bieten eine einzigartige Online-N\u00e4hrstoffmesstechnologie f\u00fcr die \u00dcberwachung von [&hellip;]\" \/>\n<meta property=\"og:url\" content=\"https:\/\/subctech.com\/de\/ocean-monitoring\/sensoren\/naehrstoffanalysatoren\/\" \/>\n<meta property=\"og:site_name\" content=\"SubCtech - Ocean Power &amp; Monitoring\" \/>\n<meta property=\"article:modified_time\" content=\"2021-01-22T11:04:22+00:00\" \/>\n<meta name=\"twitter:card\" content=\"summary_large_image\" \/>\n<meta name=\"twitter:label1\" content=\"Gesch\u00e4tzte Lesezeit\" \/>\n\t<meta name=\"twitter:data1\" content=\"2\u00a0Minuten\" \/>\n<script type=\"application\/ld+json\" class=\"yoast-schema-graph\">{\"@context\":\"https:\\\/\\\/schema.org\",\"@graph\":[{\"@type\":\"WebPage\",\"@id\":\"https:\\\/\\\/subctech.com\\\/de\\\/ocean-monitoring\\\/sensoren\\\/naehrstoffanalysatoren\\\/\",\"url\":\"https:\\\/\\\/subctech.com\\\/de\\\/ocean-monitoring\\\/sensoren\\\/naehrstoffanalysatoren\\\/\",\"name\":\"N\u00e4hrstoffanalysatoren - SubCtech - Ocean Power &amp; Monitoring\",\"isPartOf\":{\"@id\":\"https:\\\/\\\/subctech.com\\\/de\\\/#website\"},\"datePublished\":\"2021-01-12T11:35:25+00:00\",\"dateModified\":\"2021-01-22T11:04:22+00:00\",\"breadcrumb\":{\"@id\":\"https:\\\/\\\/subctech.com\\\/de\\\/ocean-monitoring\\\/sensoren\\\/naehrstoffanalysatoren\\\/#breadcrumb\"},\"inLanguage\":\"de\",\"potentialAction\":[{\"@type\":\"ReadAction\",\"target\":[\"https:\\\/\\\/subctech.com\\\/de\\\/ocean-monitoring\\\/sensoren\\\/naehrstoffanalysatoren\\\/\"]}]},{\"@type\":\"BreadcrumbList\",\"@id\":\"https:\\\/\\\/subctech.com\\\/de\\\/ocean-monitoring\\\/sensoren\\\/naehrstoffanalysatoren\\\/#breadcrumb\",\"itemListElement\":[{\"@type\":\"ListItem\",\"position\":1,\"name\":\"Home\",\"item\":\"https:\\\/\\\/subctech.com\\\/de\\\/\"},{\"@type\":\"ListItem\",\"position\":2,\"name\":\"Ocean Monitoring\",\"item\":\"https:\\\/\\\/subctech.com\\\/de\\\/ocean-monitoring\\\/\"},{\"@type\":\"ListItem\",\"position\":3,\"name\":\"Sensoren\",\"item\":\"https:\\\/\\\/subctech.com\\\/de\\\/ocean-monitoring\\\/sensoren\\\/\"},{\"@type\":\"ListItem\",\"position\":4,\"name\":\"N\u00e4hrstoffanalysatoren\"}]},{\"@type\":\"WebSite\",\"@id\":\"https:\\\/\\\/subctech.com\\\/de\\\/#website\",\"url\":\"https:\\\/\\\/subctech.com\\\/de\\\/\",\"name\":\"SubCtech - Ocean Power &amp; Monitoring\",\"description\":\"Ocean engineering - from coast to deepsea\",\"publisher\":{\"@id\":\"https:\\\/\\\/subctech.com\\\/de\\\/#organization\"},\"potentialAction\":[{\"@type\":\"SearchAction\",\"target\":{\"@type\":\"EntryPoint\",\"urlTemplate\":\"https:\\\/\\\/subctech.com\\\/de\\\/?s={search_term_string}\"},\"query-input\":{\"@type\":\"PropertyValueSpecification\",\"valueRequired\":true,\"valueName\":\"search_term_string\"}}],\"inLanguage\":\"de\"},{\"@type\":\"Organization\",\"@id\":\"https:\\\/\\\/subctech.com\\\/de\\\/#organization\",\"name\":\"SubCtech - Ocean Power &amp; Monitoring\",\"url\":\"https:\\\/\\\/subctech.com\\\/de\\\/\",\"logo\":{\"@type\":\"ImageObject\",\"inLanguage\":\"de\",\"@id\":\"https:\\\/\\\/subctech.com\\\/de\\\/#\\\/schema\\\/logo\\\/image\\\/\",\"url\":\"https:\\\/\\\/subctech.com\\\/wp-content\\\/uploads\\\/2025\\\/06\\\/cropped-Logo_SubCtech_blue-subtitle-web.png\",\"contentUrl\":\"https:\\\/\\\/subctech.com\\\/wp-content\\\/uploads\\\/2025\\\/06\\\/cropped-Logo_SubCtech_blue-subtitle-web.png\",\"width\":245,\"height\":205,\"caption\":\"SubCtech - Ocean Power &amp; Monitoring\"},\"image\":{\"@id\":\"https:\\\/\\\/subctech.com\\\/de\\\/#\\\/schema\\\/logo\\\/image\\\/\"}}]}<\/script>\n<!-- \/ Yoast SEO plugin. -->","yoast_head_json":{"title":"N\u00e4hrstoffanalysatoren - SubCtech - Ocean Power &amp; Monitoring","robots":{"index":"index","follow":"follow","max-snippet":"max-snippet:-1","max-image-preview":"max-image-preview:large","max-video-preview":"max-video-preview:-1"},"canonical":"https:\/\/subctech.com\/de\/ocean-monitoring\/sensoren\/naehrstoffanalysatoren\/","og_locale":"de_DE","og_type":"article","og_title":"N\u00e4hrstoffanalysatoren - SubCtech - Ocean Power &amp; Monitoring","og_description":"[vc_row css=&#8221;.vc_custom_1579785983161{margin-top: 60px !important;}&#8221;][vc_column width=&#8221;1\/3&#8243;][vc_raw_html]JTNDZGl2JTIwaWQlM0QlMjJtYXJrZXRfcG9zdF93aWRnZXQtMSUyMiUyMGNsYXNzJTNEJTIyZHVzdHJpYWxfbWFya2V0X3JwX3dpZGdldCUyMG1hcmtldC13aWRnZXQlMjIlM0UlMjAlMjAlMjAlMjAlMjAlMjAlM0NkaXYlMjBpZCUzRCUyMnRhYi1saXN0LWJsb2NrJTIyJTNFJTBBJTIwJTIwJTIwJTIwJTIwJTIwJTIwJTIwJTNDZGl2JTIwY2xhc3MlM0QlMjJtYXJrZXQtbGlzdC1ncm91cCUyMiUzRSUwQSUyMCUyMCUyMCUyMCUyMCUyMCUyMCUyMCUyMCUyMCUyMCUyMCUyMCUyMCUzQ3VsJTNFJTBBJTIwJTIwJTIwJTIwJTIwJTIwJTIwJTIwJTIwJTIwJTIwJTIwJTIwJTIwJTIwJTIwJTIwJTIwJTIwJTBBJTIwJTIwJTIwJTIwJTIwJTIwJTIwJTIwJTIwJTNDbGklM0UlM0NhJTIwY2xhc3MlM0QlMjIlMjIlMjBocmVmJTNEJTIyJTJGZGUlMkZvY2Vhbi1tb25pdG9yaW5nJTJGc2Vuc29yZW4lMkZ0cmVpYmhhdXNnYXN1ZWJlcndhY2h1bmclMkYlMjIlM0VUcmVpYmhhdXNnYXMtJUMzJTlDYmVyd2FjaHVuZyUzQyUyRmElM0UlM0MlMkZsaSUzRSUwQSUyMCUyMCUyMCUyMCUyMCUyMCUyMCUyMCUyMCUyMCUyMCUyMCUyMCUwQSUyMCUyMCUyMCUyMCUyMCUyMCUyMCUyMCUyMCUyMCUyMCUyMCUyMCUyMCUyMCUyMCUyMCUyMCUyMCUwQSUyMCUyMCUyMCUyMCUyMCUyMCUyMCUyMCUyMCUyMCUzQ2xpJTNFJTNDYSUyMGNsYXNzJTNEJTIyYWN0aXZlJTIyJTIwaHJlZiUzRCUyMiUyRmRlJTJGb2NlYW4tbW9uaXRvcmluZyUyRnNlbnNvcmVuJTJGbmFlaHJzdG9mZmFuYWx5c2F0b3JlbiUyRiUyMiUzRU4lQzMlQTRocnN0b2ZmYW5hbHlzYXRvcmVuJTNDJTJGYSUzRSUzQyUyRmxpJTNFJTBBJTIwJTIwJTIwJTIwJTIwJTIwJTIwJTIwJTIwJTIwJTIwJTIwJTIwJTBBJTIwJTIwJTIwJTIwJTIwJTIwJTIwJTIwJTIwJTIwJTIwJTIwJTIwJTIwJTIwJTIwJTIwJTIwJTIwJTIwJTIwJTIwJTNDJTJGdWwlM0UlMEElMjAlMjAlMjAlMjAlMjAlMjAlMjAlMjAlM0MlMkZkaXYlM0UlMEElMjAlMjAlMjAlMjAlMjAlMjAlM0MlMkZkaXYlM0UlMEElM0MlMkZkaXYlM0UlMEE=[\/vc_raw_html][vc_raw_html]PGRpdiBpZD0iZG93bmxvYWRfYnRuX3dpZGdldC0xIiBjbGFzcz0iZHVzdHJpYWxfbWFya2V0X3JwX3dpZGdldCBtYXJrZXQtd2lkZ2V0Ij4NCiAgICAgICAgPGRpdiBpZD0iYnJvY2h1cmVzLWJsb2NrIj4NCiAgICAgICAgICA8ZGl2IGNsYXNzPSJsaXN0LWdyb3VwIG10LTMgbWItMyBtdC1sZy01IG1iLWxnLTUgZC1mbGV4ICI+DQogICAgICAgICAgICAgIDxhIGNsYXNzPSJsaXN0LWdyb3VwLWl0ZW0gbGlzdC1ncm91cC1pdGVtLWFjdGlvbiBkb3dubG9hZC1icm9jaHVyZXMgZC1mbGV4IGp1c3RpZnktY29udGVudC1iZXR3ZWVuIiBocmVmPSIvd3AtY29udGVudC91cGxvYWRzLzIwMjAvMDIvU3BlY1NoZWV0X1N1YkN0ZWNoX1N5c3RlYS1NaWNyb01hY19FTkcxLnBkZiI+DQogICAgICAgICAgICAgICAgPHNwYW4+RG93bmxvYWQgRGF0ZW5ibGF0dDwvc3Bhbj4NCiAgICAgICAgICAgICAgICA8aSBjbGFzcz0iZmxhdGljb24taGFuZG91dCI+PC9pPg0KICAgICAgICAgICAgICA8L2E+DQoNCjwvZGl2Pg0KPC9kaXY+DQo8L2Rpdj4=[\/vc_raw_html][vc_raw_html]CTxkaXYgY2xhc3M9ImJsb2NrIj4NCiAgICAgICAgICAgICAgPGRpdiBjbGFzcz0iY29udGFjdC1zZXJ2aWNlIj4NCiAgICAgICAgICAgICAgICA8aDM+RnJhZ2VuPzwvaDM+DQogICAgICAgICAgICAgICAgPHA+S29udGFrdGllcmVuIFNpZSB1bnMgZ2VybiAtIFNpZSBlcmhhbHRlbiBpbm5lcmhhbGIgdm9uIDEtMiBXZXJrdGFnZW4gZWluZSBSw7xja21lbGR1bmcuIEFsdGVybmF0aXYgcnVmZW4gU2llIHVucyBlaW5mYWNoIGFuISA8L3A+DQogICAgICAgICAgICAgICAgICAgICAgICAgICAgICAgIDxwPjxzcGFuIGNsYXNzPSJmb250LXdlaWdodC1ib2xkIj48aSBjbGFzcz0iZmEgZmEtcGhvbmUgZnctc2l6ZSIgYXJpYS1oaWRkZW49InRydWUiPjwvaT4gVGVsZWZvbjo8L3NwYW4+ICsoNDkpIDQzMS0yMjAzOS04ODA8L3A+DQogICAgICAgICAgICAgICAgICAgICAgICAgICAgICAgICA8cCBjbGFzcz0ibWItMCI+PHNwYW4gY2xhc3M9ImZvbnQtd2VpZ2h0LWJvbGQiPjxpIGNsYXNzPSJmYSBmYS1lbnZlbG9wZS1vIGZ3LXNpemUiIGFyaWEtaGlkZGVuPSJ0cnVlIj48L2k+IEUtTWFpbDo8L3NwYW4+IGluZm9Ac3ViY3RlY2guY29tPC9wPg0KICAgICAgICAgICAgICAgICAgICAgICAgICAgICAgPC9kaXY+DQogICAgICAgICAgICA8L2Rpdj4=[\/vc_raw_html][\/vc_column][vc_column width=&#8221;2\/3&#8243;][vc_single_image image=&#8221;4804&#8243; img_size=&#8221;full&#8221; css=&#8221;.vc_custom_1582539857188{margin-bottom: 30px !important;}&#8221;][vc_column_text css=&#8221;.vc_custom_1582538709392{margin-bottom: 10px !important;}&#8221;] N\u00e4hrstoffanalysatoren [\/vc_column_text][vc_column_text el_class=&#8221;wpb_text_column wpb_content_element&#8221;]SYSTEA (Italien) und SubCtech (Deutschland) bieten eine einzigartige Online-N\u00e4hrstoffmesstechnologie f\u00fcr die \u00dcberwachung von [&hellip;]","og_url":"https:\/\/subctech.com\/de\/ocean-monitoring\/sensoren\/naehrstoffanalysatoren\/","og_site_name":"SubCtech - Ocean Power &amp; Monitoring","article_modified_time":"2021-01-22T11:04:22+00:00","twitter_card":"summary_large_image","twitter_misc":{"Gesch\u00e4tzte Lesezeit":"2\u00a0Minuten"},"schema":{"@context":"https:\/\/schema.org","@graph":[{"@type":"WebPage","@id":"https:\/\/subctech.com\/de\/ocean-monitoring\/sensoren\/naehrstoffanalysatoren\/","url":"https:\/\/subctech.com\/de\/ocean-monitoring\/sensoren\/naehrstoffanalysatoren\/","name":"N\u00e4hrstoffanalysatoren - SubCtech - Ocean Power &amp; Monitoring","isPartOf":{"@id":"https:\/\/subctech.com\/de\/#website"},"datePublished":"2021-01-12T11:35:25+00:00","dateModified":"2021-01-22T11:04:22+00:00","breadcrumb":{"@id":"https:\/\/subctech.com\/de\/ocean-monitoring\/sensoren\/naehrstoffanalysatoren\/#breadcrumb"},"inLanguage":"de","potentialAction":[{"@type":"ReadAction","target":["https:\/\/subctech.com\/de\/ocean-monitoring\/sensoren\/naehrstoffanalysatoren\/"]}]},{"@type":"BreadcrumbList","@id":"https:\/\/subctech.com\/de\/ocean-monitoring\/sensoren\/naehrstoffanalysatoren\/#breadcrumb","itemListElement":[{"@type":"ListItem","position":1,"name":"Home","item":"https:\/\/subctech.com\/de\/"},{"@type":"ListItem","position":2,"name":"Ocean Monitoring","item":"https:\/\/subctech.com\/de\/ocean-monitoring\/"},{"@type":"ListItem","position":3,"name":"Sensoren","item":"https:\/\/subctech.com\/de\/ocean-monitoring\/sensoren\/"},{"@type":"ListItem","position":4,"name":"N\u00e4hrstoffanalysatoren"}]},{"@type":"WebSite","@id":"https:\/\/subctech.com\/de\/#website","url":"https:\/\/subctech.com\/de\/","name":"SubCtech - Ocean Power &amp; Monitoring","description":"Ocean engineering - from coast to deepsea","publisher":{"@id":"https:\/\/subctech.com\/de\/#organization"},"potentialAction":[{"@type":"SearchAction","target":{"@type":"EntryPoint","urlTemplate":"https:\/\/subctech.com\/de\/?s={search_term_string}"},"query-input":{"@type":"PropertyValueSpecification","valueRequired":true,"valueName":"search_term_string"}}],"inLanguage":"de"},{"@type":"Organization","@id":"https:\/\/subctech.com\/de\/#organization","name":"SubCtech - Ocean Power &amp; Monitoring","url":"https:\/\/subctech.com\/de\/","logo":{"@type":"ImageObject","inLanguage":"de","@id":"https:\/\/subctech.com\/de\/#\/schema\/logo\/image\/","url":"https:\/\/subctech.com\/wp-content\/uploads\/2025\/06\/cropped-Logo_SubCtech_blue-subtitle-web.png","contentUrl":"https:\/\/subctech.com\/wp-content\/uploads\/2025\/06\/cropped-Logo_SubCtech_blue-subtitle-web.png","width":245,"height":205,"caption":"SubCtech - Ocean Power &amp; Monitoring"},"image":{"@id":"https:\/\/subctech.com\/de\/#\/schema\/logo\/image\/"}}]}},"_links":{"self":[{"href":"https:\/\/subctech.com\/de\/wp-json\/wp\/v2\/pages\/4801","targetHints":{"allow":["GET"]}}],"collection":[{"href":"https:\/\/subctech.com\/de\/wp-json\/wp\/v2\/pages"}],"about":[{"href":"https:\/\/subctech.com\/de\/wp-json\/wp\/v2\/types\/page"}],"author":[{"embeddable":true,"href":"https:\/\/subctech.com\/de\/wp-json\/wp\/v2\/users\/1"}],"replies":[{"embeddable":true,"href":"https:\/\/subctech.com\/de\/wp-json\/wp\/v2\/comments?post=4801"}],"version-history":[{"count":7,"href":"https:\/\/subctech.com\/de\/wp-json\/wp\/v2\/pages\/4801\/revisions"}],"predecessor-version":[{"id":5385,"href":"https:\/\/subctech.com\/de\/wp-json\/wp\/v2\/pages\/4801\/revisions\/5385"}],"up":[{"embeddable":true,"href":"https:\/\/subctech.com\/de\/wp-json\/wp\/v2\/pages\/4723"}],"wp:attachment":[{"href":"https:\/\/subctech.com\/de\/wp-json\/wp\/v2\/media?parent=4801"}],"curies":[{"name":"wp","href":"https:\/\/api.w.org\/{rel}","templated":true}]}}