{"id":4842,"date":"2021-01-12T15:56:52","date_gmt":"2021-01-12T14:56:52","guid":{"rendered":"https:\/\/subctech.com\/ocean-monitoring\/systeme\/atmosphaere\/top-box\/"},"modified":"2021-01-22T12:27:40","modified_gmt":"2021-01-22T11:27:40","slug":"top-box","status":"publish","type":"page","link":"https:\/\/subctech.com\/de\/ocean-monitoring\/systeme\/atmosphaere\/top-box\/","title":{"rendered":"Top-Box\u2122"},"content":{"rendered":"<p>[vc_row css=&#8221;.vc_custom_1579785983161{margin-top: 60px !important;}&#8221;][vc_column width=&#8221;1\/3&#8243;][vc_raw_html]PGRpdiBpZD0ibWFya2V0X3Bvc3Rfd2lkZ2V0LTEiIGNsYXNzPSJkdXN0cmlhbF9tYXJrZXRfcnBfd2lkZ2V0IG1hcmtldC13aWRnZXQiPg0KPGRpdiBpZD0idGFiLWxpc3QtYmxvY2siPg0KPGRpdiBjbGFzcz0ibWFya2V0LWxpc3QtZ3JvdXAiPg0KPHVsPg0KIAk8bGk+PGEgY2xhc3M9ImFjdGl2ZSIgaHJlZj0iL2RlL29jZWFuLW1vbml0b3Jpbmcvc3lzdGVtZS9hdG1vc3BoYWVyZS90b3AtYm94LyI+VG9wLUJveOKEojwvYT48L2xpPg0KIAk8bGk+PGEgY2xhc3M9IiIgaHJlZj0iaHR0cHM6Ly9zdWJjdGVjaC5jb20vZGUvb2NlYW4tbW9uaXRvcmluZy9zeXN0ZW1lLyI+QWxsZSBTeXN0ZW1lPC9hPjwvbGk+DQo8L3VsPg0KPC9kaXY+DQo8L2Rpdj4NCjwvZGl2Pg==[\/vc_raw_html][vc_raw_html]PGRpdiBpZD0iZG93bmxvYWRfYnRuX3dpZGdldC0xIiBjbGFzcz0iZHVzdHJpYWxfbWFya2V0X3JwX3dpZGdldCBtYXJrZXQtd2lkZ2V0Ij4NCjxkaXYgaWQ9ImJyb2NodXJlcy1ibG9jayI+DQo8ZGl2IGNsYXNzPSJsaXN0LWdyb3VwIG10LTMgbWItMyBtdC1sZy01IG1iLWxnLTUgZC1mbGV4ICI+PGEgY2xhc3M9Imxpc3QtZ3JvdXAtaXRlbSBsaXN0LWdyb3VwLWl0ZW0tYWN0aW9uIGRvd25sb2FkLWJyb2NodXJlcyBkLWZsZXgganVzdGlmeS1jb250ZW50LWJldHdlZW4iIGhyZWY9Ii93cC1jb250ZW50L3VwbG9hZHMvMjAyMC8wMy9GbHllcl9PY2Vhbl9Nb25pdG9yaW5nLnBkZiI+DQpEb3dubG9hZCBGbHllcg0KPGkgY2xhc3M9ImZsYXRpY29uLWhhbmRvdXQiPjwvaT4NCjwvYT48L2Rpdj4NCjwhLS0gRW5kIGxpc3QgZ3JvdXAgLS0+DQoNCjwvZGl2Pg0KPC9kaXY+[\/vc_raw_html][vc_raw_html]PGRpdiBpZD0iZG93bmxvYWRfYnRuX3dpZGdldC0xIiBjbGFzcz0iZHVzdHJpYWxfbWFya2V0X3JwX3dpZGdldCBtYXJrZXQtd2lkZ2V0Ij4NCjxkaXYgaWQ9ImJyb2NodXJlcy1ibG9jayI+DQo8ZGl2IGNsYXNzPSJsaXN0LWdyb3VwIG10LTMgbWItMyBtdC1sZy01IG1iLWxnLTUgZC1mbGV4ICI+PGEgY2xhc3M9Imxpc3QtZ3JvdXAtaXRlbSBsaXN0LWdyb3VwLWl0ZW0tYWN0aW9uIGRvd25sb2FkLWJyb2NodXJlcyBkLWZsZXgganVzdGlmeS1jb250ZW50LWJldHdlZW4iIGhyZWY9Ii9kZS9hbmZyYWdlLW1vbml0b3JpbmciPg0KQW5mcmFnZQ0KPGkgY2xhc3M9ImZsYXRpY29uLW1hcHMtYW5kLWxvY2F0aW9uIj48L2k+DQo8L2E+PC9kaXY+DQo8IS0tIEVuZCBsaXN0IGdyb3VwIC0tPg0KDQo8L2Rpdj4NCjwvZGl2Pg==[\/vc_raw_html][vc_raw_html]CQ0KCTxkaXYgY2xhc3M9ImJsb2NrIj4NCiAgICAgICAgICAgICAgPGRpdiBjbGFzcz0iY29udGFjdC1zZXJ2aWNlIj4NCiAgICAgICAgICAgICAgICA8aDM+RnJhZ2VuPzwvaDM+DQogICAgICAgICAgICAgICAgPHA+S29udGFrdGllcmVuIFNpZSB1bnMgZ2VybiAtIFNpZSBlcmhhbHRlbiBpbm5lcmhhbGIgdm9uIDEtMiBXZXJrdGFnZW4gZWluZSBSw7xja21lbGR1bmcuIEFsdGVybmF0aXYgcnVmZW4gU2llIHVucyBlaW5mYWNoIGFuISA8L3A+DQogICAgICAgICAgICAgICAgICAgICAgICAgICAgICAgIDxwPjxzcGFuIGNsYXNzPSJmb250LXdlaWdodC1ib2xkIj48aSBjbGFzcz0iZmEgZmEtcGhvbmUgZnctc2l6ZSIgYXJpYS1oaWRkZW49InRydWUiPjwvaT4gVGVsZWZvbjo8L3NwYW4+ICsoNDkpIDQzMS0yMjAzOS04ODA8L3A+DQogICAgICAgICAgICAgICAgICAgICAgICAgICAgICAgICA8cCBjbGFzcz0ibWItMCI+PHNwYW4gY2xhc3M9ImZvbnQtd2VpZ2h0LWJvbGQiPjxpIGNsYXNzPSJmYSBmYS1lbnZlbG9wZS1vIGZ3LXNpemUiIGFyaWEtaGlkZGVuPSJ0cnVlIj48L2k+IEUtTWFpbDo8L3NwYW4+IGluZm9Ac3ViY3RlY2guY29tPC9wPg0KICAgICAgICAgICAgICAgICAgICAgICAgICAgICAgPC9kaXY+DQogICAgICAgICAgICA8L2Rpdj4=[\/vc_raw_html][\/vc_column][vc_column width=&#8221;2\/3&#8243;][vc_single_image image=&#8221;4861&#8243; img_size=&#8221;full&#8221; css=&#8221;.vc_custom_1582535898120{margin-bottom: 30px !important;}&#8221;][vc_column_text css=&#8221;.vc_custom_1582535221795{margin-bottom: 10px !important;}&#8221;]<\/p>\n<h1><em>p<\/em>CO<sub>2<\/sub> Top-Box\u2122<\/h1>\n<p>[\/vc_column_text][vc_column_text el_class=&#8221;wpb_text_column wpb_content_element&#8221;]Die Top-Box\u2122 wird in Kombination mit dem OceanPack\u2122 <em> Underway System &lt;\/ em&gt; verwendet, um Air-CO<sub>2 <\/sub> zu messen. Die Verbindung erfolgt \u00fcber eine Datenleitung \u00fcber das Schiffs-LAN, die serielle Verbindung oder das Funkger\u00e4t. Der problematische Luftkanal verzichtet. Beide Parameter <em> p &lt;\/ em&gt; CO<sub>2 <\/sub> f\u00fcr Luft und Wasser werden parallel gemessen.<\/em><\/em><\/p>\n<p>Die Top-Box\u2122 ist mit einem LI-COR\u00ae-Analysator f\u00fcr wissenschaftliche Zwecke ausgestattet. Der Analysator ist fertig installiert und konfiguriert. Zus\u00e4tzlich k\u00f6nnen externe Sondenk\u00f6pfe f\u00fcr meteorologische Daten oder ein vom Schiff autonomes GPS installiert werden. Die Top-Box\u2122 ist robust und wartungsfreundlich. Es wird erfolgreich in extrem rauer See und bei arktischen Temperaturen von bis zu -40\u00b0C eingesetzt.[\/vc_column_text][vc_empty_space][vc_column_text]F\u00fcr detaillierte Infos (u.a. Produktvarianten, Zubeh\u00f6r, Anwendungsf\u00e4lle und Leistungsdaten) besuchen Sie bitte unsere <a href=\"https:\/\/subctech.com\/ocean-monitoring\/systems\/atmosphere\/top-box\/\">Englische Version.<\/a>[\/vc_column_text][\/vc_column][\/vc_row]<\/p>\n","protected":false},"excerpt":{"rendered":"<p>[vc_row css=&#8221;.vc_custom_1579785983161{margin-top: 60px !important;}&#8221;][vc_column width=&#8221;1\/3&#8243;][vc_raw_html]PGRpdiBpZD0ibWFya2V0X3Bvc3Rfd2lkZ2V0LTEiIGNsYXNzPSJkdXN0cmlhbF9tYXJrZXRfcnBfd2lkZ2V0IG1hcmtldC13aWRnZXQiPg0KPGRpdiBpZD0idGFiLWxpc3QtYmxvY2siPg0KPGRpdiBjbGFzcz0ibWFya2V0LWxpc3QtZ3JvdXAiPg0KPHVsPg0KIAk8bGk+PGEgY2xhc3M9ImFjdGl2ZSIgaHJlZj0iL2RlL29jZWFuLW1vbml0b3Jpbmcvc3lzdGVtZS9hdG1vc3BoYWVyZS90b3AtYm94LyI+VG9wLUJveOKEojwvYT48L2xpPg0KIAk8bGk+PGEgY2xhc3M9IiIgaHJlZj0iaHR0cHM6Ly9zdWJjdGVjaC5jb20vZGUvb2NlYW4tbW9uaXRvcmluZy9zeXN0ZW1lLyI+QWxsZSBTeXN0ZW1lPC9hPjwvbGk+DQo8L3VsPg0KPC9kaXY+DQo8L2Rpdj4NCjwvZGl2Pg==[\/vc_raw_html][vc_raw_html]PGRpdiBpZD0iZG93bmxvYWRfYnRuX3dpZGdldC0xIiBjbGFzcz0iZHVzdHJpYWxfbWFya2V0X3JwX3dpZGdldCBtYXJrZXQtd2lkZ2V0Ij4NCjxkaXYgaWQ9ImJyb2NodXJlcy1ibG9jayI+DQo8ZGl2IGNsYXNzPSJsaXN0LWdyb3VwIG10LTMgbWItMyBtdC1sZy01IG1iLWxnLTUgZC1mbGV4ICI+PGEgY2xhc3M9Imxpc3QtZ3JvdXAtaXRlbSBsaXN0LWdyb3VwLWl0ZW0tYWN0aW9uIGRvd25sb2FkLWJyb2NodXJlcyBkLWZsZXgganVzdGlmeS1jb250ZW50LWJldHdlZW4iIGhyZWY9Ii93cC1jb250ZW50L3VwbG9hZHMvMjAyMC8wMy9GbHllcl9PY2Vhbl9Nb25pdG9yaW5nLnBkZiI+DQpEb3dubG9hZCBGbHllcg0KPGkgY2xhc3M9ImZsYXRpY29uLWhhbmRvdXQiPjwvaT4NCjwvYT48L2Rpdj4NCjwhLS0gRW5kIGxpc3QgZ3JvdXAgLS0+DQoNCjwvZGl2Pg0KPC9kaXY+[\/vc_raw_html][vc_raw_html]PGRpdiBpZD0iZG93bmxvYWRfYnRuX3dpZGdldC0xIiBjbGFzcz0iZHVzdHJpYWxfbWFya2V0X3JwX3dpZGdldCBtYXJrZXQtd2lkZ2V0Ij4NCjxkaXYgaWQ9ImJyb2NodXJlcy1ibG9jayI+DQo8ZGl2IGNsYXNzPSJsaXN0LWdyb3VwIG10LTMgbWItMyBtdC1sZy01IG1iLWxnLTUgZC1mbGV4ICI+PGEgY2xhc3M9Imxpc3QtZ3JvdXAtaXRlbSBsaXN0LWdyb3VwLWl0ZW0tYWN0aW9uIGRvd25sb2FkLWJyb2NodXJlcyBkLWZsZXgganVzdGlmeS1jb250ZW50LWJldHdlZW4iIGhyZWY9Ii9kZS9hbmZyYWdlLW1vbml0b3JpbmciPg0KQW5mcmFnZQ0KPGkgY2xhc3M9ImZsYXRpY29uLW1hcHMtYW5kLWxvY2F0aW9uIj48L2k+DQo8L2E+PC9kaXY+DQo8IS0tIEVuZCBsaXN0IGdyb3VwIC0tPg0KDQo8L2Rpdj4NCjwvZGl2Pg==[\/vc_raw_html][vc_raw_html]CQ0KCTxkaXYgY2xhc3M9ImJsb2NrIj4NCiAgICAgICAgICAgICAgPGRpdiBjbGFzcz0iY29udGFjdC1zZXJ2aWNlIj4NCiAgICAgICAgICAgICAgICA8aDM+RnJhZ2VuPzwvaDM+DQogICAgICAgICAgICAgICAgPHA+S29udGFrdGllcmVuIFNpZSB1bnMgZ2VybiAtIFNpZSBlcmhhbHRlbiBpbm5lcmhhbGIgdm9uIDEtMiBXZXJrdGFnZW4gZWluZSBSw7xja21lbGR1bmcuIEFsdGVybmF0aXYgcnVmZW4gU2llIHVucyBlaW5mYWNoIGFuISA8L3A+DQogICAgICAgICAgICAgICAgICAgICAgICAgICAgICAgIDxwPjxzcGFuIGNsYXNzPSJmb250LXdlaWdodC1ib2xkIj48aSBjbGFzcz0iZmEgZmEtcGhvbmUgZnctc2l6ZSIgYXJpYS1oaWRkZW49InRydWUiPjwvaT4gVGVsZWZvbjo8L3NwYW4+ICsoNDkpIDQzMS0yMjAzOS04ODA8L3A+DQogICAgICAgICAgICAgICAgICAgICAgICAgICAgICAgICA8cCBjbGFzcz0ibWItMCI+PHNwYW4gY2xhc3M9ImZvbnQtd2VpZ2h0LWJvbGQiPjxpIGNsYXNzPSJmYSBmYS1lbnZlbG9wZS1vIGZ3LXNpemUiIGFyaWEtaGlkZGVuPSJ0cnVlIj48L2k+IEUtTWFpbDo8L3NwYW4+IGluZm9Ac3ViY3RlY2guY29tPC9wPg0KICAgICAgICAgICAgICAgICAgICAgICAgICAgICAgPC9kaXY+DQogICAgICAgICAgICA8L2Rpdj4=[\/vc_raw_html][\/vc_column][vc_column width=&#8221;2\/3&#8243;][vc_single_image image=&#8221;4861&#8243; img_size=&#8221;full&#8221; css=&#8221;.vc_custom_1582535898120{margin-bottom: 30px !important;}&#8221;][vc_column_text css=&#8221;.vc_custom_1582535221795{margin-bottom: 10px !important;}&#8221;] pCO2 Top-Box\u2122 [\/vc_column_text][vc_column_text el_class=&#8221;wpb_text_column wpb_content_element&#8221;]Die Top-Box\u2122 wird in Kombination mit dem OceanPack\u2122 Underway System &lt;\/ em&gt; [&hellip;]<\/p>\n","protected":false},"author":1,"featured_media":0,"parent":4726,"menu_order":1,"comment_status":"closed","ping_status":"closed","template":"page-template\/blank-page-sidebar.php","meta":{"footnotes":""},"class_list":["post-4842","page","type-page","status-publish","hentry"],"yoast_head":"<!-- This site is optimized with the Yoast SEO plugin v27.3 - https:\/\/yoast.com\/product\/yoast-seo-wordpress\/ -->\n<title>Top-Box\u2122 - SubCtech - Ocean Power &amp; Monitoring<\/title>\n<meta name=\"robots\" content=\"index, follow, max-snippet:-1, max-image-preview:large, max-video-preview:-1\" \/>\n<link rel=\"canonical\" href=\"https:\/\/subctech.com\/de\/ocean-monitoring\/systeme\/atmosphaere\/top-box\/\" \/>\n<meta property=\"og:locale\" content=\"de_DE\" \/>\n<meta property=\"og:type\" content=\"article\" \/>\n<meta property=\"og:title\" content=\"Top-Box\u2122 - SubCtech - Ocean Power &amp; Monitoring\" \/>\n<meta property=\"og:description\" content=\"[vc_row css=&#8221;.vc_custom_1579785983161{margin-top: 60px !important;}&#8221;][vc_column width=&#8221;1\/3&#8243;][vc_raw_html]PGRpdiBpZD0ibWFya2V0X3Bvc3Rfd2lkZ2V0LTEiIGNsYXNzPSJkdXN0cmlhbF9tYXJrZXRfcnBfd2lkZ2V0IG1hcmtldC13aWRnZXQiPg0KPGRpdiBpZD0idGFiLWxpc3QtYmxvY2siPg0KPGRpdiBjbGFzcz0ibWFya2V0LWxpc3QtZ3JvdXAiPg0KPHVsPg0KIAk8bGk+PGEgY2xhc3M9ImFjdGl2ZSIgaHJlZj0iL2RlL29jZWFuLW1vbml0b3Jpbmcvc3lzdGVtZS9hdG1vc3BoYWVyZS90b3AtYm94LyI+VG9wLUJveOKEojwvYT48L2xpPg0KIAk8bGk+PGEgY2xhc3M9IiIgaHJlZj0iaHR0cHM6Ly9zdWJjdGVjaC5jb20vZGUvb2NlYW4tbW9uaXRvcmluZy9zeXN0ZW1lLyI+QWxsZSBTeXN0ZW1lPC9hPjwvbGk+DQo8L3VsPg0KPC9kaXY+DQo8L2Rpdj4NCjwvZGl2Pg==[\/vc_raw_html][vc_raw_html]PGRpdiBpZD0iZG93bmxvYWRfYnRuX3dpZGdldC0xIiBjbGFzcz0iZHVzdHJpYWxfbWFya2V0X3JwX3dpZGdldCBtYXJrZXQtd2lkZ2V0Ij4NCjxkaXYgaWQ9ImJyb2NodXJlcy1ibG9jayI+DQo8ZGl2IGNsYXNzPSJsaXN0LWdyb3VwIG10LTMgbWItMyBtdC1sZy01IG1iLWxnLTUgZC1mbGV4ICI+PGEgY2xhc3M9Imxpc3QtZ3JvdXAtaXRlbSBsaXN0LWdyb3VwLWl0ZW0tYWN0aW9uIGRvd25sb2FkLWJyb2NodXJlcyBkLWZsZXgganVzdGlmeS1jb250ZW50LWJldHdlZW4iIGhyZWY9Ii93cC1jb250ZW50L3VwbG9hZHMvMjAyMC8wMy9GbHllcl9PY2Vhbl9Nb25pdG9yaW5nLnBkZiI+DQpEb3dubG9hZCBGbHllcg0KPGkgY2xhc3M9ImZsYXRpY29uLWhhbmRvdXQiPjwvaT4NCjwvYT48L2Rpdj4NCjwhLS0gRW5kIGxpc3QgZ3JvdXAgLS0+DQoNCjwvZGl2Pg0KPC9kaXY+[\/vc_raw_html][vc_raw_html]PGRpdiBpZD0iZG93bmxvYWRfYnRuX3dpZGdldC0xIiBjbGFzcz0iZHVzdHJpYWxfbWFya2V0X3JwX3dpZGdldCBtYXJrZXQtd2lkZ2V0Ij4NCjxkaXYgaWQ9ImJyb2NodXJlcy1ibG9jayI+DQo8ZGl2IGNsYXNzPSJsaXN0LWdyb3VwIG10LTMgbWItMyBtdC1sZy01IG1iLWxnLTUgZC1mbGV4ICI+PGEgY2xhc3M9Imxpc3QtZ3JvdXAtaXRlbSBsaXN0LWdyb3VwLWl0ZW0tYWN0aW9uIGRvd25sb2FkLWJyb2NodXJlcyBkLWZsZXgganVzdGlmeS1jb250ZW50LWJldHdlZW4iIGhyZWY9Ii9kZS9hbmZyYWdlLW1vbml0b3JpbmciPg0KQW5mcmFnZQ0KPGkgY2xhc3M9ImZsYXRpY29uLW1hcHMtYW5kLWxvY2F0aW9uIj48L2k+DQo8L2E+PC9kaXY+DQo8IS0tIEVuZCBsaXN0IGdyb3VwIC0tPg0KDQo8L2Rpdj4NCjwvZGl2Pg==[\/vc_raw_html][vc_raw_html]CQ0KCTxkaXYgY2xhc3M9ImJsb2NrIj4NCiAgICAgICAgICAgICAgPGRpdiBjbGFzcz0iY29udGFjdC1zZXJ2aWNlIj4NCiAgICAgICAgICAgICAgICA8aDM+RnJhZ2VuPzwvaDM+DQogICAgICAgICAgICAgICAgPHA+S29udGFrdGllcmVuIFNpZSB1bnMgZ2VybiAtIFNpZSBlcmhhbHRlbiBpbm5lcmhhbGIgdm9uIDEtMiBXZXJrdGFnZW4gZWluZSBSw7xja21lbGR1bmcuIEFsdGVybmF0aXYgcnVmZW4gU2llIHVucyBlaW5mYWNoIGFuISA8L3A+DQogICAgICAgICAgICAgICAgICAgICAgICAgICAgICAgIDxwPjxzcGFuIGNsYXNzPSJmb250LXdlaWdodC1ib2xkIj48aSBjbGFzcz0iZmEgZmEtcGhvbmUgZnctc2l6ZSIgYXJpYS1oaWRkZW49InRydWUiPjwvaT4gVGVsZWZvbjo8L3NwYW4+ICsoNDkpIDQzMS0yMjAzOS04ODA8L3A+DQogICAgICAgICAgICAgICAgICAgICAgICAgICAgICAgICA8cCBjbGFzcz0ibWItMCI+PHNwYW4gY2xhc3M9ImZvbnQtd2VpZ2h0LWJvbGQiPjxpIGNsYXNzPSJmYSBmYS1lbnZlbG9wZS1vIGZ3LXNpemUiIGFyaWEtaGlkZGVuPSJ0cnVlIj48L2k+IEUtTWFpbDo8L3NwYW4+IGluZm9Ac3ViY3RlY2guY29tPC9wPg0KICAgICAgICAgICAgICAgICAgICAgICAgICAgICAgPC9kaXY+DQogICAgICAgICAgICA8L2Rpdj4=[\/vc_raw_html][\/vc_column][vc_column width=&#8221;2\/3&#8243;][vc_single_image image=&#8221;4861&#8243; img_size=&#8221;full&#8221; css=&#8221;.vc_custom_1582535898120{margin-bottom: 30px !important;}&#8221;][vc_column_text css=&#8221;.vc_custom_1582535221795{margin-bottom: 10px !important;}&#8221;] pCO2 Top-Box\u2122 [\/vc_column_text][vc_column_text el_class=&#8221;wpb_text_column wpb_content_element&#8221;]Die Top-Box\u2122 wird in Kombination mit dem OceanPack\u2122 Underway System &lt;\/ em&gt; [&hellip;]\" \/>\n<meta property=\"og:url\" content=\"https:\/\/subctech.com\/de\/ocean-monitoring\/systeme\/atmosphaere\/top-box\/\" \/>\n<meta property=\"og:site_name\" content=\"SubCtech - Ocean Power &amp; Monitoring\" \/>\n<meta property=\"article:modified_time\" content=\"2021-01-22T11:27:40+00:00\" \/>\n<meta name=\"twitter:card\" content=\"summary_large_image\" \/>\n<meta name=\"twitter:label1\" content=\"Gesch\u00e4tzte Lesezeit\" \/>\n\t<meta name=\"twitter:data1\" content=\"3\u00a0Minuten\" \/>\n<script type=\"application\/ld+json\" class=\"yoast-schema-graph\">{\"@context\":\"https:\\\/\\\/schema.org\",\"@graph\":[{\"@type\":\"WebPage\",\"@id\":\"https:\\\/\\\/subctech.com\\\/de\\\/ocean-monitoring\\\/systeme\\\/atmosphaere\\\/top-box\\\/\",\"url\":\"https:\\\/\\\/subctech.com\\\/de\\\/ocean-monitoring\\\/systeme\\\/atmosphaere\\\/top-box\\\/\",\"name\":\"Top-Box\u2122 - SubCtech - Ocean Power &amp; Monitoring\",\"isPartOf\":{\"@id\":\"https:\\\/\\\/subctech.com\\\/de\\\/#website\"},\"datePublished\":\"2021-01-12T14:56:52+00:00\",\"dateModified\":\"2021-01-22T11:27:40+00:00\",\"breadcrumb\":{\"@id\":\"https:\\\/\\\/subctech.com\\\/de\\\/ocean-monitoring\\\/systeme\\\/atmosphaere\\\/top-box\\\/#breadcrumb\"},\"inLanguage\":\"de\",\"potentialAction\":[{\"@type\":\"ReadAction\",\"target\":[\"https:\\\/\\\/subctech.com\\\/de\\\/ocean-monitoring\\\/systeme\\\/atmosphaere\\\/top-box\\\/\"]}]},{\"@type\":\"BreadcrumbList\",\"@id\":\"https:\\\/\\\/subctech.com\\\/de\\\/ocean-monitoring\\\/systeme\\\/atmosphaere\\\/top-box\\\/#breadcrumb\",\"itemListElement\":[{\"@type\":\"ListItem\",\"position\":1,\"name\":\"Home\",\"item\":\"https:\\\/\\\/subctech.com\\\/de\\\/\"},{\"@type\":\"ListItem\",\"position\":2,\"name\":\"Ocean Monitoring\",\"item\":\"https:\\\/\\\/subctech.com\\\/de\\\/ocean-monitoring\\\/\"},{\"@type\":\"ListItem\",\"position\":3,\"name\":\"Systeme\",\"item\":\"https:\\\/\\\/subctech.com\\\/de\\\/ocean-monitoring\\\/systeme\\\/\"},{\"@type\":\"ListItem\",\"position\":4,\"name\":\"Atmosph\u00e4re\",\"item\":\"https:\\\/\\\/subctech.com\\\/de\\\/ocean-monitoring\\\/systeme\\\/atmosphaere\\\/\"},{\"@type\":\"ListItem\",\"position\":5,\"name\":\"Top-Box\u2122\"}]},{\"@type\":\"WebSite\",\"@id\":\"https:\\\/\\\/subctech.com\\\/de\\\/#website\",\"url\":\"https:\\\/\\\/subctech.com\\\/de\\\/\",\"name\":\"SubCtech - Ocean Power &amp; Monitoring\",\"description\":\"Ocean engineering - from coast to deepsea\",\"publisher\":{\"@id\":\"https:\\\/\\\/subctech.com\\\/de\\\/#organization\"},\"potentialAction\":[{\"@type\":\"SearchAction\",\"target\":{\"@type\":\"EntryPoint\",\"urlTemplate\":\"https:\\\/\\\/subctech.com\\\/de\\\/?s={search_term_string}\"},\"query-input\":{\"@type\":\"PropertyValueSpecification\",\"valueRequired\":true,\"valueName\":\"search_term_string\"}}],\"inLanguage\":\"de\"},{\"@type\":\"Organization\",\"@id\":\"https:\\\/\\\/subctech.com\\\/de\\\/#organization\",\"name\":\"SubCtech - Ocean Power &amp; Monitoring\",\"url\":\"https:\\\/\\\/subctech.com\\\/de\\\/\",\"logo\":{\"@type\":\"ImageObject\",\"inLanguage\":\"de\",\"@id\":\"https:\\\/\\\/subctech.com\\\/de\\\/#\\\/schema\\\/logo\\\/image\\\/\",\"url\":\"https:\\\/\\\/subctech.com\\\/wp-content\\\/uploads\\\/2025\\\/06\\\/cropped-Logo_SubCtech_blue-subtitle-web.png\",\"contentUrl\":\"https:\\\/\\\/subctech.com\\\/wp-content\\\/uploads\\\/2025\\\/06\\\/cropped-Logo_SubCtech_blue-subtitle-web.png\",\"width\":245,\"height\":205,\"caption\":\"SubCtech - Ocean Power &amp; Monitoring\"},\"image\":{\"@id\":\"https:\\\/\\\/subctech.com\\\/de\\\/#\\\/schema\\\/logo\\\/image\\\/\"}}]}<\/script>\n<!-- \/ Yoast SEO plugin. -->","yoast_head_json":{"title":"Top-Box\u2122 - SubCtech - Ocean Power &amp; Monitoring","robots":{"index":"index","follow":"follow","max-snippet":"max-snippet:-1","max-image-preview":"max-image-preview:large","max-video-preview":"max-video-preview:-1"},"canonical":"https:\/\/subctech.com\/de\/ocean-monitoring\/systeme\/atmosphaere\/top-box\/","og_locale":"de_DE","og_type":"article","og_title":"Top-Box\u2122 - SubCtech - Ocean Power &amp; Monitoring","og_description":"[vc_row css=&#8221;.vc_custom_1579785983161{margin-top: 60px !important;}&#8221;][vc_column width=&#8221;1\/3&#8243;][vc_raw_html]PGRpdiBpZD0ibWFya2V0X3Bvc3Rfd2lkZ2V0LTEiIGNsYXNzPSJkdXN0cmlhbF9tYXJrZXRfcnBfd2lkZ2V0IG1hcmtldC13aWRnZXQiPg0KPGRpdiBpZD0idGFiLWxpc3QtYmxvY2siPg0KPGRpdiBjbGFzcz0ibWFya2V0LWxpc3QtZ3JvdXAiPg0KPHVsPg0KIAk8bGk+PGEgY2xhc3M9ImFjdGl2ZSIgaHJlZj0iL2RlL29jZWFuLW1vbml0b3Jpbmcvc3lzdGVtZS9hdG1vc3BoYWVyZS90b3AtYm94LyI+VG9wLUJveOKEojwvYT48L2xpPg0KIAk8bGk+PGEgY2xhc3M9IiIgaHJlZj0iaHR0cHM6Ly9zdWJjdGVjaC5jb20vZGUvb2NlYW4tbW9uaXRvcmluZy9zeXN0ZW1lLyI+QWxsZSBTeXN0ZW1lPC9hPjwvbGk+DQo8L3VsPg0KPC9kaXY+DQo8L2Rpdj4NCjwvZGl2Pg==[\/vc_raw_html][vc_raw_html]PGRpdiBpZD0iZG93bmxvYWRfYnRuX3dpZGdldC0xIiBjbGFzcz0iZHVzdHJpYWxfbWFya2V0X3JwX3dpZGdldCBtYXJrZXQtd2lkZ2V0Ij4NCjxkaXYgaWQ9ImJyb2NodXJlcy1ibG9jayI+DQo8ZGl2IGNsYXNzPSJsaXN0LWdyb3VwIG10LTMgbWItMyBtdC1sZy01IG1iLWxnLTUgZC1mbGV4ICI+PGEgY2xhc3M9Imxpc3QtZ3JvdXAtaXRlbSBsaXN0LWdyb3VwLWl0ZW0tYWN0aW9uIGRvd25sb2FkLWJyb2NodXJlcyBkLWZsZXgganVzdGlmeS1jb250ZW50LWJldHdlZW4iIGhyZWY9Ii93cC1jb250ZW50L3VwbG9hZHMvMjAyMC8wMy9GbHllcl9PY2Vhbl9Nb25pdG9yaW5nLnBkZiI+DQpEb3dubG9hZCBGbHllcg0KPGkgY2xhc3M9ImZsYXRpY29uLWhhbmRvdXQiPjwvaT4NCjwvYT48L2Rpdj4NCjwhLS0gRW5kIGxpc3QgZ3JvdXAgLS0+DQoNCjwvZGl2Pg0KPC9kaXY+[\/vc_raw_html][vc_raw_html]PGRpdiBpZD0iZG93bmxvYWRfYnRuX3dpZGdldC0xIiBjbGFzcz0iZHVzdHJpYWxfbWFya2V0X3JwX3dpZGdldCBtYXJrZXQtd2lkZ2V0Ij4NCjxkaXYgaWQ9ImJyb2NodXJlcy1ibG9jayI+DQo8ZGl2IGNsYXNzPSJsaXN0LWdyb3VwIG10LTMgbWItMyBtdC1sZy01IG1iLWxnLTUgZC1mbGV4ICI+PGEgY2xhc3M9Imxpc3QtZ3JvdXAtaXRlbSBsaXN0LWdyb3VwLWl0ZW0tYWN0aW9uIGRvd25sb2FkLWJyb2NodXJlcyBkLWZsZXgganVzdGlmeS1jb250ZW50LWJldHdlZW4iIGhyZWY9Ii9kZS9hbmZyYWdlLW1vbml0b3JpbmciPg0KQW5mcmFnZQ0KPGkgY2xhc3M9ImZsYXRpY29uLW1hcHMtYW5kLWxvY2F0aW9uIj48L2k+DQo8L2E+PC9kaXY+DQo8IS0tIEVuZCBsaXN0IGdyb3VwIC0tPg0KDQo8L2Rpdj4NCjwvZGl2Pg==[\/vc_raw_html][vc_raw_html]CQ0KCTxkaXYgY2xhc3M9ImJsb2NrIj4NCiAgICAgICAgICAgICAgPGRpdiBjbGFzcz0iY29udGFjdC1zZXJ2aWNlIj4NCiAgICAgICAgICAgICAgICA8aDM+RnJhZ2VuPzwvaDM+DQogICAgICAgICAgICAgICAgPHA+S29udGFrdGllcmVuIFNpZSB1bnMgZ2VybiAtIFNpZSBlcmhhbHRlbiBpbm5lcmhhbGIgdm9uIDEtMiBXZXJrdGFnZW4gZWluZSBSw7xja21lbGR1bmcuIEFsdGVybmF0aXYgcnVmZW4gU2llIHVucyBlaW5mYWNoIGFuISA8L3A+DQogICAgICAgICAgICAgICAgICAgICAgICAgICAgICAgIDxwPjxzcGFuIGNsYXNzPSJmb250LXdlaWdodC1ib2xkIj48aSBjbGFzcz0iZmEgZmEtcGhvbmUgZnctc2l6ZSIgYXJpYS1oaWRkZW49InRydWUiPjwvaT4gVGVsZWZvbjo8L3NwYW4+ICsoNDkpIDQzMS0yMjAzOS04ODA8L3A+DQogICAgICAgICAgICAgICAgICAgICAgICAgICAgICAgICA8cCBjbGFzcz0ibWItMCI+PHNwYW4gY2xhc3M9ImZvbnQtd2VpZ2h0LWJvbGQiPjxpIGNsYXNzPSJmYSBmYS1lbnZlbG9wZS1vIGZ3LXNpemUiIGFyaWEtaGlkZGVuPSJ0cnVlIj48L2k+IEUtTWFpbDo8L3NwYW4+IGluZm9Ac3ViY3RlY2guY29tPC9wPg0KICAgICAgICAgICAgICAgICAgICAgICAgICAgICAgPC9kaXY+DQogICAgICAgICAgICA8L2Rpdj4=[\/vc_raw_html][\/vc_column][vc_column width=&#8221;2\/3&#8243;][vc_single_image image=&#8221;4861&#8243; img_size=&#8221;full&#8221; css=&#8221;.vc_custom_1582535898120{margin-bottom: 30px !important;}&#8221;][vc_column_text css=&#8221;.vc_custom_1582535221795{margin-bottom: 10px !important;}&#8221;] pCO2 Top-Box\u2122 [\/vc_column_text][vc_column_text el_class=&#8221;wpb_text_column wpb_content_element&#8221;]Die Top-Box\u2122 wird in Kombination mit dem OceanPack\u2122 Underway System &lt;\/ em&gt; [&hellip;]","og_url":"https:\/\/subctech.com\/de\/ocean-monitoring\/systeme\/atmosphaere\/top-box\/","og_site_name":"SubCtech - Ocean Power &amp; Monitoring","article_modified_time":"2021-01-22T11:27:40+00:00","twitter_card":"summary_large_image","twitter_misc":{"Gesch\u00e4tzte Lesezeit":"3\u00a0Minuten"},"schema":{"@context":"https:\/\/schema.org","@graph":[{"@type":"WebPage","@id":"https:\/\/subctech.com\/de\/ocean-monitoring\/systeme\/atmosphaere\/top-box\/","url":"https:\/\/subctech.com\/de\/ocean-monitoring\/systeme\/atmosphaere\/top-box\/","name":"Top-Box\u2122 - SubCtech - Ocean Power &amp; Monitoring","isPartOf":{"@id":"https:\/\/subctech.com\/de\/#website"},"datePublished":"2021-01-12T14:56:52+00:00","dateModified":"2021-01-22T11:27:40+00:00","breadcrumb":{"@id":"https:\/\/subctech.com\/de\/ocean-monitoring\/systeme\/atmosphaere\/top-box\/#breadcrumb"},"inLanguage":"de","potentialAction":[{"@type":"ReadAction","target":["https:\/\/subctech.com\/de\/ocean-monitoring\/systeme\/atmosphaere\/top-box\/"]}]},{"@type":"BreadcrumbList","@id":"https:\/\/subctech.com\/de\/ocean-monitoring\/systeme\/atmosphaere\/top-box\/#breadcrumb","itemListElement":[{"@type":"ListItem","position":1,"name":"Home","item":"https:\/\/subctech.com\/de\/"},{"@type":"ListItem","position":2,"name":"Ocean Monitoring","item":"https:\/\/subctech.com\/de\/ocean-monitoring\/"},{"@type":"ListItem","position":3,"name":"Systeme","item":"https:\/\/subctech.com\/de\/ocean-monitoring\/systeme\/"},{"@type":"ListItem","position":4,"name":"Atmosph\u00e4re","item":"https:\/\/subctech.com\/de\/ocean-monitoring\/systeme\/atmosphaere\/"},{"@type":"ListItem","position":5,"name":"Top-Box\u2122"}]},{"@type":"WebSite","@id":"https:\/\/subctech.com\/de\/#website","url":"https:\/\/subctech.com\/de\/","name":"SubCtech - Ocean Power &amp; Monitoring","description":"Ocean engineering - from coast to deepsea","publisher":{"@id":"https:\/\/subctech.com\/de\/#organization"},"potentialAction":[{"@type":"SearchAction","target":{"@type":"EntryPoint","urlTemplate":"https:\/\/subctech.com\/de\/?s={search_term_string}"},"query-input":{"@type":"PropertyValueSpecification","valueRequired":true,"valueName":"search_term_string"}}],"inLanguage":"de"},{"@type":"Organization","@id":"https:\/\/subctech.com\/de\/#organization","name":"SubCtech - Ocean Power &amp; Monitoring","url":"https:\/\/subctech.com\/de\/","logo":{"@type":"ImageObject","inLanguage":"de","@id":"https:\/\/subctech.com\/de\/#\/schema\/logo\/image\/","url":"https:\/\/subctech.com\/wp-content\/uploads\/2025\/06\/cropped-Logo_SubCtech_blue-subtitle-web.png","contentUrl":"https:\/\/subctech.com\/wp-content\/uploads\/2025\/06\/cropped-Logo_SubCtech_blue-subtitle-web.png","width":245,"height":205,"caption":"SubCtech - Ocean Power &amp; Monitoring"},"image":{"@id":"https:\/\/subctech.com\/de\/#\/schema\/logo\/image\/"}}]}},"_links":{"self":[{"href":"https:\/\/subctech.com\/de\/wp-json\/wp\/v2\/pages\/4842","targetHints":{"allow":["GET"]}}],"collection":[{"href":"https:\/\/subctech.com\/de\/wp-json\/wp\/v2\/pages"}],"about":[{"href":"https:\/\/subctech.com\/de\/wp-json\/wp\/v2\/types\/page"}],"author":[{"embeddable":true,"href":"https:\/\/subctech.com\/de\/wp-json\/wp\/v2\/users\/1"}],"replies":[{"embeddable":true,"href":"https:\/\/subctech.com\/de\/wp-json\/wp\/v2\/comments?post=4842"}],"version-history":[{"count":5,"href":"https:\/\/subctech.com\/de\/wp-json\/wp\/v2\/pages\/4842\/revisions"}],"predecessor-version":[{"id":5421,"href":"https:\/\/subctech.com\/de\/wp-json\/wp\/v2\/pages\/4842\/revisions\/5421"}],"up":[{"embeddable":true,"href":"https:\/\/subctech.com\/de\/wp-json\/wp\/v2\/pages\/4726"}],"wp:attachment":[{"href":"https:\/\/subctech.com\/de\/wp-json\/wp\/v2\/media?parent=4842"}],"curies":[{"name":"wp","href":"https:\/\/api.w.org\/{rel}","templated":true}]}}