{"id":4848,"date":"2021-01-12T16:12:08","date_gmt":"2021-01-12T15:12:08","guid":{"rendered":"https:\/\/subctech.com\/ocean-monitoring\/systeme\/oberflaeche\/oceanview-software\/"},"modified":"2021-01-22T12:27:18","modified_gmt":"2021-01-22T11:27:18","slug":"oceanview-software","status":"publish","type":"page","link":"https:\/\/subctech.com\/de\/ocean-monitoring\/systeme\/oberflaeche\/oceanview-software\/","title":{"rendered":"OceanView\u2122 Software"},"content":{"rendered":"<p>[vc_row css=&#8221;.vc_custom_1579785983161{margin-top: 60px !important;}&#8221;][vc_column width=&#8221;1\/3&#8243;][vc_raw_html]PGRpdiBpZD0ibWFya2V0X3Bvc3Rfd2lkZ2V0LTEiIGNsYXNzPSJkdXN0cmlhbF9tYXJrZXRfcnBfd2lkZ2V0IG1hcmtldC13aWRnZXQiPiAgICAgIDxkaXYgaWQ9InRhYi1saXN0LWJsb2NrIj4NCiAgICAgICAgPGRpdiBjbGFzcz0ibWFya2V0LWxpc3QtZ3JvdXAiPg0KICAgICAgICAgICAgICA8dWw+DQogICAgICAgICAgICAgICAgICAgDQogICAgICAgICAgPGxpPjxhIGNsYXNzPSJhY3RpdmUiIGhyZWY9Ii9kZS9vY2Vhbi1tb25pdG9yaW5nL3N5c3RlbWUvb2JlcmZsYWVjaGUvb2NlYW52aWV3LyI+T2NlYW5WaWV34oSiIFNvZnR3YXJlPC9hPjwvbGk+DQogICAgICAgICAgPGxpPjxhIGNsYXNzPSIiIGhyZWY9Ii9kZS9vY2Vhbi1tb25pdG9yaW5nL3N5c3RlbWUvIj5TeXN0ZW1lPC9hPjwvbGk+DQogICAgICAgICAgICAgDQogICAgICAgICAgICAgICAgICAgDQogICAgICAgICAgPGxpPjxhIGNsYXNzPSIiIGhyZWY9Ii9kZS9vY2Vhbi1tb25pdG9yaW5nL3NlbnNvcmVuLyI+U2Vuc29yZW48L2E+PC9saT4NCiAgICAgICAgICAgICANCiAgICAgICAgICAgICAgICAgICANCiAgICAgICAgICA8bGk+PGEgY2xhc3M9IiIgaHJlZj0iL2RlL29jZWFuLW1vbml0b3Jpbmcvc2FtcGxlci8iPlNhbXBsZXI8L2E+PC9saT4NCiAgDQogICAgICAgICAgICAgDQogICAgICAgICAgICAgICAgICAgICAgPC91bD4NCiAgICAgICAgPC9kaXY+DQogICAgICA8L2Rpdj4NCg0KICAgIDwvZGl2Pg==[\/vc_raw_html][vc_raw_html]PGRpdiBpZD0iZG93bmxvYWRfYnRuX3dpZGdldC0xIiBjbGFzcz0iZHVzdHJpYWxfbWFya2V0X3JwX3dpZGdldCBtYXJrZXQtd2lkZ2V0Ij4NCiAgICAgICAgPGRpdiBpZD0iYnJvY2h1cmVzLWJsb2NrIj4NCiAgICAgICAgICA8ZGl2IGNsYXNzPSJsaXN0LWdyb3VwIG10LTMgbWItMyBtdC1sZy01IG1iLWxnLTUgZC1mbGV4ICI+DQogICAgICAgICAgICAgIDxhIGNsYXNzPSJsaXN0LWdyb3VwLWl0ZW0gbGlzdC1ncm91cC1pdGVtLWFjdGlvbiBkb3dubG9hZC1icm9jaHVyZXMgZC1mbGV4IGp1c3RpZnktY29udGVudC1iZXR3ZWVuIiBocmVmPSJodHRwczovL3N1YmN0ZWNoLmNvbS9zZXJ2aWNlL2Rvd25sb2Fkcy8iPg0KICAgICAgICAgICAgICAgIDxzcGFuPkRvd25sb2FkIFNvZnR3YXJlPC9zcGFuPg0KICAgICAgICAgICAgICAgIDxpIGNsYXNzPSJmbGF0aWNvbi1oYW5kb3V0Ij48L2k+DQogICAgICAgICAgICAgIDwvYT4NCiAgICAgICAgICAgIA0KICAgICAgICAgIDwvZGl2PiA8IS0tIEVuZCBsaXN0IGdyb3VwIC0tPg0KICAgICAgICA8L2Rpdj4NCg0KICAgIDwvZGl2Pg==[\/vc_raw_html][vc_raw_html]PGRpdiBpZD0iZG93bmxvYWRfYnRuX3dpZGdldC0xIiBjbGFzcz0iZHVzdHJpYWxfbWFya2V0X3JwX3dpZGdldCBtYXJrZXQtd2lkZ2V0Ij4NCiAgICAgICAgPGRpdiBpZD0iYnJvY2h1cmVzLWJsb2NrIj4NCiAgICAgICAgICA8ZGl2IGNsYXNzPSJsaXN0LWdyb3VwIG10LTMgbWItMyBtdC1sZy01IG1iLWxnLTUgZC1mbGV4ICI+DQogICAgICAgICAgICAgIDxhIGNsYXNzPSJsaXN0LWdyb3VwLWl0ZW0gbGlzdC1ncm91cC1pdGVtLWFjdGlvbiBkb3dubG9hZC1icm9jaHVyZXMgZC1mbGV4IGp1c3RpZnktY29udGVudC1iZXR3ZWVuIiBocmVmPSIvZGUvYW5mcmFnZS1tb25pdG9yaW5nIj4NCiAgICAgICAgICAgICAgICA8c3Bhbj5BbmZyYWdlPC9zcGFuPg0KICAgICAgICAgICAgICAgIDxpIGNsYXNzPSJmbGF0aWNvbi1tYXBzLWFuZC1sb2NhdGlvbiI+PC9pPg0KICAgICAgICAgICAgICA8L2E+DQogICAgICAgICAgICANCiAgICAgICAgICA8L2Rpdj4gPCEtLSBFbmQgbGlzdCBncm91cCAtLT4NCiAgICAgICAgPC9kaXY+DQoNCiAgICA8L2Rpdj4=[\/vc_raw_html][vc_raw_html]CQ0KCTxkaXYgY2xhc3M9ImJsb2NrIj4NCiAgICAgICAgICAgICAgPGRpdiBjbGFzcz0iY29udGFjdC1zZXJ2aWNlIj4NCiAgICAgICAgICAgICAgICA8aDM+RnJhZ2VuPzwvaDM+DQogICAgICAgICAgICAgICAgPHA+S29udGFrdGllcmVuIFNpZSB1bnMgZ2VybiAtIFNpZSBlcmhhbHRlbiBpbm5lcmhhbGIgdm9uIDEtMiBXZXJrdGFnZW4gZWluZSBSw7xja21lbGR1bmcuIEFsdGVybmF0aXYgcnVmZW4gU2llIHVucyBlaW5mYWNoIGFuISA8L3A+DQogICAgICAgICAgICAgICAgICAgICAgICAgICAgICAgIDxwPjxzcGFuIGNsYXNzPSJmb250LXdlaWdodC1ib2xkIj48aSBjbGFzcz0iZmEgZmEtcGhvbmUgZnctc2l6ZSIgYXJpYS1oaWRkZW49InRydWUiPjwvaT4gVGVsZWZvbjo8L3NwYW4+ICsoNDkpIDQzMS0yMjAzOS04ODA8L3A+DQogICAgICAgICAgICAgICAgICAgICAgICAgICAgICAgICA8cCBjbGFzcz0ibWItMCI+PHNwYW4gY2xhc3M9ImZvbnQtd2VpZ2h0LWJvbGQiPjxpIGNsYXNzPSJmYSBmYS1lbnZlbG9wZS1vIGZ3LXNpemUiIGFyaWEtaGlkZGVuPSJ0cnVlIj48L2k+IEUtTWFpbDo8L3NwYW4+IGluZm9Ac3ViY3RlY2guY29tPC9wPg0KICAgICAgICAgICAgICAgICAgICAgICAgICAgICAgPC9kaXY+DQogICAgICAgICAgICA8L2Rpdj4=[\/vc_raw_html][\/vc_column][vc_column width=&#8221;2\/3&#8243;][vc_single_image image=&#8221;4851&#8243; img_size=&#8221;full&#8221; css=&#8221;.vc_custom_1582288422123{margin-bottom: 30px !important;}&#8221;][vc_column_text css=&#8221;.vc_custom_1582280306574{margin-bottom: 10px !important;}&#8221;]<\/p>\n<h1>OceanView<span class=\"st\">\u2122<\/span><\/h1>\n<p>[\/vc_column_text][vc_column_text el_class=&#8221;wpb_text_column wpb_content_element&#8221;]OceanView\u2122 -Software &amp; Datenserver &#8211; 19&#8221; Rack-Datenverwaltungssystem &amp; Windows\u00ae-Software<\/p>\n<p>Der Schiffsdatenserver dient zur Visualisierung und Speicherung von Online-Daten. Dar\u00fcber hinaus bietet es Diagnosefunktionen f\u00fcr die OceanPack\u2122 Wasserqualit\u00e4tsmesssysteme von SubCtech oder andere NMEA-Datensender. Als Black Box kann es als einfaches Passagierdisplay konfiguriert werden.[\/vc_column_text][vc_empty_space][vc_column_text]F\u00fcr detaillierte Infos (u.a. Produktvarianten, Zubeh\u00f6r, Anwendungsf\u00e4lle und Leistungsdaten) besuchen Sie bitte unsere <a href=\"https:\/\/subctech.com\/ocean-monitoring\/systems\/surface\/oceanview\/\">Englische Version.<\/a>[\/vc_column_text][\/vc_column][\/vc_row]<\/p>\n","protected":false},"excerpt":{"rendered":"<p>[vc_row css=&#8221;.vc_custom_1579785983161{margin-top: 60px !important;}&#8221;][vc_column width=&#8221;1\/3&#8243;][vc_raw_html]PGRpdiBpZD0ibWFya2V0X3Bvc3Rfd2lkZ2V0LTEiIGNsYXNzPSJkdXN0cmlhbF9tYXJrZXRfcnBfd2lkZ2V0IG1hcmtldC13aWRnZXQiPiAgICAgIDxkaXYgaWQ9InRhYi1saXN0LWJsb2NrIj4NCiAgICAgICAgPGRpdiBjbGFzcz0ibWFya2V0LWxpc3QtZ3JvdXAiPg0KICAgICAgICAgICAgICA8dWw+DQogICAgICAgICAgICAgICAgICAgDQogICAgICAgICAgPGxpPjxhIGNsYXNzPSJhY3RpdmUiIGhyZWY9Ii9kZS9vY2Vhbi1tb25pdG9yaW5nL3N5c3RlbWUvb2JlcmZsYWVjaGUvb2NlYW52aWV3LyI+T2NlYW5WaWV34oSiIFNvZnR3YXJlPC9hPjwvbGk+DQogICAgICAgICAgPGxpPjxhIGNsYXNzPSIiIGhyZWY9Ii9kZS9vY2Vhbi1tb25pdG9yaW5nL3N5c3RlbWUvIj5TeXN0ZW1lPC9hPjwvbGk+DQogICAgICAgICAgICAgDQogICAgICAgICAgICAgICAgICAgDQogICAgICAgICAgPGxpPjxhIGNsYXNzPSIiIGhyZWY9Ii9kZS9vY2Vhbi1tb25pdG9yaW5nL3NlbnNvcmVuLyI+U2Vuc29yZW48L2E+PC9saT4NCiAgICAgICAgICAgICANCiAgICAgICAgICAgICAgICAgICANCiAgICAgICAgICA8bGk+PGEgY2xhc3M9IiIgaHJlZj0iL2RlL29jZWFuLW1vbml0b3Jpbmcvc2FtcGxlci8iPlNhbXBsZXI8L2E+PC9saT4NCiAgDQogICAgICAgICAgICAgDQogICAgICAgICAgICAgICAgICAgICAgPC91bD4NCiAgICAgICAgPC9kaXY+DQogICAgICA8L2Rpdj4NCg0KICAgIDwvZGl2Pg==[\/vc_raw_html][vc_raw_html]PGRpdiBpZD0iZG93bmxvYWRfYnRuX3dpZGdldC0xIiBjbGFzcz0iZHVzdHJpYWxfbWFya2V0X3JwX3dpZGdldCBtYXJrZXQtd2lkZ2V0Ij4NCiAgICAgICAgPGRpdiBpZD0iYnJvY2h1cmVzLWJsb2NrIj4NCiAgICAgICAgICA8ZGl2IGNsYXNzPSJsaXN0LWdyb3VwIG10LTMgbWItMyBtdC1sZy01IG1iLWxnLTUgZC1mbGV4ICI+DQogICAgICAgICAgICAgIDxhIGNsYXNzPSJsaXN0LWdyb3VwLWl0ZW0gbGlzdC1ncm91cC1pdGVtLWFjdGlvbiBkb3dubG9hZC1icm9jaHVyZXMgZC1mbGV4IGp1c3RpZnktY29udGVudC1iZXR3ZWVuIiBocmVmPSJodHRwczovL3N1YmN0ZWNoLmNvbS9zZXJ2aWNlL2Rvd25sb2Fkcy8iPg0KICAgICAgICAgICAgICAgIDxzcGFuPkRvd25sb2FkIFNvZnR3YXJlPC9zcGFuPg0KICAgICAgICAgICAgICAgIDxpIGNsYXNzPSJmbGF0aWNvbi1oYW5kb3V0Ij48L2k+DQogICAgICAgICAgICAgIDwvYT4NCiAgICAgICAgICAgIA0KICAgICAgICAgIDwvZGl2PiA8IS0tIEVuZCBsaXN0IGdyb3VwIC0tPg0KICAgICAgICA8L2Rpdj4NCg0KICAgIDwvZGl2Pg==[\/vc_raw_html][vc_raw_html]PGRpdiBpZD0iZG93bmxvYWRfYnRuX3dpZGdldC0xIiBjbGFzcz0iZHVzdHJpYWxfbWFya2V0X3JwX3dpZGdldCBtYXJrZXQtd2lkZ2V0Ij4NCiAgICAgICAgPGRpdiBpZD0iYnJvY2h1cmVzLWJsb2NrIj4NCiAgICAgICAgICA8ZGl2IGNsYXNzPSJsaXN0LWdyb3VwIG10LTMgbWItMyBtdC1sZy01IG1iLWxnLTUgZC1mbGV4ICI+DQogICAgICAgICAgICAgIDxhIGNsYXNzPSJsaXN0LWdyb3VwLWl0ZW0gbGlzdC1ncm91cC1pdGVtLWFjdGlvbiBkb3dubG9hZC1icm9jaHVyZXMgZC1mbGV4IGp1c3RpZnktY29udGVudC1iZXR3ZWVuIiBocmVmPSIvZGUvYW5mcmFnZS1tb25pdG9yaW5nIj4NCiAgICAgICAgICAgICAgICA8c3Bhbj5BbmZyYWdlPC9zcGFuPg0KICAgICAgICAgICAgICAgIDxpIGNsYXNzPSJmbGF0aWNvbi1tYXBzLWFuZC1sb2NhdGlvbiI+PC9pPg0KICAgICAgICAgICAgICA8L2E+DQogICAgICAgICAgICANCiAgICAgICAgICA8L2Rpdj4gPCEtLSBFbmQgbGlzdCBncm91cCAtLT4NCiAgICAgICAgPC9kaXY+DQoNCiAgICA8L2Rpdj4=[\/vc_raw_html][vc_raw_html]CQ0KCTxkaXYgY2xhc3M9ImJsb2NrIj4NCiAgICAgICAgICAgICAgPGRpdiBjbGFzcz0iY29udGFjdC1zZXJ2aWNlIj4NCiAgICAgICAgICAgICAgICA8aDM+RnJhZ2VuPzwvaDM+DQogICAgICAgICAgICAgICAgPHA+S29udGFrdGllcmVuIFNpZSB1bnMgZ2VybiAtIFNpZSBlcmhhbHRlbiBpbm5lcmhhbGIgdm9uIDEtMiBXZXJrdGFnZW4gZWluZSBSw7xja21lbGR1bmcuIEFsdGVybmF0aXYgcnVmZW4gU2llIHVucyBlaW5mYWNoIGFuISA8L3A+DQogICAgICAgICAgICAgICAgICAgICAgICAgICAgICAgIDxwPjxzcGFuIGNsYXNzPSJmb250LXdlaWdodC1ib2xkIj48aSBjbGFzcz0iZmEgZmEtcGhvbmUgZnctc2l6ZSIgYXJpYS1oaWRkZW49InRydWUiPjwvaT4gVGVsZWZvbjo8L3NwYW4+ICsoNDkpIDQzMS0yMjAzOS04ODA8L3A+DQogICAgICAgICAgICAgICAgICAgICAgICAgICAgICAgICA8cCBjbGFzcz0ibWItMCI+PHNwYW4gY2xhc3M9ImZvbnQtd2VpZ2h0LWJvbGQiPjxpIGNsYXNzPSJmYSBmYS1lbnZlbG9wZS1vIGZ3LXNpemUiIGFyaWEtaGlkZGVuPSJ0cnVlIj48L2k+IEUtTWFpbDo8L3NwYW4+IGluZm9Ac3ViY3RlY2guY29tPC9wPg0KICAgICAgICAgICAgICAgICAgICAgICAgICAgICAgPC9kaXY+DQogICAgICAgICAgICA8L2Rpdj4=[\/vc_raw_html][\/vc_column][vc_column width=&#8221;2\/3&#8243;][vc_single_image image=&#8221;4851&#8243; img_size=&#8221;full&#8221; css=&#8221;.vc_custom_1582288422123{margin-bottom: 30px !important;}&#8221;][vc_column_text css=&#8221;.vc_custom_1582280306574{margin-bottom: 10px !important;}&#8221;] OceanView\u2122 [\/vc_column_text][vc_column_text el_class=&#8221;wpb_text_column wpb_content_element&#8221;]OceanView\u2122 -Software &amp; Datenserver &#8211; 19&#8221; Rack-Datenverwaltungssystem &amp; Windows\u00ae-Software Der Schiffsdatenserver dient zur [&hellip;]<\/p>\n","protected":false},"author":1,"featured_media":0,"parent":4716,"menu_order":1,"comment_status":"closed","ping_status":"closed","template":"page-template\/blank-page-sidebar.php","meta":{"footnotes":""},"class_list":["post-4848","page","type-page","status-publish","hentry"],"yoast_head":"<!-- This site is optimized with the Yoast SEO plugin v27.3 - https:\/\/yoast.com\/product\/yoast-seo-wordpress\/ -->\n<title>OceanView\u2122 Software - SubCtech - Ocean Power &amp; Monitoring<\/title>\n<meta name=\"robots\" content=\"index, follow, max-snippet:-1, max-image-preview:large, max-video-preview:-1\" \/>\n<link rel=\"canonical\" href=\"https:\/\/subctech.com\/de\/ocean-monitoring\/systeme\/oberflaeche\/oceanview-software\/\" \/>\n<meta property=\"og:locale\" content=\"de_DE\" \/>\n<meta property=\"og:type\" content=\"article\" \/>\n<meta property=\"og:title\" content=\"OceanView\u2122 Software - SubCtech - Ocean Power &amp; Monitoring\" \/>\n<meta property=\"og:description\" content=\"[vc_row css=&#8221;.vc_custom_1579785983161{margin-top: 60px !important;}&#8221;][vc_column width=&#8221;1\/3&#8243;][vc_raw_html]PGRpdiBpZD0ibWFya2V0X3Bvc3Rfd2lkZ2V0LTEiIGNsYXNzPSJkdXN0cmlhbF9tYXJrZXRfcnBfd2lkZ2V0IG1hcmtldC13aWRnZXQiPiAgICAgIDxkaXYgaWQ9InRhYi1saXN0LWJsb2NrIj4NCiAgICAgICAgPGRpdiBjbGFzcz0ibWFya2V0LWxpc3QtZ3JvdXAiPg0KICAgICAgICAgICAgICA8dWw+DQogICAgICAgICAgICAgICAgICAgDQogICAgICAgICAgPGxpPjxhIGNsYXNzPSJhY3RpdmUiIGhyZWY9Ii9kZS9vY2Vhbi1tb25pdG9yaW5nL3N5c3RlbWUvb2JlcmZsYWVjaGUvb2NlYW52aWV3LyI+T2NlYW5WaWV34oSiIFNvZnR3YXJlPC9hPjwvbGk+DQogICAgICAgICAgPGxpPjxhIGNsYXNzPSIiIGhyZWY9Ii9kZS9vY2Vhbi1tb25pdG9yaW5nL3N5c3RlbWUvIj5TeXN0ZW1lPC9hPjwvbGk+DQogICAgICAgICAgICAgDQogICAgICAgICAgICAgICAgICAgDQogICAgICAgICAgPGxpPjxhIGNsYXNzPSIiIGhyZWY9Ii9kZS9vY2Vhbi1tb25pdG9yaW5nL3NlbnNvcmVuLyI+U2Vuc29yZW48L2E+PC9saT4NCiAgICAgICAgICAgICANCiAgICAgICAgICAgICAgICAgICANCiAgICAgICAgICA8bGk+PGEgY2xhc3M9IiIgaHJlZj0iL2RlL29jZWFuLW1vbml0b3Jpbmcvc2FtcGxlci8iPlNhbXBsZXI8L2E+PC9saT4NCiAgDQogICAgICAgICAgICAgDQogICAgICAgICAgICAgICAgICAgICAgPC91bD4NCiAgICAgICAgPC9kaXY+DQogICAgICA8L2Rpdj4NCg0KICAgIDwvZGl2Pg==[\/vc_raw_html][vc_raw_html]PGRpdiBpZD0iZG93bmxvYWRfYnRuX3dpZGdldC0xIiBjbGFzcz0iZHVzdHJpYWxfbWFya2V0X3JwX3dpZGdldCBtYXJrZXQtd2lkZ2V0Ij4NCiAgICAgICAgPGRpdiBpZD0iYnJvY2h1cmVzLWJsb2NrIj4NCiAgICAgICAgICA8ZGl2IGNsYXNzPSJsaXN0LWdyb3VwIG10LTMgbWItMyBtdC1sZy01IG1iLWxnLTUgZC1mbGV4ICI+DQogICAgICAgICAgICAgIDxhIGNsYXNzPSJsaXN0LWdyb3VwLWl0ZW0gbGlzdC1ncm91cC1pdGVtLWFjdGlvbiBkb3dubG9hZC1icm9jaHVyZXMgZC1mbGV4IGp1c3RpZnktY29udGVudC1iZXR3ZWVuIiBocmVmPSJodHRwczovL3N1YmN0ZWNoLmNvbS9zZXJ2aWNlL2Rvd25sb2Fkcy8iPg0KICAgICAgICAgICAgICAgIDxzcGFuPkRvd25sb2FkIFNvZnR3YXJlPC9zcGFuPg0KICAgICAgICAgICAgICAgIDxpIGNsYXNzPSJmbGF0aWNvbi1oYW5kb3V0Ij48L2k+DQogICAgICAgICAgICAgIDwvYT4NCiAgICAgICAgICAgIA0KICAgICAgICAgIDwvZGl2PiA8IS0tIEVuZCBsaXN0IGdyb3VwIC0tPg0KICAgICAgICA8L2Rpdj4NCg0KICAgIDwvZGl2Pg==[\/vc_raw_html][vc_raw_html]PGRpdiBpZD0iZG93bmxvYWRfYnRuX3dpZGdldC0xIiBjbGFzcz0iZHVzdHJpYWxfbWFya2V0X3JwX3dpZGdldCBtYXJrZXQtd2lkZ2V0Ij4NCiAgICAgICAgPGRpdiBpZD0iYnJvY2h1cmVzLWJsb2NrIj4NCiAgICAgICAgICA8ZGl2IGNsYXNzPSJsaXN0LWdyb3VwIG10LTMgbWItMyBtdC1sZy01IG1iLWxnLTUgZC1mbGV4ICI+DQogICAgICAgICAgICAgIDxhIGNsYXNzPSJsaXN0LWdyb3VwLWl0ZW0gbGlzdC1ncm91cC1pdGVtLWFjdGlvbiBkb3dubG9hZC1icm9jaHVyZXMgZC1mbGV4IGp1c3RpZnktY29udGVudC1iZXR3ZWVuIiBocmVmPSIvZGUvYW5mcmFnZS1tb25pdG9yaW5nIj4NCiAgICAgICAgICAgICAgICA8c3Bhbj5BbmZyYWdlPC9zcGFuPg0KICAgICAgICAgICAgICAgIDxpIGNsYXNzPSJmbGF0aWNvbi1tYXBzLWFuZC1sb2NhdGlvbiI+PC9pPg0KICAgICAgICAgICAgICA8L2E+DQogICAgICAgICAgICANCiAgICAgICAgICA8L2Rpdj4gPCEtLSBFbmQgbGlzdCBncm91cCAtLT4NCiAgICAgICAgPC9kaXY+DQoNCiAgICA8L2Rpdj4=[\/vc_raw_html][vc_raw_html]CQ0KCTxkaXYgY2xhc3M9ImJsb2NrIj4NCiAgICAgICAgICAgICAgPGRpdiBjbGFzcz0iY29udGFjdC1zZXJ2aWNlIj4NCiAgICAgICAgICAgICAgICA8aDM+RnJhZ2VuPzwvaDM+DQogICAgICAgICAgICAgICAgPHA+S29udGFrdGllcmVuIFNpZSB1bnMgZ2VybiAtIFNpZSBlcmhhbHRlbiBpbm5lcmhhbGIgdm9uIDEtMiBXZXJrdGFnZW4gZWluZSBSw7xja21lbGR1bmcuIEFsdGVybmF0aXYgcnVmZW4gU2llIHVucyBlaW5mYWNoIGFuISA8L3A+DQogICAgICAgICAgICAgICAgICAgICAgICAgICAgICAgIDxwPjxzcGFuIGNsYXNzPSJmb250LXdlaWdodC1ib2xkIj48aSBjbGFzcz0iZmEgZmEtcGhvbmUgZnctc2l6ZSIgYXJpYS1oaWRkZW49InRydWUiPjwvaT4gVGVsZWZvbjo8L3NwYW4+ICsoNDkpIDQzMS0yMjAzOS04ODA8L3A+DQogICAgICAgICAgICAgICAgICAgICAgICAgICAgICAgICA8cCBjbGFzcz0ibWItMCI+PHNwYW4gY2xhc3M9ImZvbnQtd2VpZ2h0LWJvbGQiPjxpIGNsYXNzPSJmYSBmYS1lbnZlbG9wZS1vIGZ3LXNpemUiIGFyaWEtaGlkZGVuPSJ0cnVlIj48L2k+IEUtTWFpbDo8L3NwYW4+IGluZm9Ac3ViY3RlY2guY29tPC9wPg0KICAgICAgICAgICAgICAgICAgICAgICAgICAgICAgPC9kaXY+DQogICAgICAgICAgICA8L2Rpdj4=[\/vc_raw_html][\/vc_column][vc_column width=&#8221;2\/3&#8243;][vc_single_image image=&#8221;4851&#8243; img_size=&#8221;full&#8221; css=&#8221;.vc_custom_1582288422123{margin-bottom: 30px !important;}&#8221;][vc_column_text css=&#8221;.vc_custom_1582280306574{margin-bottom: 10px !important;}&#8221;] OceanView\u2122 [\/vc_column_text][vc_column_text el_class=&#8221;wpb_text_column wpb_content_element&#8221;]OceanView\u2122 -Software &amp; Datenserver &#8211; 19&#8221; Rack-Datenverwaltungssystem &amp; Windows\u00ae-Software Der Schiffsdatenserver dient zur [&hellip;]\" \/>\n<meta property=\"og:url\" content=\"https:\/\/subctech.com\/de\/ocean-monitoring\/systeme\/oberflaeche\/oceanview-software\/\" \/>\n<meta property=\"og:site_name\" content=\"SubCtech - Ocean Power &amp; Monitoring\" \/>\n<meta property=\"article:modified_time\" content=\"2021-01-22T11:27:18+00:00\" \/>\n<meta name=\"twitter:card\" content=\"summary_large_image\" \/>\n<meta name=\"twitter:label1\" content=\"Gesch\u00e4tzte Lesezeit\" \/>\n\t<meta name=\"twitter:data1\" content=\"3\u00a0Minuten\" \/>\n<script type=\"application\/ld+json\" class=\"yoast-schema-graph\">{\"@context\":\"https:\\\/\\\/schema.org\",\"@graph\":[{\"@type\":\"WebPage\",\"@id\":\"https:\\\/\\\/subctech.com\\\/de\\\/ocean-monitoring\\\/systeme\\\/oberflaeche\\\/oceanview-software\\\/\",\"url\":\"https:\\\/\\\/subctech.com\\\/de\\\/ocean-monitoring\\\/systeme\\\/oberflaeche\\\/oceanview-software\\\/\",\"name\":\"OceanView\u2122 Software - SubCtech - Ocean Power &amp; Monitoring\",\"isPartOf\":{\"@id\":\"https:\\\/\\\/subctech.com\\\/de\\\/#website\"},\"datePublished\":\"2021-01-12T15:12:08+00:00\",\"dateModified\":\"2021-01-22T11:27:18+00:00\",\"breadcrumb\":{\"@id\":\"https:\\\/\\\/subctech.com\\\/de\\\/ocean-monitoring\\\/systeme\\\/oberflaeche\\\/oceanview-software\\\/#breadcrumb\"},\"inLanguage\":\"de\",\"potentialAction\":[{\"@type\":\"ReadAction\",\"target\":[\"https:\\\/\\\/subctech.com\\\/de\\\/ocean-monitoring\\\/systeme\\\/oberflaeche\\\/oceanview-software\\\/\"]}]},{\"@type\":\"BreadcrumbList\",\"@id\":\"https:\\\/\\\/subctech.com\\\/de\\\/ocean-monitoring\\\/systeme\\\/oberflaeche\\\/oceanview-software\\\/#breadcrumb\",\"itemListElement\":[{\"@type\":\"ListItem\",\"position\":1,\"name\":\"Home\",\"item\":\"https:\\\/\\\/subctech.com\\\/de\\\/\"},{\"@type\":\"ListItem\",\"position\":2,\"name\":\"Ocean Monitoring\",\"item\":\"https:\\\/\\\/subctech.com\\\/de\\\/ocean-monitoring\\\/\"},{\"@type\":\"ListItem\",\"position\":3,\"name\":\"Systeme\",\"item\":\"https:\\\/\\\/subctech.com\\\/de\\\/ocean-monitoring\\\/systeme\\\/\"},{\"@type\":\"ListItem\",\"position\":4,\"name\":\"Seeoberfl\u00e4che\",\"item\":\"https:\\\/\\\/subctech.com\\\/de\\\/ocean-monitoring\\\/systeme\\\/oberflaeche\\\/\"},{\"@type\":\"ListItem\",\"position\":5,\"name\":\"OceanView\u2122 Software\"}]},{\"@type\":\"WebSite\",\"@id\":\"https:\\\/\\\/subctech.com\\\/de\\\/#website\",\"url\":\"https:\\\/\\\/subctech.com\\\/de\\\/\",\"name\":\"SubCtech - Ocean Power &amp; Monitoring\",\"description\":\"Ocean engineering - from coast to deepsea\",\"publisher\":{\"@id\":\"https:\\\/\\\/subctech.com\\\/de\\\/#organization\"},\"potentialAction\":[{\"@type\":\"SearchAction\",\"target\":{\"@type\":\"EntryPoint\",\"urlTemplate\":\"https:\\\/\\\/subctech.com\\\/de\\\/?s={search_term_string}\"},\"query-input\":{\"@type\":\"PropertyValueSpecification\",\"valueRequired\":true,\"valueName\":\"search_term_string\"}}],\"inLanguage\":\"de\"},{\"@type\":\"Organization\",\"@id\":\"https:\\\/\\\/subctech.com\\\/de\\\/#organization\",\"name\":\"SubCtech - Ocean Power &amp; Monitoring\",\"url\":\"https:\\\/\\\/subctech.com\\\/de\\\/\",\"logo\":{\"@type\":\"ImageObject\",\"inLanguage\":\"de\",\"@id\":\"https:\\\/\\\/subctech.com\\\/de\\\/#\\\/schema\\\/logo\\\/image\\\/\",\"url\":\"https:\\\/\\\/subctech.com\\\/wp-content\\\/uploads\\\/2025\\\/06\\\/cropped-Logo_SubCtech_blue-subtitle-web.png\",\"contentUrl\":\"https:\\\/\\\/subctech.com\\\/wp-content\\\/uploads\\\/2025\\\/06\\\/cropped-Logo_SubCtech_blue-subtitle-web.png\",\"width\":245,\"height\":205,\"caption\":\"SubCtech - Ocean Power &amp; Monitoring\"},\"image\":{\"@id\":\"https:\\\/\\\/subctech.com\\\/de\\\/#\\\/schema\\\/logo\\\/image\\\/\"}}]}<\/script>\n<!-- \/ Yoast SEO plugin. -->","yoast_head_json":{"title":"OceanView\u2122 Software - SubCtech - Ocean Power &amp; Monitoring","robots":{"index":"index","follow":"follow","max-snippet":"max-snippet:-1","max-image-preview":"max-image-preview:large","max-video-preview":"max-video-preview:-1"},"canonical":"https:\/\/subctech.com\/de\/ocean-monitoring\/systeme\/oberflaeche\/oceanview-software\/","og_locale":"de_DE","og_type":"article","og_title":"OceanView\u2122 Software - SubCtech - Ocean Power &amp; Monitoring","og_description":"[vc_row css=&#8221;.vc_custom_1579785983161{margin-top: 60px !important;}&#8221;][vc_column width=&#8221;1\/3&#8243;][vc_raw_html]PGRpdiBpZD0ibWFya2V0X3Bvc3Rfd2lkZ2V0LTEiIGNsYXNzPSJkdXN0cmlhbF9tYXJrZXRfcnBfd2lkZ2V0IG1hcmtldC13aWRnZXQiPiAgICAgIDxkaXYgaWQ9InRhYi1saXN0LWJsb2NrIj4NCiAgICAgICAgPGRpdiBjbGFzcz0ibWFya2V0LWxpc3QtZ3JvdXAiPg0KICAgICAgICAgICAgICA8dWw+DQogICAgICAgICAgICAgICAgICAgDQogICAgICAgICAgPGxpPjxhIGNsYXNzPSJhY3RpdmUiIGhyZWY9Ii9kZS9vY2Vhbi1tb25pdG9yaW5nL3N5c3RlbWUvb2JlcmZsYWVjaGUvb2NlYW52aWV3LyI+T2NlYW5WaWV34oSiIFNvZnR3YXJlPC9hPjwvbGk+DQogICAgICAgICAgPGxpPjxhIGNsYXNzPSIiIGhyZWY9Ii9kZS9vY2Vhbi1tb25pdG9yaW5nL3N5c3RlbWUvIj5TeXN0ZW1lPC9hPjwvbGk+DQogICAgICAgICAgICAgDQogICAgICAgICAgICAgICAgICAgDQogICAgICAgICAgPGxpPjxhIGNsYXNzPSIiIGhyZWY9Ii9kZS9vY2Vhbi1tb25pdG9yaW5nL3NlbnNvcmVuLyI+U2Vuc29yZW48L2E+PC9saT4NCiAgICAgICAgICAgICANCiAgICAgICAgICAgICAgICAgICANCiAgICAgICAgICA8bGk+PGEgY2xhc3M9IiIgaHJlZj0iL2RlL29jZWFuLW1vbml0b3Jpbmcvc2FtcGxlci8iPlNhbXBsZXI8L2E+PC9saT4NCiAgDQogICAgICAgICAgICAgDQogICAgICAgICAgICAgICAgICAgICAgPC91bD4NCiAgICAgICAgPC9kaXY+DQogICAgICA8L2Rpdj4NCg0KICAgIDwvZGl2Pg==[\/vc_raw_html][vc_raw_html]PGRpdiBpZD0iZG93bmxvYWRfYnRuX3dpZGdldC0xIiBjbGFzcz0iZHVzdHJpYWxfbWFya2V0X3JwX3dpZGdldCBtYXJrZXQtd2lkZ2V0Ij4NCiAgICAgICAgPGRpdiBpZD0iYnJvY2h1cmVzLWJsb2NrIj4NCiAgICAgICAgICA8ZGl2IGNsYXNzPSJsaXN0LWdyb3VwIG10LTMgbWItMyBtdC1sZy01IG1iLWxnLTUgZC1mbGV4ICI+DQogICAgICAgICAgICAgIDxhIGNsYXNzPSJsaXN0LWdyb3VwLWl0ZW0gbGlzdC1ncm91cC1pdGVtLWFjdGlvbiBkb3dubG9hZC1icm9jaHVyZXMgZC1mbGV4IGp1c3RpZnktY29udGVudC1iZXR3ZWVuIiBocmVmPSJodHRwczovL3N1YmN0ZWNoLmNvbS9zZXJ2aWNlL2Rvd25sb2Fkcy8iPg0KICAgICAgICAgICAgICAgIDxzcGFuPkRvd25sb2FkIFNvZnR3YXJlPC9zcGFuPg0KICAgICAgICAgICAgICAgIDxpIGNsYXNzPSJmbGF0aWNvbi1oYW5kb3V0Ij48L2k+DQogICAgICAgICAgICAgIDwvYT4NCiAgICAgICAgICAgIA0KICAgICAgICAgIDwvZGl2PiA8IS0tIEVuZCBsaXN0IGdyb3VwIC0tPg0KICAgICAgICA8L2Rpdj4NCg0KICAgIDwvZGl2Pg==[\/vc_raw_html][vc_raw_html]PGRpdiBpZD0iZG93bmxvYWRfYnRuX3dpZGdldC0xIiBjbGFzcz0iZHVzdHJpYWxfbWFya2V0X3JwX3dpZGdldCBtYXJrZXQtd2lkZ2V0Ij4NCiAgICAgICAgPGRpdiBpZD0iYnJvY2h1cmVzLWJsb2NrIj4NCiAgICAgICAgICA8ZGl2IGNsYXNzPSJsaXN0LWdyb3VwIG10LTMgbWItMyBtdC1sZy01IG1iLWxnLTUgZC1mbGV4ICI+DQogICAgICAgICAgICAgIDxhIGNsYXNzPSJsaXN0LWdyb3VwLWl0ZW0gbGlzdC1ncm91cC1pdGVtLWFjdGlvbiBkb3dubG9hZC1icm9jaHVyZXMgZC1mbGV4IGp1c3RpZnktY29udGVudC1iZXR3ZWVuIiBocmVmPSIvZGUvYW5mcmFnZS1tb25pdG9yaW5nIj4NCiAgICAgICAgICAgICAgICA8c3Bhbj5BbmZyYWdlPC9zcGFuPg0KICAgICAgICAgICAgICAgIDxpIGNsYXNzPSJmbGF0aWNvbi1tYXBzLWFuZC1sb2NhdGlvbiI+PC9pPg0KICAgICAgICAgICAgICA8L2E+DQogICAgICAgICAgICANCiAgICAgICAgICA8L2Rpdj4gPCEtLSBFbmQgbGlzdCBncm91cCAtLT4NCiAgICAgICAgPC9kaXY+DQoNCiAgICA8L2Rpdj4=[\/vc_raw_html][vc_raw_html]CQ0KCTxkaXYgY2xhc3M9ImJsb2NrIj4NCiAgICAgICAgICAgICAgPGRpdiBjbGFzcz0iY29udGFjdC1zZXJ2aWNlIj4NCiAgICAgICAgICAgICAgICA8aDM+RnJhZ2VuPzwvaDM+DQogICAgICAgICAgICAgICAgPHA+S29udGFrdGllcmVuIFNpZSB1bnMgZ2VybiAtIFNpZSBlcmhhbHRlbiBpbm5lcmhhbGIgdm9uIDEtMiBXZXJrdGFnZW4gZWluZSBSw7xja21lbGR1bmcuIEFsdGVybmF0aXYgcnVmZW4gU2llIHVucyBlaW5mYWNoIGFuISA8L3A+DQogICAgICAgICAgICAgICAgICAgICAgICAgICAgICAgIDxwPjxzcGFuIGNsYXNzPSJmb250LXdlaWdodC1ib2xkIj48aSBjbGFzcz0iZmEgZmEtcGhvbmUgZnctc2l6ZSIgYXJpYS1oaWRkZW49InRydWUiPjwvaT4gVGVsZWZvbjo8L3NwYW4+ICsoNDkpIDQzMS0yMjAzOS04ODA8L3A+DQogICAgICAgICAgICAgICAgICAgICAgICAgICAgICAgICA8cCBjbGFzcz0ibWItMCI+PHNwYW4gY2xhc3M9ImZvbnQtd2VpZ2h0LWJvbGQiPjxpIGNsYXNzPSJmYSBmYS1lbnZlbG9wZS1vIGZ3LXNpemUiIGFyaWEtaGlkZGVuPSJ0cnVlIj48L2k+IEUtTWFpbDo8L3NwYW4+IGluZm9Ac3ViY3RlY2guY29tPC9wPg0KICAgICAgICAgICAgICAgICAgICAgICAgICAgICAgPC9kaXY+DQogICAgICAgICAgICA8L2Rpdj4=[\/vc_raw_html][\/vc_column][vc_column width=&#8221;2\/3&#8243;][vc_single_image image=&#8221;4851&#8243; img_size=&#8221;full&#8221; css=&#8221;.vc_custom_1582288422123{margin-bottom: 30px !important;}&#8221;][vc_column_text css=&#8221;.vc_custom_1582280306574{margin-bottom: 10px !important;}&#8221;] OceanView\u2122 [\/vc_column_text][vc_column_text el_class=&#8221;wpb_text_column wpb_content_element&#8221;]OceanView\u2122 -Software &amp; Datenserver &#8211; 19&#8221; Rack-Datenverwaltungssystem &amp; Windows\u00ae-Software Der Schiffsdatenserver dient zur [&hellip;]","og_url":"https:\/\/subctech.com\/de\/ocean-monitoring\/systeme\/oberflaeche\/oceanview-software\/","og_site_name":"SubCtech - Ocean Power &amp; Monitoring","article_modified_time":"2021-01-22T11:27:18+00:00","twitter_card":"summary_large_image","twitter_misc":{"Gesch\u00e4tzte Lesezeit":"3\u00a0Minuten"},"schema":{"@context":"https:\/\/schema.org","@graph":[{"@type":"WebPage","@id":"https:\/\/subctech.com\/de\/ocean-monitoring\/systeme\/oberflaeche\/oceanview-software\/","url":"https:\/\/subctech.com\/de\/ocean-monitoring\/systeme\/oberflaeche\/oceanview-software\/","name":"OceanView\u2122 Software - SubCtech - Ocean Power &amp; Monitoring","isPartOf":{"@id":"https:\/\/subctech.com\/de\/#website"},"datePublished":"2021-01-12T15:12:08+00:00","dateModified":"2021-01-22T11:27:18+00:00","breadcrumb":{"@id":"https:\/\/subctech.com\/de\/ocean-monitoring\/systeme\/oberflaeche\/oceanview-software\/#breadcrumb"},"inLanguage":"de","potentialAction":[{"@type":"ReadAction","target":["https:\/\/subctech.com\/de\/ocean-monitoring\/systeme\/oberflaeche\/oceanview-software\/"]}]},{"@type":"BreadcrumbList","@id":"https:\/\/subctech.com\/de\/ocean-monitoring\/systeme\/oberflaeche\/oceanview-software\/#breadcrumb","itemListElement":[{"@type":"ListItem","position":1,"name":"Home","item":"https:\/\/subctech.com\/de\/"},{"@type":"ListItem","position":2,"name":"Ocean Monitoring","item":"https:\/\/subctech.com\/de\/ocean-monitoring\/"},{"@type":"ListItem","position":3,"name":"Systeme","item":"https:\/\/subctech.com\/de\/ocean-monitoring\/systeme\/"},{"@type":"ListItem","position":4,"name":"Seeoberfl\u00e4che","item":"https:\/\/subctech.com\/de\/ocean-monitoring\/systeme\/oberflaeche\/"},{"@type":"ListItem","position":5,"name":"OceanView\u2122 Software"}]},{"@type":"WebSite","@id":"https:\/\/subctech.com\/de\/#website","url":"https:\/\/subctech.com\/de\/","name":"SubCtech - Ocean Power &amp; Monitoring","description":"Ocean engineering - from coast to deepsea","publisher":{"@id":"https:\/\/subctech.com\/de\/#organization"},"potentialAction":[{"@type":"SearchAction","target":{"@type":"EntryPoint","urlTemplate":"https:\/\/subctech.com\/de\/?s={search_term_string}"},"query-input":{"@type":"PropertyValueSpecification","valueRequired":true,"valueName":"search_term_string"}}],"inLanguage":"de"},{"@type":"Organization","@id":"https:\/\/subctech.com\/de\/#organization","name":"SubCtech - Ocean Power &amp; Monitoring","url":"https:\/\/subctech.com\/de\/","logo":{"@type":"ImageObject","inLanguage":"de","@id":"https:\/\/subctech.com\/de\/#\/schema\/logo\/image\/","url":"https:\/\/subctech.com\/wp-content\/uploads\/2025\/06\/cropped-Logo_SubCtech_blue-subtitle-web.png","contentUrl":"https:\/\/subctech.com\/wp-content\/uploads\/2025\/06\/cropped-Logo_SubCtech_blue-subtitle-web.png","width":245,"height":205,"caption":"SubCtech - Ocean Power &amp; Monitoring"},"image":{"@id":"https:\/\/subctech.com\/de\/#\/schema\/logo\/image\/"}}]}},"_links":{"self":[{"href":"https:\/\/subctech.com\/de\/wp-json\/wp\/v2\/pages\/4848","targetHints":{"allow":["GET"]}}],"collection":[{"href":"https:\/\/subctech.com\/de\/wp-json\/wp\/v2\/pages"}],"about":[{"href":"https:\/\/subctech.com\/de\/wp-json\/wp\/v2\/types\/page"}],"author":[{"embeddable":true,"href":"https:\/\/subctech.com\/de\/wp-json\/wp\/v2\/users\/1"}],"replies":[{"embeddable":true,"href":"https:\/\/subctech.com\/de\/wp-json\/wp\/v2\/comments?post=4848"}],"version-history":[{"count":5,"href":"https:\/\/subctech.com\/de\/wp-json\/wp\/v2\/pages\/4848\/revisions"}],"predecessor-version":[{"id":5418,"href":"https:\/\/subctech.com\/de\/wp-json\/wp\/v2\/pages\/4848\/revisions\/5418"}],"up":[{"embeddable":true,"href":"https:\/\/subctech.com\/de\/wp-json\/wp\/v2\/pages\/4716"}],"wp:attachment":[{"href":"https:\/\/subctech.com\/de\/wp-json\/wp\/v2\/media?parent=4848"}],"curies":[{"name":"wp","href":"https:\/\/api.w.org\/{rel}","templated":true}]}}