{"id":4983,"date":"2021-01-18T15:55:45","date_gmt":"2021-01-18T14:55:45","guid":{"rendered":"https:\/\/subctech.com\/geschichte-und-aktueller-stand\/"},"modified":"2024-01-25T09:36:25","modified_gmt":"2024-01-25T08:36:25","slug":"geschichte-und-aktueller-stand","status":"publish","type":"page","link":"https:\/\/subctech.com\/de\/geschichte-und-aktueller-stand\/","title":{"rendered":"Geschichte"},"content":{"rendered":"<p>[vc_row css=&#8221;.vc_custom_1582550512416{padding-top: 30px !important;}&#8221;][vc_column]\n    <div class=\"row d-flex justify-content-center wow \">\n      <div class=\"col-lg-12\">\n        <div class=\" dustrial-stitle-69d6fe269e962 section-title-two text-center\">\n          <div class=\"section-two-body\">\n            <h6 class=\"sub-title activeColor\"><\/h6>\n           <h3 class=\"main-title\">SubCtech GmbH<\/h3>\n          <\/div>\n          <div class=\"stock\">\n            <img decoding=\"async\" src=\"https:\/\/subctech.com\/wp-content\/uploads\/2019\/12\/Logo-punkte.png\" alt=\"stock\">\n          <\/div>\n        <\/div>\n      <\/div>\n    <\/div>\n\n    [vc_column_text]SubCtech, Kiel, bietet Unterwasserkraftl\u00f6sungen und Ozean\u00fcberwachungssysteme an. Wir bieten L\u00f6sungen in enger Zusammenarbeit mit unseren Kunden &#8211; in Wissenschaft und Industrie wie Offshore-\u00d6l + Gas.<\/p>\n<p>Li-Ionen-Batterien, <em> p <\/em> CO<sub>2 <\/sub> -Analysatoren und Systeml\u00f6sungen sind unsere Kernprodukte und ein Service aus einer Hand. Unsere zuverl\u00e4ssigen und pr\u00e4zisen Hightech-Produkte \u201eMade in Germany\u201c sind f\u00fcr unsere Kunden einfach zu handhaben und effizient.[\/vc_column_text][\/vc_column][\/vc_row][vc_row full_width=&#8221;stretch_row&#8221; css=&#8221;.vc_custom_1582549360009{padding-top: 30px !important;padding-bottom: 30px !important;background-color: #f5f5f5 !important;}&#8221;][vc_column]\n    <div class=\"row d-flex justify-content-center wow \">\n      <div class=\"col-lg-12\">\n        <div class=\" dustrial-stitle-69d6fe269f182 section-title-two text-center\">\n          <div class=\"section-two-body\">\n            <h6 class=\"sub-title activeColor\"><\/h6>\n           <h3 class=\"main-title\">Geschichte<\/h3>\n          <\/div>\n          <div class=\"stock\">\n            <img decoding=\"async\" src=\"https:\/\/subctech.com\/wp-content\/uploads\/2019\/12\/Logo-punkte.png\" alt=\"stock\">\n          <\/div>\n        <\/div>\n      <\/div>\n    <\/div>\n\n    [vc_column_text]Der Gesch\u00e4ftsf\u00fchrer Dipl.-Phys. Stefan Marx gr\u00fcndete SubCtech im Januar 2010 als Management-Buy-out. Das Team verf\u00fcgt \u00fcber mehr als 30 Jahre Erfahrung. Sie realisierten schnell L\u00f6sungen, nachdem sie bereits Erfahrung in der Meerestechnik, im Schiffbau und in Forschungszentren gesammelt hatten. Die Kombination aus erfahrenen Mitarbeitern, jungen Wissenschaftlern und Marktkenntnissen ist so erfolgreich, dass das Unternehmen vom ersten Jahr an Gewinne erzielt.<\/p>\n<p>Wir wurden zu einem professionellen Unternehmen mit globaler Ausrichtung, als wir gem\u00e4\u00df ISO 13628-6 als \u201ebew\u00e4hrter Anbieter\u201c in der Offshore-Branche zertifiziert wurden und 2013 in unsere neuen R\u00e4umlichkeiten einzogen.<\/p>\n<p>Die gezielte Umsetzung der Unternehmensziele und die Zusammenarbeit 2010-2015 mit dem franz\u00f6sischen Partner zur Ausstattung von Segelyachten mit Messsystemen wurden mit dem bemerkenswerten deutsch-franz\u00f6sischen Business-Award 2013 ausgezeichnet.<\/p>\n<p>SubCtech ist nach ISO 9001: 2015 zertifiziert und gem\u00e4\u00df ISO 13628-6 \/ API17f f\u00fcr die Konstruktion und den Betrieb von Unterwasserproduktionssystemen zugelassen. Unsere qualifizierten Ingenieure sind f\u00fcr die Produktion von IPC-A-600\/610 Klasse 3 von h\u00f6chster Qualit\u00e4t ausgebildet und zertifiziert.[\/vc_column_text][\/vc_column][\/vc_row][vc_row css=&#8221;.vc_custom_1582549307835{padding-top: 30px !important;padding-bottom: 30px !important;}&#8221;][vc_column]\n    <div class=\"row d-flex justify-content-center wow \">\n      <div class=\"col-lg-12\">\n        <div class=\" dustrial-stitle-69d6fe269f225 section-title-two text-center\">\n          <div class=\"section-two-body\">\n            <h6 class=\"sub-title activeColor\"><\/h6>\n           <h3 class=\"main-title\">Aktuelles<\/h3>\n          <\/div>\n          <div class=\"stock\">\n            <img decoding=\"async\" src=\"https:\/\/subctech.com\/wp-content\/uploads\/2019\/12\/Logo-punkte.png\" alt=\"stock\">\n          <\/div>\n        <\/div>\n      <\/div>\n    <\/div>\n\n    [vc_column_text]Die Realisierung ungel\u00f6ster und herausfordernder Aufgaben sowie die Identifizierung und Nutzung neuer M\u00e4rkte zeichnen unser Unternehmen aus. Kunden sind Partner und werden von der ersten Projektidee an von unserem geschulten professionellen Team unterst\u00fctzt.<\/p>\n<p>Das Unternehmen verf\u00fcgt \u00fcber ein breites Spektrum mit den beiden Gesch\u00e4ftsbereichen \u201eOcean Power\u201c und \u201eOcean Monitoring\u201c.<\/p>\n<p>In diesen Tagen besch\u00e4ftigt das Unternehmen 70+ Mitarbeiter und befindet sich immer noch in Privatbesitz. Wir setzen auf Serienproduktion mit zuverl\u00e4ssigen ausgew\u00e4hlten Partnerunternehmen anstatt auf Outsourcing. Wir l\u00f6sen spezifische Kundenanforderungen flexibel aufgrund unserer eigenen Forschung und Entwicklung. Neueste Technologien werden im st\u00e4ndigen Dialog mit Fachverb\u00e4nden und Forschungseinrichtungen verfolgt.[\/vc_column_text][\/vc_column][\/vc_row][vc_row full_width=&#8221;stretch_row&#8221; css=&#8221;.vc_custom_1582549360009{padding-top: 30px !important;padding-bottom: 30px !important;background-color: #f5f5f5 !important;}&#8221;][vc_column]\n    <div class=\"row d-flex justify-content-center wow \">\n      <div class=\"col-lg-12\">\n        <div class=\" dustrial-stitle-69d6fe269f2b0 section-title-two text-center\">\n          <div class=\"section-two-body\">\n            <h6 class=\"sub-title activeColor\"><\/h6>\n           <h3 class=\"main-title\">Globale Reichweite<\/h3>\n          <\/div>\n          <div class=\"stock\">\n            <img decoding=\"async\" src=\"https:\/\/subctech.com\/wp-content\/uploads\/2019\/12\/Logo-punkte.png\" alt=\"stock\">\n          <\/div>\n        <\/div>\n      <\/div>\n    <\/div>\n\n    [vc_column_text]Mit der Produktfamilie der Unterwasser-Li-Ionen-Batterien im Gesch\u00e4ftsbereich \u201eOcean Power\u201c erreichen wir alle Zielm\u00e4rkte. Insbesondere die \u00d6l&amp;Gas-Offshore-Industrie ben\u00f6tigt zunehmend autonome Systeme f\u00fcr immer gr\u00f6\u00dfere Tiefen. Komplette Systeme werden zusammen mit Datenloggern und der Implementierung von Sensoren projiziert.<\/p>\n<p>Durch die Zertifizierung und regelm\u00e4\u00dfige Audits der \u00d6l- und Gasindustrie wird ein konstantes Qualit\u00e4tsniveau sichergestellt.<\/p>\n<p>Projekte in Tiefen von bis zu 6000 m werden im Bereich \u201eOcean Monitoring\u201c mit der Anpassung von Sensoren f\u00fcr <em> pCO<sub> 2<\/sub> realisiert. Die <em> pCO <sub>2<\/sub> &#8211;<\/em><\/em>Analysatoren werden zur \u00dcberwachung des Seeverkehrs und zur Erforschung von Bojen und Schiffen verwendet. Die exklusive Produktion von LI-COR\u00ae Biosciences pCO <sub>2<\/sub> -Analysatoren erm\u00f6glicht es uns, international wettbewerbsf\u00e4hige \u201eState-of-the-Art\u201c -L\u00f6sungen anzubieten.<\/p>\n<p>Flexible L\u00f6sungen und ein unverwechselbarer \u201eCross Innovation\u201c -Ansatz zeigen deutlich, wie neue Probleme gel\u00f6st und neue M\u00e4rkte erschlossen werden k\u00f6nnen. So konnten wir beispielsweise mit den speziell ausgestatteten Messsystemen der Familie \u201eOcean Pack\u201c Zugang zur Marikultur und Aquakultur erhalten. Die Wasserqualit\u00e4t kann mit pr\u00e4zisen und stabilen Langzeitinstrumenten besser kontrolliert werden. Die Fische wachsen schneller und eine h\u00f6here Ertragsrate erh\u00f6ht den Umsatz effizient.<\/p>\n<p>Kunden werden vor Ort mit dem Aufbau eines internationalen Vertriebsnetzes betreut. Probleme werden lokal in einer gemeinsamen Sprache gel\u00f6st. Wir arbeiten mit unseren Kunden in einer fairen und kooperativen Gesch\u00e4ftsbeziehung zusammen, die es uns erm\u00f6glicht, Projekte erfolgreich durchzuf\u00fchren. Eine fr\u00fchzeitige Konsultation und eine enge Zusammenarbeit in der Umsetzungsphase vermeiden unangenehme \u00dcberraschungen, da Probleme fr\u00fchzeitig erkannt und gemeinsam gel\u00f6st werden k\u00f6nnen.<\/p>\n<p>Die gezielte Entwicklung spezieller L\u00f6sungen der <em> pCO <sub>2<\/sub> &#8211;<\/em>Analysatoren und Li-Ionen-Batterien \u00f6ffnete den asiatischen Markt und gewann beispielsweise China als wichtigstes Exportland.[\/vc_column_text][\/vc_column][\/vc_row][vc_row css=&#8221;.vc_custom_1582549307835{padding-top: 30px !important;padding-bottom: 30px !important;}&#8221;][vc_column]\n    <div class=\"row d-flex justify-content-center wow \">\n      <div class=\"col-lg-12\">\n        <div class=\" dustrial-stitle-69d6fe269f336 section-title-two text-center\">\n          <div class=\"section-two-body\">\n            <h6 class=\"sub-title activeColor\"><\/h6>\n           <h3 class=\"main-title\">Aussichten<\/h3>\n          <\/div>\n          <div class=\"stock\">\n            <img decoding=\"async\" src=\"https:\/\/subctech.com\/wp-content\/uploads\/2019\/12\/Logo-punkte.png\" alt=\"stock\">\n          <\/div>\n        <\/div>\n      <\/div>\n    <\/div>\n\n    [vc_column_text]Unser soziales Engagement entwickelt sich weiter. Die Unterst\u00fctzung unserer Mitarbeiter und ihrer Familien sowie flexible Arbeitszeiten bleiben ein zentraler Punkt. Nur gut ausgebildete, zufriedene und hochmotivierte Mitarbeiter sorgen f\u00fcr die Konsistenz von SubCtech. Wir bieten Austauschm\u00f6glichkeiten f\u00fcr Schulen und andere Bildungseinrichtungen. Internationale Austauschprogramme wie AISEC oder die Konferenz YouMaRes werden von SubCtech unterst\u00fctzt und erm\u00f6glichen Unternehmen und Teilnehmern, ihren Horizont zu erweitern.<\/p>\n<p>Ziel von SubCtech ist die Marktf\u00fchrerschaft in den Gesch\u00e4ftsbereichen Li-Ion-Batterien und <em> p<\/em>CO <sub>2 <\/sub> -Analysatoren. Durch die Entwicklung der nachgefragten Produkte k\u00f6nnen wir Kunden- und Marktanforderungen gezielt bedienen. SubCtech h\u00f6rt seinem Partner zu und entwickelt Produkte effizienter.<\/p>\n<p>Besonderes Augenmerk wird auf Marktnischen gelegt, die f\u00fcr gr\u00f6\u00dfere Unternehmen nicht von Interesse sind und von kleinen Unternehmen nicht gleichzeitig erf\u00fcllt werden k\u00f6nnen. Beispielsweise werden kleine Datenlogger unter Eis installiert, kombiniert mit Li-Ionen-Batterien f\u00fcr hochaufl\u00f6sende Messungen, die in der Arktis ein Jahr lang halten. Solche Nischen erweisen sich als neue Wachstumsm\u00e4rkte der Zukunft.<\/p>\n<p>Der Trend geht zur Automatisierung. Beispielsweise wird ROV oder AUV f\u00fcr Subsysteme wie intelligente und hochkapazitive Li-Ionen-Batterien oder Sensorpakete zur Zustands\u00fcberwachung verwendet.<\/p>\n<p>Wir kontrollieren sorgf\u00e4ltig die Produktentwicklung, das Marketing und damit das Wachstum des Unternehmens. Ausgestattet mit gesundem Eigenkapital, Know-how der Mitarbeiter und einem Netzwerk aus Industrie, Wissenschaft und Verb\u00e4nden bietet SubCtech Sicherheit f\u00fcr seine Mitarbeiter, Kunden und Investoren.[\/vc_column_text][\/vc_column][\/vc_row]<\/p>\n","protected":false},"excerpt":{"rendered":"<p>[vc_row css=&#8221;.vc_custom_1582550512416{padding-top: 30px !important;}&#8221;][vc_column][vc_column_text]SubCtech, Kiel, bietet Unterwasserkraftl\u00f6sungen und Ozean\u00fcberwachungssysteme an. Wir bieten L\u00f6sungen in enger Zusammenarbeit mit unseren Kunden &#8211; in Wissenschaft und Industrie wie Offshore-\u00d6l + Gas. Li-Ionen-Batterien, p [&hellip;]<\/p>\n","protected":false},"author":1,"featured_media":0,"parent":0,"menu_order":0,"comment_status":"closed","ping_status":"closed","template":"page-template\/blank-page-sidebar.php","meta":{"footnotes":""},"class_list":["post-4983","page","type-page","status-publish","hentry"],"yoast_head":"<!-- This site is optimized with the Yoast SEO plugin v27.3 - https:\/\/yoast.com\/product\/yoast-seo-wordpress\/ -->\n<title>Geschichte - SubCtech - Ocean Power &amp; Monitoring<\/title>\n<meta name=\"robots\" content=\"index, follow, max-snippet:-1, max-image-preview:large, max-video-preview:-1\" \/>\n<link rel=\"canonical\" href=\"https:\/\/subctech.com\/de\/geschichte-und-aktueller-stand\/\" \/>\n<meta property=\"og:locale\" content=\"de_DE\" \/>\n<meta property=\"og:type\" content=\"article\" \/>\n<meta property=\"og:title\" content=\"Geschichte - SubCtech - Ocean Power &amp; Monitoring\" \/>\n<meta property=\"og:description\" content=\"[vc_row css=&#8221;.vc_custom_1582550512416{padding-top: 30px !important;}&#8221;][vc_column][vc_column_text]SubCtech, Kiel, bietet Unterwasserkraftl\u00f6sungen und Ozean\u00fcberwachungssysteme an. Wir bieten L\u00f6sungen in enger Zusammenarbeit mit unseren Kunden &#8211; in Wissenschaft und Industrie wie Offshore-\u00d6l + Gas. Li-Ionen-Batterien, p [&hellip;]\" \/>\n<meta property=\"og:url\" content=\"https:\/\/subctech.com\/de\/geschichte-und-aktueller-stand\/\" \/>\n<meta property=\"og:site_name\" content=\"SubCtech - Ocean Power &amp; Monitoring\" \/>\n<meta property=\"article:modified_time\" content=\"2024-01-25T08:36:25+00:00\" \/>\n<meta name=\"twitter:card\" content=\"summary_large_image\" \/>\n<meta name=\"twitter:label1\" content=\"Gesch\u00e4tzte Lesezeit\" \/>\n\t<meta name=\"twitter:data1\" content=\"4\u00a0Minuten\" \/>\n<script type=\"application\/ld+json\" class=\"yoast-schema-graph\">{\"@context\":\"https:\\\/\\\/schema.org\",\"@graph\":[{\"@type\":\"WebPage\",\"@id\":\"https:\\\/\\\/subctech.com\\\/de\\\/geschichte-und-aktueller-stand\\\/\",\"url\":\"https:\\\/\\\/subctech.com\\\/de\\\/geschichte-und-aktueller-stand\\\/\",\"name\":\"Geschichte - SubCtech - Ocean Power &amp; Monitoring\",\"isPartOf\":{\"@id\":\"https:\\\/\\\/subctech.com\\\/de\\\/#website\"},\"datePublished\":\"2021-01-18T14:55:45+00:00\",\"dateModified\":\"2024-01-25T08:36:25+00:00\",\"breadcrumb\":{\"@id\":\"https:\\\/\\\/subctech.com\\\/de\\\/geschichte-und-aktueller-stand\\\/#breadcrumb\"},\"inLanguage\":\"de\",\"potentialAction\":[{\"@type\":\"ReadAction\",\"target\":[\"https:\\\/\\\/subctech.com\\\/de\\\/geschichte-und-aktueller-stand\\\/\"]}]},{\"@type\":\"BreadcrumbList\",\"@id\":\"https:\\\/\\\/subctech.com\\\/de\\\/geschichte-und-aktueller-stand\\\/#breadcrumb\",\"itemListElement\":[{\"@type\":\"ListItem\",\"position\":1,\"name\":\"Home\",\"item\":\"https:\\\/\\\/subctech.com\\\/de\\\/\"},{\"@type\":\"ListItem\",\"position\":2,\"name\":\"Geschichte\"}]},{\"@type\":\"WebSite\",\"@id\":\"https:\\\/\\\/subctech.com\\\/de\\\/#website\",\"url\":\"https:\\\/\\\/subctech.com\\\/de\\\/\",\"name\":\"SubCtech - Ocean Power &amp; Monitoring\",\"description\":\"Ocean engineering - from coast to deepsea\",\"publisher\":{\"@id\":\"https:\\\/\\\/subctech.com\\\/de\\\/#organization\"},\"potentialAction\":[{\"@type\":\"SearchAction\",\"target\":{\"@type\":\"EntryPoint\",\"urlTemplate\":\"https:\\\/\\\/subctech.com\\\/de\\\/?s={search_term_string}\"},\"query-input\":{\"@type\":\"PropertyValueSpecification\",\"valueRequired\":true,\"valueName\":\"search_term_string\"}}],\"inLanguage\":\"de\"},{\"@type\":\"Organization\",\"@id\":\"https:\\\/\\\/subctech.com\\\/de\\\/#organization\",\"name\":\"SubCtech - Ocean Power &amp; Monitoring\",\"url\":\"https:\\\/\\\/subctech.com\\\/de\\\/\",\"logo\":{\"@type\":\"ImageObject\",\"inLanguage\":\"de\",\"@id\":\"https:\\\/\\\/subctech.com\\\/de\\\/#\\\/schema\\\/logo\\\/image\\\/\",\"url\":\"https:\\\/\\\/subctech.com\\\/wp-content\\\/uploads\\\/2025\\\/06\\\/cropped-Logo_SubCtech_blue-subtitle-web.png\",\"contentUrl\":\"https:\\\/\\\/subctech.com\\\/wp-content\\\/uploads\\\/2025\\\/06\\\/cropped-Logo_SubCtech_blue-subtitle-web.png\",\"width\":245,\"height\":205,\"caption\":\"SubCtech - Ocean Power &amp; Monitoring\"},\"image\":{\"@id\":\"https:\\\/\\\/subctech.com\\\/de\\\/#\\\/schema\\\/logo\\\/image\\\/\"}}]}<\/script>\n<!-- \/ Yoast SEO plugin. -->","yoast_head_json":{"title":"Geschichte - SubCtech - Ocean Power &amp; Monitoring","robots":{"index":"index","follow":"follow","max-snippet":"max-snippet:-1","max-image-preview":"max-image-preview:large","max-video-preview":"max-video-preview:-1"},"canonical":"https:\/\/subctech.com\/de\/geschichte-und-aktueller-stand\/","og_locale":"de_DE","og_type":"article","og_title":"Geschichte - SubCtech - Ocean Power &amp; Monitoring","og_description":"[vc_row css=&#8221;.vc_custom_1582550512416{padding-top: 30px !important;}&#8221;][vc_column][vc_column_text]SubCtech, Kiel, bietet Unterwasserkraftl\u00f6sungen und Ozean\u00fcberwachungssysteme an. Wir bieten L\u00f6sungen in enger Zusammenarbeit mit unseren Kunden &#8211; in Wissenschaft und Industrie wie Offshore-\u00d6l + Gas. Li-Ionen-Batterien, p [&hellip;]","og_url":"https:\/\/subctech.com\/de\/geschichte-und-aktueller-stand\/","og_site_name":"SubCtech - Ocean Power &amp; Monitoring","article_modified_time":"2024-01-25T08:36:25+00:00","twitter_card":"summary_large_image","twitter_misc":{"Gesch\u00e4tzte Lesezeit":"4\u00a0Minuten"},"schema":{"@context":"https:\/\/schema.org","@graph":[{"@type":"WebPage","@id":"https:\/\/subctech.com\/de\/geschichte-und-aktueller-stand\/","url":"https:\/\/subctech.com\/de\/geschichte-und-aktueller-stand\/","name":"Geschichte - SubCtech - Ocean Power &amp; Monitoring","isPartOf":{"@id":"https:\/\/subctech.com\/de\/#website"},"datePublished":"2021-01-18T14:55:45+00:00","dateModified":"2024-01-25T08:36:25+00:00","breadcrumb":{"@id":"https:\/\/subctech.com\/de\/geschichte-und-aktueller-stand\/#breadcrumb"},"inLanguage":"de","potentialAction":[{"@type":"ReadAction","target":["https:\/\/subctech.com\/de\/geschichte-und-aktueller-stand\/"]}]},{"@type":"BreadcrumbList","@id":"https:\/\/subctech.com\/de\/geschichte-und-aktueller-stand\/#breadcrumb","itemListElement":[{"@type":"ListItem","position":1,"name":"Home","item":"https:\/\/subctech.com\/de\/"},{"@type":"ListItem","position":2,"name":"Geschichte"}]},{"@type":"WebSite","@id":"https:\/\/subctech.com\/de\/#website","url":"https:\/\/subctech.com\/de\/","name":"SubCtech - Ocean Power &amp; Monitoring","description":"Ocean engineering - from coast to deepsea","publisher":{"@id":"https:\/\/subctech.com\/de\/#organization"},"potentialAction":[{"@type":"SearchAction","target":{"@type":"EntryPoint","urlTemplate":"https:\/\/subctech.com\/de\/?s={search_term_string}"},"query-input":{"@type":"PropertyValueSpecification","valueRequired":true,"valueName":"search_term_string"}}],"inLanguage":"de"},{"@type":"Organization","@id":"https:\/\/subctech.com\/de\/#organization","name":"SubCtech - Ocean Power &amp; Monitoring","url":"https:\/\/subctech.com\/de\/","logo":{"@type":"ImageObject","inLanguage":"de","@id":"https:\/\/subctech.com\/de\/#\/schema\/logo\/image\/","url":"https:\/\/subctech.com\/wp-content\/uploads\/2025\/06\/cropped-Logo_SubCtech_blue-subtitle-web.png","contentUrl":"https:\/\/subctech.com\/wp-content\/uploads\/2025\/06\/cropped-Logo_SubCtech_blue-subtitle-web.png","width":245,"height":205,"caption":"SubCtech - Ocean Power &amp; Monitoring"},"image":{"@id":"https:\/\/subctech.com\/de\/#\/schema\/logo\/image\/"}}]}},"_links":{"self":[{"href":"https:\/\/subctech.com\/de\/wp-json\/wp\/v2\/pages\/4983","targetHints":{"allow":["GET"]}}],"collection":[{"href":"https:\/\/subctech.com\/de\/wp-json\/wp\/v2\/pages"}],"about":[{"href":"https:\/\/subctech.com\/de\/wp-json\/wp\/v2\/types\/page"}],"author":[{"embeddable":true,"href":"https:\/\/subctech.com\/de\/wp-json\/wp\/v2\/users\/1"}],"replies":[{"embeddable":true,"href":"https:\/\/subctech.com\/de\/wp-json\/wp\/v2\/comments?post=4983"}],"version-history":[{"count":6,"href":"https:\/\/subctech.com\/de\/wp-json\/wp\/v2\/pages\/4983\/revisions"}],"predecessor-version":[{"id":6631,"href":"https:\/\/subctech.com\/de\/wp-json\/wp\/v2\/pages\/4983\/revisions\/6631"}],"wp:attachment":[{"href":"https:\/\/subctech.com\/de\/wp-json\/wp\/v2\/media?parent=4983"}],"curies":[{"name":"wp","href":"https:\/\/api.w.org\/{rel}","templated":true}]}}