{"id":5003,"date":"2021-01-19T12:39:44","date_gmt":"2021-01-19T11:39:44","guid":{"rendered":"https:\/\/subctech.com\/mitgliedschaften\/"},"modified":"2023-04-05T12:35:58","modified_gmt":"2023-04-05T11:35:58","slug":"mitgliedschaften","status":"publish","type":"page","link":"https:\/\/subctech.com\/de\/mitgliedschaften\/","title":{"rendered":"Mitgliedschaften"},"content":{"rendered":"<p>[vc_row css=&#8221;.vc_custom_1582550963511{padding-top: 30px !important;padding-bottom: 30px !important;}&#8221;][vc_column]\n    <div class=\"row d-flex justify-content-center wow \">\n      <div class=\"col-lg-12\">\n        <div class=\" dustrial-stitle-69db9b160863d section-title-two text-center\">\n          <div class=\"section-two-body\">\n            <h6 class=\"sub-title activeColor\"><\/h6>\n           <h3 class=\"main-title\">Forschung &amp; Entwicklung f\u00fcr Zukunftsm\u00e4rkte<\/h3>\n          <\/div>\n          <div class=\"stock\">\n            <img decoding=\"async\" src=\"https:\/\/subctech.com\/wp-content\/uploads\/2019\/12\/Logo-punkte.png\" alt=\"stock\">\n          <\/div>\n        <\/div>\n      <\/div>\n    <\/div>\n\n    [vc_column_text]Wir arbeiten mit Universit\u00e4ten und Instituten zusammen, um mit dem aktuellen Stand der wissenschaftlichen Erkenntnisse und Forschung Schritt zu halten. Wir haben auch eine interne Entwicklungsabteilung, um unseren Kunden modernste Technologie anbieten zu k\u00f6nnen. Unsere Expertise-Netzwerke realisieren interdisziplin\u00e4re L\u00f6sungen f\u00fcr breite M\u00e4rkte. Unsere L\u00f6sungen f\u00fcr herausfordernde Aufgaben erreichen neue M\u00e4rkte.[\/vc_column_text][\/vc_column][\/vc_row][vc_row][vc_column width=&#8221;1\/3&#8243;][vc_single_image image=&#8221;5016&#8243; img_size=&#8221;full&#8221;][vc_column_text]Member of American Geophysical Union (AGU)<\/p>\n<p><a href=\"https:\/\/sites.agu.org\">sites.agu.org<\/a>[\/vc_column_text][\/vc_column][vc_column width=&#8221;1\/3&#8243;][vc_single_image image=&#8221;5014&#8243; img_size=&#8221;full&#8221;][vc_column_text]Member of AQUZENTE (ended 2016)[\/vc_column_text][\/vc_column][vc_column width=&#8221;1\/3&#8243;][vc_single_image image=&#8221;5012&#8243; img_size=&#8221;full&#8221;][vc_column_text]Founding member of German Association for Aquaculture Technologies<\/p>\n<p><a href=\"https:\/\/www.bundesverband-aquakultur.de\/\">www.bundesverband-aquakultur.de<\/a>[\/vc_column_text][\/vc_column][\/vc_row][vc_row][vc_column width=&#8221;1\/3&#8243;][vc_single_image image=&#8221;5010&#8243; img_size=&#8221;full&#8221;][vc_column_text]<span lang=\"EN-GB\">Silver member of Cruise Lines International Association<\/span> (2016)<\/p>\n<p><a href=\"https:\/\/www.cruising.org\">www.cruising.org<\/a>[\/vc_column_text][\/vc_column][vc_column width=&#8221;1\/3&#8243;][vc_single_image image=&#8221;5042&#8243; img_size=&#8221;full&#8221;][vc_column_text]Member of Deutsche Gesellschaft f\u00fcr Meeresforschung (DGM)<\/p>\n<p><a href=\"https:\/\/www.dg-meeresforschung.de\">www.dg-meeresforschung.de<\/a>[\/vc_column_text][\/vc_column][vc_column width=&#8221;1\/3&#8243;][vc_single_image image=&#8221;5006&#8243; img_size=&#8221;150&#215;150&#8243; alignment=&#8221;center&#8221;][vc_column_text]Member of Deutsche Hydrographische Gesellschaft (DHyG)<\/p>\n<p><a href=\"https:\/\/www.dhyg.de\">www.dhyg.de<\/a>[\/vc_column_text][\/vc_column][\/vc_row][vc_row][vc_column width=&#8221;1\/3&#8243;][vc_single_image image=&#8221;5040&#8243; img_size=&#8221;full&#8221;][vc_column_text]Member of Deutsches Maritimes Kompetenz Netz (DMKN)<\/p>\n<p><a href=\"https:\/\/dmkn.de\">www.dmkn.de<\/a>[\/vc_column_text][\/vc_column][vc_column width=&#8221;1\/3&#8243;][vc_single_image image=&#8221;5038&#8243; img_size=&#8221;full&#8221;][vc_column_text]Member of FerryBox EuroGOOS community<\/p>\n<p><a href=\"https:\/\/www.ferrybox.com\">www.ferrybox.com<\/a>[\/vc_column_text][\/vc_column][vc_column width=&#8221;1\/3&#8243;][vc_single_image image=&#8221;5036&#8243; img_size=&#8221;full&#8221;][vc_column_text]Member of FONA \u2013 Research for Sustainability<\/p>\n<p><a href=\"https:\/\/www.fona.de\">www.fona.de<\/a>[\/vc_column_text][\/vc_column][\/vc_row][vc_row][vc_column width=&#8221;1\/3&#8243;][vc_single_image image=&#8221;5034&#8243; img_size=&#8221;full&#8221;][vc_column_text]Member of Gesellschaft f\u00fcr Maritime Technik e.V. (GMT) (German Association for Marine Technology)<\/p>\n<p><a href=\"https:\/\/www.maritime-technik.de\">www.maritime-technik.de<\/a>[\/vc_column_text][\/vc_column][vc_column width=&#8221;1\/3&#8243;][vc_single_image image=&#8221;5032&#8243; img_size=&#8221;full&#8221;][vc_column_text]<span lang=\"EN-GB\">Handels- und Industriepark Wellsee, Industrial association for companies in Kiel-Wellsee, Germany<\/span> (HIP)<\/p>\n<p><a href=\"https:\/\/www.hip-kiel-wellsee.de\">www.hip-kiel-wellsee.de<\/a>[\/vc_column_text][\/vc_column][vc_column width=&#8221;1\/3&#8243;][vc_single_image image=&#8221;6275&#8243; img_size=&#8221;full&#8221;][vc_column_text]Tr\u00e4ger des Siegels &#8220;Innovativ durch Forschung&#8221;<\/p>\n<p><a href=\"https:\/\/www.stifterverband.org\/forschungssiegel\">www.stifterverband.org<\/a>[\/vc_column_text][\/vc_column][\/vc_row][vc_row][vc_column width=&#8221;1\/3&#8243;][vc_single_image image=&#8221;5008&#8243; img_size=&#8221;full&#8221;][vc_column_text]Member of Maritime Cluster Northern Germany (MCN)<\/p>\n<p><a href=\"https:\/\/www.maritimes-cluster.de\">www.maritimes-cluster.de<\/a>[\/vc_column_text][\/vc_column][vc_column width=&#8221;1\/3&#8243;][vc_single_image image=&#8221;5026&#8243; img_size=&#8221;full&#8221;][vc_column_text]Member of MINI-ROV<\/p>\n<p><a href=\"https:\/\/www.mini-rov.de\/\">www.mini-rov.de<\/a>[\/vc_column_text][\/vc_column][vc_column width=&#8221;1\/3&#8243;][vc_single_image image=&#8221;5030&#8243; img_size=&#8221;full&#8221;][vc_column_text]Member of The National Marine Electronics Association (NMEA)<\/p>\n<p><a href=\"https:\/\/www.nmea.org\">www.nmea.org<\/a>[\/vc_column_text][\/vc_column][\/vc_row][vc_row][vc_column width=&#8221;1\/3&#8243;][vc_single_image image=&#8221;5028&#8243; img_size=&#8221;full&#8221;][vc_column_text]OSC Project recognized by P\u00f4le Mer Bretagne\u00a0(2012)<\/p>\n<p><a class=\"ext\" href=\"http:\/\/www.pole-mer-bretagne-atlantique.com\/en\/shipbuilding-and-leisure-boatbuilding\/project\/oceanoscientific-system\" target=\"_blank\" rel=\"noopener noreferrer\">www.pole-mer-bretagne-atlantique.com\/\u2026\/oceanoscientific-system<\/a>[\/vc_column_text][\/vc_column][vc_column width=&#8221;1\/3&#8243;][vc_single_image image=&#8221;5024&#8243; img_size=&#8221;full&#8221;][vc_column_text]Schleswig-Holstein, Partnership<\/p>\n<p><a href=\"https:\/\/www.partner-sh.de\">www.partner-sh.de<\/a>[\/vc_column_text][\/vc_column][vc_column width=&#8221;1\/3&#8243;][vc_single_image image=&#8221;5022&#8243; img_size=&#8221;full&#8221;][vc_column_text]Founding member of German Network \u201cSubsea Monitoring Network e.V.\u201d<\/p>\n<p><a href=\"https:\/\/www.subseamonitoring.net\">www.subseamonitoring.net<\/a>[\/vc_column_text][\/vc_column][\/vc_row][vc_row][vc_column width=&#8221;1\/3&#8243;][vc_single_image image=&#8221;5020&#8243; img_size=&#8221;full&#8221;][vc_column_text]Member of The Society for Underwater Technology (SUT)<\/p>\n<p><a href=\"https:\/\/www.sut.org\">www.sut.org<\/a>[\/vc_column_text][\/vc_column][vc_column width=&#8221;1\/3&#8243;][vc_single_image image=&#8221;5018&#8243; img_size=&#8221;full&#8221;][vc_column_text]Member of World Ocean Council (WOC)<\/p>\n<p><a href=\"https:\/\/www.oceancouncil.org\/\">www.oceancouncil.org<\/a>[\/vc_column_text][\/vc_column][vc_column width=&#8221;1\/3&#8243;][vc_single_image image=&#8221;6447&#8243; img_size=&#8221;220&#215;150&#8243;][vc_column_text]<\/p>\n<div class=\"wpb_text_column wpb_content_element \">\n<p>Member of CAN in Automation international users\u2019 and manufacturers\u2019 group e.V.<\/p>\n<p><a href=\"https:\/\/www.can-cia.org\/\" target=\"_blank\" rel=\"noopener\">https:\/\/www.can-cia.org<\/a><\/p>\n<\/div>\n<p>[\/vc_column_text][\/vc_column][\/vc_row]<\/p>\n","protected":false},"excerpt":{"rendered":"<p>[vc_row css=&#8221;.vc_custom_1582550963511{padding-top: 30px !important;padding-bottom: 30px !important;}&#8221;][vc_column][vc_column_text]Wir arbeiten mit Universit\u00e4ten und Instituten zusammen, um mit dem aktuellen Stand der wissenschaftlichen Erkenntnisse und Forschung Schritt zu halten. Wir haben auch eine interne [&hellip;]<\/p>\n","protected":false},"author":1,"featured_media":0,"parent":0,"menu_order":0,"comment_status":"closed","ping_status":"closed","template":"page-template\/blank-page-sidebar.php","meta":{"footnotes":""},"class_list":["post-5003","page","type-page","status-publish","hentry"],"yoast_head":"<!-- This site is optimized with the Yoast SEO plugin v27.3 - https:\/\/yoast.com\/product\/yoast-seo-wordpress\/ -->\n<title>Mitgliedschaften - SubCtech - Ocean Power &amp; Monitoring<\/title>\n<meta name=\"robots\" content=\"index, follow, max-snippet:-1, max-image-preview:large, max-video-preview:-1\" \/>\n<link rel=\"canonical\" href=\"https:\/\/subctech.com\/de\/mitgliedschaften\/\" \/>\n<meta property=\"og:locale\" content=\"de_DE\" \/>\n<meta property=\"og:type\" content=\"article\" \/>\n<meta property=\"og:title\" content=\"Mitgliedschaften - SubCtech - Ocean Power &amp; Monitoring\" \/>\n<meta property=\"og:description\" content=\"[vc_row css=&#8221;.vc_custom_1582550963511{padding-top: 30px !important;padding-bottom: 30px !important;}&#8221;][vc_column][vc_column_text]Wir arbeiten mit Universit\u00e4ten und Instituten zusammen, um mit dem aktuellen Stand der wissenschaftlichen Erkenntnisse und Forschung Schritt zu halten. Wir haben auch eine interne [&hellip;]\" \/>\n<meta property=\"og:url\" content=\"https:\/\/subctech.com\/de\/mitgliedschaften\/\" \/>\n<meta property=\"og:site_name\" content=\"SubCtech - Ocean Power &amp; Monitoring\" \/>\n<meta property=\"article:modified_time\" content=\"2023-04-05T11:35:58+00:00\" \/>\n<meta name=\"twitter:card\" content=\"summary_large_image\" \/>\n<meta name=\"twitter:label1\" content=\"Gesch\u00e4tzte Lesezeit\" \/>\n\t<meta name=\"twitter:data1\" content=\"2\u00a0Minuten\" \/>\n<script type=\"application\/ld+json\" class=\"yoast-schema-graph\">{\"@context\":\"https:\\\/\\\/schema.org\",\"@graph\":[{\"@type\":\"WebPage\",\"@id\":\"https:\\\/\\\/subctech.com\\\/de\\\/mitgliedschaften\\\/\",\"url\":\"https:\\\/\\\/subctech.com\\\/de\\\/mitgliedschaften\\\/\",\"name\":\"Mitgliedschaften - SubCtech - Ocean Power &amp; Monitoring\",\"isPartOf\":{\"@id\":\"https:\\\/\\\/subctech.com\\\/de\\\/#website\"},\"datePublished\":\"2021-01-19T11:39:44+00:00\",\"dateModified\":\"2023-04-05T11:35:58+00:00\",\"breadcrumb\":{\"@id\":\"https:\\\/\\\/subctech.com\\\/de\\\/mitgliedschaften\\\/#breadcrumb\"},\"inLanguage\":\"de\",\"potentialAction\":[{\"@type\":\"ReadAction\",\"target\":[\"https:\\\/\\\/subctech.com\\\/de\\\/mitgliedschaften\\\/\"]}]},{\"@type\":\"BreadcrumbList\",\"@id\":\"https:\\\/\\\/subctech.com\\\/de\\\/mitgliedschaften\\\/#breadcrumb\",\"itemListElement\":[{\"@type\":\"ListItem\",\"position\":1,\"name\":\"Home\",\"item\":\"https:\\\/\\\/subctech.com\\\/de\\\/\"},{\"@type\":\"ListItem\",\"position\":2,\"name\":\"Mitgliedschaften\"}]},{\"@type\":\"WebSite\",\"@id\":\"https:\\\/\\\/subctech.com\\\/de\\\/#website\",\"url\":\"https:\\\/\\\/subctech.com\\\/de\\\/\",\"name\":\"SubCtech - Ocean Power &amp; Monitoring\",\"description\":\"Ocean engineering - from coast to deepsea\",\"publisher\":{\"@id\":\"https:\\\/\\\/subctech.com\\\/de\\\/#organization\"},\"potentialAction\":[{\"@type\":\"SearchAction\",\"target\":{\"@type\":\"EntryPoint\",\"urlTemplate\":\"https:\\\/\\\/subctech.com\\\/de\\\/?s={search_term_string}\"},\"query-input\":{\"@type\":\"PropertyValueSpecification\",\"valueRequired\":true,\"valueName\":\"search_term_string\"}}],\"inLanguage\":\"de\"},{\"@type\":\"Organization\",\"@id\":\"https:\\\/\\\/subctech.com\\\/de\\\/#organization\",\"name\":\"SubCtech - Ocean Power &amp; Monitoring\",\"url\":\"https:\\\/\\\/subctech.com\\\/de\\\/\",\"logo\":{\"@type\":\"ImageObject\",\"inLanguage\":\"de\",\"@id\":\"https:\\\/\\\/subctech.com\\\/de\\\/#\\\/schema\\\/logo\\\/image\\\/\",\"url\":\"https:\\\/\\\/subctech.com\\\/wp-content\\\/uploads\\\/2025\\\/06\\\/cropped-Logo_SubCtech_blue-subtitle-web.png\",\"contentUrl\":\"https:\\\/\\\/subctech.com\\\/wp-content\\\/uploads\\\/2025\\\/06\\\/cropped-Logo_SubCtech_blue-subtitle-web.png\",\"width\":245,\"height\":205,\"caption\":\"SubCtech - Ocean Power &amp; Monitoring\"},\"image\":{\"@id\":\"https:\\\/\\\/subctech.com\\\/de\\\/#\\\/schema\\\/logo\\\/image\\\/\"}}]}<\/script>\n<!-- \/ Yoast SEO plugin. -->","yoast_head_json":{"title":"Mitgliedschaften - SubCtech - Ocean Power &amp; Monitoring","robots":{"index":"index","follow":"follow","max-snippet":"max-snippet:-1","max-image-preview":"max-image-preview:large","max-video-preview":"max-video-preview:-1"},"canonical":"https:\/\/subctech.com\/de\/mitgliedschaften\/","og_locale":"de_DE","og_type":"article","og_title":"Mitgliedschaften - SubCtech - Ocean Power &amp; Monitoring","og_description":"[vc_row css=&#8221;.vc_custom_1582550963511{padding-top: 30px !important;padding-bottom: 30px !important;}&#8221;][vc_column][vc_column_text]Wir arbeiten mit Universit\u00e4ten und Instituten zusammen, um mit dem aktuellen Stand der wissenschaftlichen Erkenntnisse und Forschung Schritt zu halten. Wir haben auch eine interne [&hellip;]","og_url":"https:\/\/subctech.com\/de\/mitgliedschaften\/","og_site_name":"SubCtech - Ocean Power &amp; Monitoring","article_modified_time":"2023-04-05T11:35:58+00:00","twitter_card":"summary_large_image","twitter_misc":{"Gesch\u00e4tzte Lesezeit":"2\u00a0Minuten"},"schema":{"@context":"https:\/\/schema.org","@graph":[{"@type":"WebPage","@id":"https:\/\/subctech.com\/de\/mitgliedschaften\/","url":"https:\/\/subctech.com\/de\/mitgliedschaften\/","name":"Mitgliedschaften - SubCtech - Ocean Power &amp; Monitoring","isPartOf":{"@id":"https:\/\/subctech.com\/de\/#website"},"datePublished":"2021-01-19T11:39:44+00:00","dateModified":"2023-04-05T11:35:58+00:00","breadcrumb":{"@id":"https:\/\/subctech.com\/de\/mitgliedschaften\/#breadcrumb"},"inLanguage":"de","potentialAction":[{"@type":"ReadAction","target":["https:\/\/subctech.com\/de\/mitgliedschaften\/"]}]},{"@type":"BreadcrumbList","@id":"https:\/\/subctech.com\/de\/mitgliedschaften\/#breadcrumb","itemListElement":[{"@type":"ListItem","position":1,"name":"Home","item":"https:\/\/subctech.com\/de\/"},{"@type":"ListItem","position":2,"name":"Mitgliedschaften"}]},{"@type":"WebSite","@id":"https:\/\/subctech.com\/de\/#website","url":"https:\/\/subctech.com\/de\/","name":"SubCtech - Ocean Power &amp; Monitoring","description":"Ocean engineering - from coast to deepsea","publisher":{"@id":"https:\/\/subctech.com\/de\/#organization"},"potentialAction":[{"@type":"SearchAction","target":{"@type":"EntryPoint","urlTemplate":"https:\/\/subctech.com\/de\/?s={search_term_string}"},"query-input":{"@type":"PropertyValueSpecification","valueRequired":true,"valueName":"search_term_string"}}],"inLanguage":"de"},{"@type":"Organization","@id":"https:\/\/subctech.com\/de\/#organization","name":"SubCtech - Ocean Power &amp; Monitoring","url":"https:\/\/subctech.com\/de\/","logo":{"@type":"ImageObject","inLanguage":"de","@id":"https:\/\/subctech.com\/de\/#\/schema\/logo\/image\/","url":"https:\/\/subctech.com\/wp-content\/uploads\/2025\/06\/cropped-Logo_SubCtech_blue-subtitle-web.png","contentUrl":"https:\/\/subctech.com\/wp-content\/uploads\/2025\/06\/cropped-Logo_SubCtech_blue-subtitle-web.png","width":245,"height":205,"caption":"SubCtech - Ocean Power &amp; Monitoring"},"image":{"@id":"https:\/\/subctech.com\/de\/#\/schema\/logo\/image\/"}}]}},"_links":{"self":[{"href":"https:\/\/subctech.com\/de\/wp-json\/wp\/v2\/pages\/5003","targetHints":{"allow":["GET"]}}],"collection":[{"href":"https:\/\/subctech.com\/de\/wp-json\/wp\/v2\/pages"}],"about":[{"href":"https:\/\/subctech.com\/de\/wp-json\/wp\/v2\/types\/page"}],"author":[{"embeddable":true,"href":"https:\/\/subctech.com\/de\/wp-json\/wp\/v2\/users\/1"}],"replies":[{"embeddable":true,"href":"https:\/\/subctech.com\/de\/wp-json\/wp\/v2\/comments?post=5003"}],"version-history":[{"count":7,"href":"https:\/\/subctech.com\/de\/wp-json\/wp\/v2\/pages\/5003\/revisions"}],"predecessor-version":[{"id":6451,"href":"https:\/\/subctech.com\/de\/wp-json\/wp\/v2\/pages\/5003\/revisions\/6451"}],"wp:attachment":[{"href":"https:\/\/subctech.com\/de\/wp-json\/wp\/v2\/media?parent=5003"}],"curies":[{"name":"wp","href":"https:\/\/api.w.org\/{rel}","templated":true}]}}