{"id":5086,"date":"2021-01-19T12:50:06","date_gmt":"2021-01-19T11:50:06","guid":{"rendered":"https:\/\/subctech.com\/fe-projekte\/"},"modified":"2021-03-01T16:39:44","modified_gmt":"2021-03-01T15:39:44","slug":"fe-projekte","status":"publish","type":"page","link":"https:\/\/subctech.com\/de\/fe-projekte\/","title":{"rendered":"F&#038;E Projekte"},"content":{"rendered":"<p>[vc_row full_width=&#8221;stretch_row&#8221; css=&#8221;.vc_custom_1609837500928{padding-top: 30px !important;padding-bottom: 30px !important;}&#8221;][vc_column]\n    <div class=\"row d-flex justify-content-center wow \">\n      <div class=\"col-lg-12\">\n        <div class=\" dustrial-stitle-69d7739dae5af section-title-two text-center\">\n          <div class=\"section-two-body\">\n            <h6 class=\"sub-title activeColor\">Projekte<\/h6>\n           <h3 class=\"main-title\">Forschung &amp; Entwicklung<\/h3>\n          <\/div>\n          <div class=\"stock\">\n            <img decoding=\"async\" src=\"https:\/\/subctech.com\/wp-content\/uploads\/2019\/12\/Logo-punkte.png\" alt=\"stock\">\n          <\/div>\n        <\/div>\n      <\/div>\n    <\/div>\n\n    [vc_column_text]Wir arbeiten mit Universit\u00e4ten und Instituten zusammen, um mit dem aktuellen Stand der wissenschaftlichen Erkenntnisse und Forschung Schritt zu halten. Wir haben auch eine interne Entwicklungsabteilung, um unseren Kunden modernste Technologie anbieten zu k\u00f6nnen.[\/vc_column_text][\/vc_column][\/vc_row][vc_row full_width=&#8221;stretch_row&#8221; css=&#8221;.vc_custom_1589453982234{padding-top: 30px !important;background-color: #f5f5f5 !important;}&#8221;][vc_column]\n    <div class=\"row d-flex justify-content-center wow \">\n      <div class=\"col-lg-12\">\n        <div class=\" dustrial-stitle-69d7739daedee section-title-two text-center\">\n          <div class=\"section-two-body\">\n            <h6 class=\"sub-title activeColor\">Projekte (alphabetisch sortiert)<\/h6>\n           <h3 class=\"main-title\"><\/h3>\n          <\/div>\n          <div class=\"stock\">\n            <img decoding=\"async\" src=\"https:\/\/subctech.com\/wp-content\/uploads\/2019\/12\/Logo-punkte.png\" alt=\"stock\">\n          <\/div>\n        <\/div>\n      <\/div>\n    <\/div>\n\n    [\/vc_column][\/vc_row][vc_row full_width=&#8221;stretch_row&#8221; css=&#8221;.vc_custom_1589453962520{padding-top: 30px !important;padding-bottom: 30px !important;background-color: #f5f5f5 !important;}&#8221;][vc_column width=&#8221;1\/3&#8243;][vc_single_image image=&#8221;5113&#8243; img_size=&#8221;full&#8221;][\/vc_column][vc_column width=&#8221;2\/3&#8243;][vc_column_text]Bereitstellung neuer Technologien f\u00fcr die \u00dcberwachung des arktischen und antarktischen Ozeans. Als kleines Schiff eignet sich die \u201eDagmar Aaen\u201c perfekt, um Daten direkt in Gebieten zu sammeln, in denen fr\u00fcher fehlende wissenschaftliche Daten extrapoliert werden mussten.[\/vc_column_text][\/vc_column][\/vc_row][vc_row full_width=&#8221;stretch_row&#8221; css=&#8221;.vc_custom_1589453993309{padding-top: 30px !important;padding-bottom: 30px !important;background-color: #f5f5f5 !important;}&#8221;][vc_column width=&#8221;1\/3&#8243;][vc_single_image image=&#8221;5109&#8243; img_size=&#8221;full&#8221;][\/vc_column][vc_column width=&#8221;2\/3&#8243;][vc_column_text]Entwicklung einer induktiven Unterwasser-Ladeladung und einer zus\u00e4tzlichen drahtlosen Hochgeschwindigkeitsdatenverbindung min. 1 MBit mit Magnetkopplung.<br \/>\nDie Kooperation zwischen der Fachhochschule Kiel (FH-Kiel), der Universit\u00e4t Kiel &#8211; Fakult\u00e4t f\u00fcr Ingenieurwissenschaften (CAU Technische Fakult\u00e4t) und SubCtech. SubCtech ist Mitinvestor dieses herausfordernden und innovativen Projekts, um diese Technologie \u201eMade in Germany\u201c auf den Markt zu bringen.<\/p>\n<p><em> Weitere Informationen: <a href=\"https:\/\/www.fh-kiel.de\/index.php?id=16577\" target=\"_blank\" rel=\"noopener noreferrer\"> www.fh-kiel.de <\/a> <\/em><\/p>\n<p><em> 2015 &#8211; 2017 <\/em>[\/vc_column_text][\/vc_column][\/vc_row][vc_row full_width=&#8221;stretch_row&#8221; css=&#8221;.vc_custom_1589454005402{padding-top: 30px !important;padding-bottom: 30px !important;background-color: #f5f5f5 !important;}&#8221;][vc_column width=&#8221;1\/3&#8243;][vc_single_image image=&#8221;5111&#8243; img_size=&#8221;full&#8221;][\/vc_column][vc_column width=&#8221;2\/3&#8243;][vc_column_text]Leitung der Arbeitspakete im EU-RP7-Projekt COMMON SENSE (<em> Kosteng\u00fcnstige Sensoren, die mit international bestehenden Ozeanbeobachtungssystemen kompatibel sind, um die politischen Anforderungen der EU zu erf\u00fcllen.) <\/em><\/p>\n<p><em> Homepage: <a href=\"http:\/\/www.commonsenseproject.eu\/\" target=\"_blank\" rel=\"noopener noreferrer\"> www.commonsenseproject.eu <\/a> <\/em><\/p>\n<p><em> 2013 &#8211; 2017 <\/em>[\/vc_column_text][\/vc_column][\/vc_row][vc_row full_width=&#8221;stretch_row&#8221; css=&#8221;.vc_custom_1589454046291{padding-top: 30px !important;padding-bottom: 30px !important;background-color: #f5f5f5 !important;}&#8221;][vc_column width=&#8221;1\/3&#8243;][vc_single_image image=&#8221;5089&#8243; img_size=&#8221;full&#8221;][\/vc_column][vc_column width=&#8221;2\/3&#8243;][vc_column_text]Von BMWi in Zusammenarbeit mit der WITTENSTEIN AG, der Hochschule Aalen und der OneSubsea GmbH gegr\u00fcndetes industrielles F &amp; E-Offshore-\u00d6l- und Gasprojekt.<\/p>\n<p>ISSA: Intelligent Safe Subsea Battery<\/p>\n<p>2016 &#8211; 2019[\/vc_column_text][\/vc_column][\/vc_row][vc_row full_width=&#8221;stretch_row&#8221; css=&#8221;.vc_custom_1589454056455{padding-top: 30px !important;padding-bottom: 30px !important;background-color: #f5f5f5 !important;}&#8221;][vc_column width=&#8221;1\/3&#8243;][vc_single_image image=&#8221;5091&#8243; img_size=&#8221;full&#8221;][\/vc_column][vc_column width=&#8221;2\/3&#8243;][vc_column_text]ERA NET MARTEC \u2013 OSC \u2013 Entwicklung einer Ger\u00e4teplattform f\u00fcr Segelschiffe, mit SailingOne AS, France.<br \/>\nGef\u00f6rdert durch ERA NET MARTEC, BMWI Germany \u2013 F\u00f6rderkennzeichen 03SX371A<\/p>\n<p>2014 \u2013 2015[\/vc_column_text][\/vc_column][\/vc_row][vc_row full_width=&#8221;stretch_row&#8221; css=&#8221;.vc_custom_1589454063804{padding-top: 30px !important;padding-bottom: 30px !important;background-color: #f5f5f5 !important;}&#8221;][vc_column width=&#8221;1\/3&#8243;][vc_single_image image=&#8221;5584&#8243; img_size=&#8221;full&#8221;][\/vc_column][vc_column width=&#8221;2\/3&#8243;][vc_column_text]MAUS &#8211; Entwicklung eines mobilen autonomen Unterwassersystems<\/p>\n<p>Forschungs- und Entwicklungsprojekt, gef\u00f6rdert durch das Land Schleswig-Holstein (EU.SH, WTSH) in Zusammenarbeit mit der Fachhochschule Kiel, der CAU Universit\u00e4t Kiel, der Universit\u00e4t L\u00fcbeck, EMMA Tech.<\/p>\n<p>2019 &#8211; 2022[\/vc_column_text][\/vc_column][\/vc_row][vc_row full_width=&#8221;stretch_row&#8221; css=&#8221;.vc_custom_1589454072559{padding-top: 30px !important;padding-bottom: 30px !important;background-color: #f5f5f5 !important;}&#8221;][vc_column width=&#8221;1\/3&#8243;][vc_single_image image=&#8221;5095&#8243; img_size=&#8221;full&#8221;][\/vc_column][vc_column width=&#8221;2\/3&#8243;][vc_column_text]<span class=\"VIiyi\" lang=\"de\"><span class=\"JLqJ4b ChMk0b\" data-language-for-alternatives=\"de\" data-language-to-translate-into=\"nl\" data-phrase-index=\"0\">Wir haben unser vielf\u00e4ltiges Know-how in einem Netzwerk geb\u00fcndelt, um eine effektive und wirtschaftliche Arbeitsroutine zu erm\u00f6glichen und damit als starker Partner in der Unterwassertechnologie zu agieren.<\/span><\/span><\/p>\n<p><span class=\"VIiyi\" lang=\"de\"> <span class=\"JLqJ4b ChMk0b\" data-language-for-alternatives=\"de\" data-language-to-translate-into=\"nl\" data-phrase-index=\"2\">Homepage:<a href=\"http:\/\/www.mini-rov.de\"> www.mini-rov.de<\/a><\/span> <\/span><\/p>\n<p><span class=\"VIiyi\" lang=\"de\"><span class=\"JLqJ4b ChMk0b\" data-language-for-alternatives=\"de\" data-language-to-translate-into=\"nl\" data-phrase-index=\"4\">seit 2016<\/span><\/span>[\/vc_column_text][\/vc_column][\/vc_row][vc_row full_width=&#8221;stretch_row&#8221; css=&#8221;.vc_custom_1589454080999{padding-top: 30px !important;padding-bottom: 30px !important;background-color: #f5f5f5 !important;}&#8221;][vc_column width=&#8221;1\/3&#8243;][vc_single_image image=&#8221;5097&#8243; img_size=&#8221;full&#8221;][\/vc_column][vc_column width=&#8221;2\/3&#8243;][vc_column_text]Industrielles Forschungs- und Entwicklungsprojekt, gef\u00f6rdert durch BMBF Deutschland, KMU-NetC. Projektmanagement durch Fraunhofer IGD, Rostock.<\/p>\n<p>Entwicklung eines innovativen <span id=\"result_box\" class=\"short_text\" lang=\"en\"> skalierbaren <\/span> Li-Ion-Batteriesystems f\u00fcr eROV- und Hybridfahrzeuge mit flexibler Konfiguration von Leistung und Spannung.<\/p>\n<p>2018-2020[\/vc_column_text][\/vc_column][\/vc_row][vc_row full_width=&#8221;stretch_row&#8221; css=&#8221;.vc_custom_1589454080999{padding-top: 30px !important;padding-bottom: 30px !important;background-color: #f5f5f5 !important;}&#8221;][vc_column width=&#8221;1\/3&#8243;][vc_single_image image=&#8221;5099&#8243; img_size=&#8221;full&#8221;][\/vc_column][vc_column width=&#8221;2\/3&#8243;][vc_column_text]NAUTILOS &#8211; New Approach to Underwater Technologies for Innovative, Low-cost Ocean observation &#8211; ist ein H2020-Projekt, das im Rahmen der Flaggschiff-Initiative \u201eZukunft der Meere und Ozeane\u201c finanziert wird. SubCtech wird einen Mikroplastik-Sampler und die Netzteile entwickeln.<\/p>\n<p>2020-2024[\/vc_column_text][\/vc_column][\/vc_row][vc_row full_width=&#8221;stretch_row&#8221; css=&#8221;.vc_custom_1589454090370{padding-top: 30px !important;padding-bottom: 30px !important;background-color: #f5f5f5 !important;}&#8221;][vc_column width=&#8221;1\/3&#8243;][vc_single_image image=&#8221;5101&#8243; img_size=&#8221;full&#8221;][\/vc_column][vc_column width=&#8221;2\/3&#8243;][vc_column_text]Industrielles Forschungs- und Entwicklungsprojekt, das von BMWi \/ ZIM Deutschland aus dem Europ\u00e4ischen Fonds f\u00fcr regionale Entwicklung (EFRE) gef\u00f6rdert wurde.<\/p>\n<p>Das Projekt \u201eNikoDe\u201c ist die Entwicklung eines innovativen Mess- und Kontrollmoduls zur vollautomatischen Kontrolle der Denitrifikation in Aquakultur-Umw\u00e4lzsystemen.<\/p>\n<p>Weitere Informationen: <span lang=\"EN-GB\"> <a href=\"http:\/\/www.ttz-bremerhaven.de\/\" target=\"_blank\" rel=\"noopener noreferrer\"> http: \/\/www.ttz -bremerhaven.de\/ <\/a> <\/span><\/p>\n<p>2015 &#8211; 2017[\/vc_column_text][\/vc_column][\/vc_row][vc_row full_width=&#8221;stretch_row&#8221; css=&#8221;.vc_custom_1589454101152{padding-top: 30px !important;padding-bottom: 30px !important;background-color: #f5f5f5 !important;}&#8221;][vc_column width=&#8221;1\/3&#8243;][vc_single_image image=&#8221;5103&#8243; img_size=&#8221;full&#8221;][\/vc_column][vc_column width=&#8221;2\/3&#8243;][vc_column_text]Industrielles Forschungs- und Entwicklungsprojekt, das von BMWi \/ ZIM Deutschland aus dem Europ\u00e4ischen Fonds f\u00fcr regionale Entwicklung (EFRE) gef\u00f6rdert wurde.<\/p>\n<p>Das Projekt \u201eNikoDe\u201c ist die Entwicklung eines innovativen Mess- und Kontrollmoduls zur vollautomatischen Kontrolle der Denitrifikation in Aquakultur-Umw\u00e4lzsystemen.<\/p>\n<p>Weitere Informationen: <span lang=\"EN-GB\"> <a href=\"http:\/\/www.ttz-bremerhaven.de\/\" target=\"_blank\" rel=\"noopener noreferrer\"> http: \/\/www.ttz -bremerhaven.de\/ <\/a> <\/span><\/p>\n<p>2015 &#8211; 2017[\/vc_column_text][\/vc_column][\/vc_row][vc_row full_width=&#8221;stretch_row&#8221; css=&#8221;.vc_custom_1589454109378{padding-top: 30px !important;padding-bottom: 30px !important;background-color: #f5f5f5 !important;}&#8221;][vc_column width=&#8221;1\/3&#8243;][vc_single_image image=&#8221;5105&#8243; img_size=&#8221;full&#8221;][\/vc_column][vc_column width=&#8221;2\/3&#8243;][vc_column_text]Projektleiter des EU-RP7-Projekts TRACT (<em> flexibler In-Pipe-Roboter f\u00fcr die Inspektion von Wasserleitungen) <\/em><\/p>\n<p>2013 &#8211; 2015[\/vc_column_text][\/vc_column][\/vc_row][vc_row full_width=&#8221;stretch_row&#8221; css=&#8221;.vc_custom_1589454121609{padding-top: 30px !important;padding-bottom: 30px !important;background-color: #f5f5f5 !important;}&#8221;][vc_column width=&#8221;1\/3&#8243;][vc_single_image image=&#8221;5107&#8243; img_size=&#8221;full&#8221;][\/vc_column][vc_column width=&#8221;2\/3&#8243;][vc_column_text]Industrielles Forschungs- und Entwicklungsprojekt, das von WTSH Deutschland aus dem Europ\u00e4ischen Fonds f\u00fcr regionale Entwicklung (EFRE) gef\u00f6rdert wurde.<\/p>\n<p>2012 &#8211; 2014[\/vc_column_text][\/vc_column][\/vc_row]<\/p>\n","protected":false},"excerpt":{"rendered":"<p>[vc_row full_width=&#8221;stretch_row&#8221; css=&#8221;.vc_custom_1609837500928{padding-top: 30px !important;padding-bottom: 30px !important;}&#8221;][vc_column][vc_column_text]Wir arbeiten mit Universit\u00e4ten und Instituten zusammen, um mit dem aktuellen Stand der wissenschaftlichen Erkenntnisse und Forschung Schritt zu halten. Wir haben auch eine [&hellip;]<\/p>\n","protected":false},"author":1,"featured_media":0,"parent":0,"menu_order":0,"comment_status":"closed","ping_status":"closed","template":"page-template\/blank-page-sidebar.php","meta":{"footnotes":""},"class_list":["post-5086","page","type-page","status-publish","hentry"],"yoast_head":"<!-- This site is optimized with the Yoast SEO plugin v27.3 - https:\/\/yoast.com\/product\/yoast-seo-wordpress\/ -->\n<title>F&amp;E Projekte - SubCtech - Ocean Power &amp; Monitoring<\/title>\n<meta name=\"robots\" content=\"index, follow, max-snippet:-1, max-image-preview:large, max-video-preview:-1\" \/>\n<link rel=\"canonical\" href=\"https:\/\/subctech.com\/de\/fe-projekte\/\" \/>\n<meta property=\"og:locale\" content=\"de_DE\" \/>\n<meta property=\"og:type\" content=\"article\" \/>\n<meta property=\"og:title\" content=\"F&amp;E Projekte - SubCtech - Ocean Power &amp; Monitoring\" \/>\n<meta property=\"og:description\" content=\"[vc_row full_width=&#8221;stretch_row&#8221; css=&#8221;.vc_custom_1609837500928{padding-top: 30px !important;padding-bottom: 30px !important;}&#8221;][vc_column][vc_column_text]Wir arbeiten mit Universit\u00e4ten und Instituten zusammen, um mit dem aktuellen Stand der wissenschaftlichen Erkenntnisse und Forschung Schritt zu halten. Wir haben auch eine [&hellip;]\" \/>\n<meta property=\"og:url\" content=\"https:\/\/subctech.com\/de\/fe-projekte\/\" \/>\n<meta property=\"og:site_name\" content=\"SubCtech - Ocean Power &amp; Monitoring\" \/>\n<meta property=\"article:modified_time\" content=\"2021-03-01T15:39:44+00:00\" \/>\n<meta name=\"twitter:card\" content=\"summary_large_image\" \/>\n<meta name=\"twitter:label1\" content=\"Gesch\u00e4tzte Lesezeit\" \/>\n\t<meta name=\"twitter:data1\" content=\"6\u00a0Minuten\" \/>\n<script type=\"application\/ld+json\" class=\"yoast-schema-graph\">{\"@context\":\"https:\\\/\\\/schema.org\",\"@graph\":[{\"@type\":\"WebPage\",\"@id\":\"https:\\\/\\\/subctech.com\\\/de\\\/fe-projekte\\\/\",\"url\":\"https:\\\/\\\/subctech.com\\\/de\\\/fe-projekte\\\/\",\"name\":\"F&E Projekte - SubCtech - Ocean Power &amp; Monitoring\",\"isPartOf\":{\"@id\":\"https:\\\/\\\/subctech.com\\\/de\\\/#website\"},\"datePublished\":\"2021-01-19T11:50:06+00:00\",\"dateModified\":\"2021-03-01T15:39:44+00:00\",\"breadcrumb\":{\"@id\":\"https:\\\/\\\/subctech.com\\\/de\\\/fe-projekte\\\/#breadcrumb\"},\"inLanguage\":\"de\",\"potentialAction\":[{\"@type\":\"ReadAction\",\"target\":[\"https:\\\/\\\/subctech.com\\\/de\\\/fe-projekte\\\/\"]}]},{\"@type\":\"BreadcrumbList\",\"@id\":\"https:\\\/\\\/subctech.com\\\/de\\\/fe-projekte\\\/#breadcrumb\",\"itemListElement\":[{\"@type\":\"ListItem\",\"position\":1,\"name\":\"Home\",\"item\":\"https:\\\/\\\/subctech.com\\\/de\\\/\"},{\"@type\":\"ListItem\",\"position\":2,\"name\":\"F&#038;E Projekte\"}]},{\"@type\":\"WebSite\",\"@id\":\"https:\\\/\\\/subctech.com\\\/de\\\/#website\",\"url\":\"https:\\\/\\\/subctech.com\\\/de\\\/\",\"name\":\"SubCtech - Ocean Power &amp; Monitoring\",\"description\":\"Ocean engineering - from coast to deepsea\",\"publisher\":{\"@id\":\"https:\\\/\\\/subctech.com\\\/de\\\/#organization\"},\"potentialAction\":[{\"@type\":\"SearchAction\",\"target\":{\"@type\":\"EntryPoint\",\"urlTemplate\":\"https:\\\/\\\/subctech.com\\\/de\\\/?s={search_term_string}\"},\"query-input\":{\"@type\":\"PropertyValueSpecification\",\"valueRequired\":true,\"valueName\":\"search_term_string\"}}],\"inLanguage\":\"de\"},{\"@type\":\"Organization\",\"@id\":\"https:\\\/\\\/subctech.com\\\/de\\\/#organization\",\"name\":\"SubCtech - Ocean Power &amp; Monitoring\",\"url\":\"https:\\\/\\\/subctech.com\\\/de\\\/\",\"logo\":{\"@type\":\"ImageObject\",\"inLanguage\":\"de\",\"@id\":\"https:\\\/\\\/subctech.com\\\/de\\\/#\\\/schema\\\/logo\\\/image\\\/\",\"url\":\"https:\\\/\\\/subctech.com\\\/wp-content\\\/uploads\\\/2025\\\/06\\\/cropped-Logo_SubCtech_blue-subtitle-web.png\",\"contentUrl\":\"https:\\\/\\\/subctech.com\\\/wp-content\\\/uploads\\\/2025\\\/06\\\/cropped-Logo_SubCtech_blue-subtitle-web.png\",\"width\":245,\"height\":205,\"caption\":\"SubCtech - Ocean Power &amp; Monitoring\"},\"image\":{\"@id\":\"https:\\\/\\\/subctech.com\\\/de\\\/#\\\/schema\\\/logo\\\/image\\\/\"}}]}<\/script>\n<!-- \/ Yoast SEO plugin. -->","yoast_head_json":{"title":"F&E Projekte - SubCtech - Ocean Power &amp; Monitoring","robots":{"index":"index","follow":"follow","max-snippet":"max-snippet:-1","max-image-preview":"max-image-preview:large","max-video-preview":"max-video-preview:-1"},"canonical":"https:\/\/subctech.com\/de\/fe-projekte\/","og_locale":"de_DE","og_type":"article","og_title":"F&E Projekte - SubCtech - Ocean Power &amp; Monitoring","og_description":"[vc_row full_width=&#8221;stretch_row&#8221; css=&#8221;.vc_custom_1609837500928{padding-top: 30px !important;padding-bottom: 30px !important;}&#8221;][vc_column][vc_column_text]Wir arbeiten mit Universit\u00e4ten und Instituten zusammen, um mit dem aktuellen Stand der wissenschaftlichen Erkenntnisse und Forschung Schritt zu halten. Wir haben auch eine [&hellip;]","og_url":"https:\/\/subctech.com\/de\/fe-projekte\/","og_site_name":"SubCtech - Ocean Power &amp; Monitoring","article_modified_time":"2021-03-01T15:39:44+00:00","twitter_card":"summary_large_image","twitter_misc":{"Gesch\u00e4tzte Lesezeit":"6\u00a0Minuten"},"schema":{"@context":"https:\/\/schema.org","@graph":[{"@type":"WebPage","@id":"https:\/\/subctech.com\/de\/fe-projekte\/","url":"https:\/\/subctech.com\/de\/fe-projekte\/","name":"F&E Projekte - SubCtech - Ocean Power &amp; Monitoring","isPartOf":{"@id":"https:\/\/subctech.com\/de\/#website"},"datePublished":"2021-01-19T11:50:06+00:00","dateModified":"2021-03-01T15:39:44+00:00","breadcrumb":{"@id":"https:\/\/subctech.com\/de\/fe-projekte\/#breadcrumb"},"inLanguage":"de","potentialAction":[{"@type":"ReadAction","target":["https:\/\/subctech.com\/de\/fe-projekte\/"]}]},{"@type":"BreadcrumbList","@id":"https:\/\/subctech.com\/de\/fe-projekte\/#breadcrumb","itemListElement":[{"@type":"ListItem","position":1,"name":"Home","item":"https:\/\/subctech.com\/de\/"},{"@type":"ListItem","position":2,"name":"F&#038;E Projekte"}]},{"@type":"WebSite","@id":"https:\/\/subctech.com\/de\/#website","url":"https:\/\/subctech.com\/de\/","name":"SubCtech - Ocean Power &amp; Monitoring","description":"Ocean engineering - from coast to deepsea","publisher":{"@id":"https:\/\/subctech.com\/de\/#organization"},"potentialAction":[{"@type":"SearchAction","target":{"@type":"EntryPoint","urlTemplate":"https:\/\/subctech.com\/de\/?s={search_term_string}"},"query-input":{"@type":"PropertyValueSpecification","valueRequired":true,"valueName":"search_term_string"}}],"inLanguage":"de"},{"@type":"Organization","@id":"https:\/\/subctech.com\/de\/#organization","name":"SubCtech - Ocean Power &amp; Monitoring","url":"https:\/\/subctech.com\/de\/","logo":{"@type":"ImageObject","inLanguage":"de","@id":"https:\/\/subctech.com\/de\/#\/schema\/logo\/image\/","url":"https:\/\/subctech.com\/wp-content\/uploads\/2025\/06\/cropped-Logo_SubCtech_blue-subtitle-web.png","contentUrl":"https:\/\/subctech.com\/wp-content\/uploads\/2025\/06\/cropped-Logo_SubCtech_blue-subtitle-web.png","width":245,"height":205,"caption":"SubCtech - Ocean Power &amp; Monitoring"},"image":{"@id":"https:\/\/subctech.com\/de\/#\/schema\/logo\/image\/"}}]}},"_links":{"self":[{"href":"https:\/\/subctech.com\/de\/wp-json\/wp\/v2\/pages\/5086","targetHints":{"allow":["GET"]}}],"collection":[{"href":"https:\/\/subctech.com\/de\/wp-json\/wp\/v2\/pages"}],"about":[{"href":"https:\/\/subctech.com\/de\/wp-json\/wp\/v2\/types\/page"}],"author":[{"embeddable":true,"href":"https:\/\/subctech.com\/de\/wp-json\/wp\/v2\/users\/1"}],"replies":[{"embeddable":true,"href":"https:\/\/subctech.com\/de\/wp-json\/wp\/v2\/comments?post=5086"}],"version-history":[{"count":7,"href":"https:\/\/subctech.com\/de\/wp-json\/wp\/v2\/pages\/5086\/revisions"}],"predecessor-version":[{"id":5587,"href":"https:\/\/subctech.com\/de\/wp-json\/wp\/v2\/pages\/5086\/revisions\/5587"}],"wp:attachment":[{"href":"https:\/\/subctech.com\/de\/wp-json\/wp\/v2\/media?parent=5086"}],"curies":[{"name":"wp","href":"https:\/\/api.w.org\/{rel}","templated":true}]}}