{"id":5152,"date":"2021-01-19T12:57:07","date_gmt":"2021-01-19T11:57:07","guid":{"rendered":"https:\/\/subctech.com\/foerderprogramme\/"},"modified":"2022-03-30T11:12:10","modified_gmt":"2022-03-30T10:12:10","slug":"foerderprogramme","status":"publish","type":"page","link":"https:\/\/subctech.com\/de\/foerderprogramme\/","title":{"rendered":"F\u00f6rderprogramme"},"content":{"rendered":"<p>[vc_row full_width=&#8221;stretch_row&#8221; css=&#8221;.vc_custom_1609837436289{padding-top: 30px !important;padding-bottom: 30px !important;}&#8221;][vc_column]\n    <div class=\"row d-flex justify-content-center wow \">\n      <div class=\"col-lg-12\">\n        <div class=\" dustrial-stitle-69ef81d0f1e09 section-title-two text-center\">\n          <div class=\"section-two-body\">\n            <h6 class=\"sub-title activeColor\"><\/h6>\n           <h3 class=\"main-title\">F\u00f6rderprogramme<\/h3>\n          <\/div>\n          <div class=\"stock\">\n            <img decoding=\"async\" src=\"https:\/\/subctech.com\/wp-content\/uploads\/2019\/12\/Logo-punkte.png\" alt=\"stock\">\n          <\/div>\n        <\/div>\n      <\/div>\n    <\/div>\n\n    [vc_column_text]Verschiedene F\u00f6rderprogramme der EU und der Bundesrepublik Deutschland unterst\u00fctzen die Produktentwicklung und die Entwicklung von M\u00e4rkten in anderen L\u00e4ndern, die f\u00fcr die Zukunft von SubCtech unerl\u00e4sslich sind.[\/vc_column_text][\/vc_column][\/vc_row][vc_row full_width=&#8221;stretch_row&#8221; css=&#8221;.vc_custom_1609837451817{padding-top: 30px !important;padding-bottom: 30px !important;background-color: #f5f5f5 !important;}&#8221;][vc_column width=&#8221;1\/3&#8243;][vc_single_image image=&#8221;5123&#8243; img_size=&#8221;full&#8221;][vc_column_text]<\/p>\n<h3 style=\"text-align: center;\"><span style=\"color: #2c3fb3;\">WTSH<\/span><\/h3>\n<p>[\/vc_column_text][\/vc_column][vc_column width=&#8221;2\/3&#8243;][vc_column_text]Messef\u00f6rderungen: Ocean Business (09.-11.04.2019, Southampton, UK), Oceanology Connect 2020 (01.-04.12.2020, digital), Ocean Business (06.-08.07.2021, Southampton, UK) und Oceanology International ( 15.-17.03.2022, London, UK), Ocean Business (18.-20.04.2023, Southampton, UK)[\/vc_column_text][\/vc_column][\/vc_row][vc_row full_width=&#8221;stretch_row&#8221; css=&#8221;.vc_custom_1609837347432{padding-top: 30px !important;padding-bottom: 30px !important;}&#8221;][vc_column width=&#8221;1\/3&#8243;][vc_single_image image=&#8221;5123&#8243; img_size=&#8221;full&#8221;][\/vc_column][vc_column width=&#8221;2\/3&#8243;][vc_column_text]Markting-Unterst\u00fctzung gef\u00f6rdert durch die WTSH Kiel[\/vc_column_text][\/vc_column][\/vc_row][vc_row full_width=&#8221;stretch_row&#8221; css=&#8221;.vc_custom_1609837277834{padding-top: 30px !important;padding-bottom: 30px !important;background-color: #f5f5f5 !important;}&#8221;][vc_column width=&#8221;1\/3&#8243;][vc_single_image image=&#8221;5125&#8243; img_size=&#8221;full&#8221;][\/vc_column][vc_column width=&#8221;2\/3&#8243;][vc_column_text]Das Programm f\u00fcr die Wirtschaft der Zukunft finanziert die Entwicklung des neuen Systems zur \u00dcberwachung der Wasserqualit\u00e4t.<\/p>\n<p><em> F\u00fcr den Zeitraum 2007 &#8211; 2013 umfasst das Programm f\u00fcr die Wirtschaft der Zukunft rund 704 Mio. EURO f\u00fcr Wirtschaft und regionale F\u00f6rderung in Schleswig-Holstein, davon rd. 374 Mio. EURO aus dem Europ\u00e4ischen Fonds f\u00fcr regionale Entwicklung (EFRE), rd. 208 Mio. EURO aus der Vereinbarung zwischen Bund und L\u00e4ndern \u201eVerbesserung der regionalen Wirtschaftsstrukturen\u201c (GRW) und erg\u00e4nzenden staatlichen Mitteln in H\u00f6he von rd. 122 Mio. EURO <\/em><\/p>\n<p>Gef\u00f6rdert von der Europ\u00e4ischen Union, dem Europ\u00e4ischen Fonds f\u00fcr regionale Entwicklung (EFRE), der Bundesrepublik Deutschland und dem Land Schleswig Holstein[\/vc_column_text][\/vc_column][\/vc_row][vc_row full_width=&#8221;stretch_row&#8221; css=&#8221;.vc_custom_1589454333046{padding-top: 30px !important;padding-bottom: 30px !important;}&#8221;][vc_column width=&#8221;1\/3&#8243;][vc_single_image image=&#8221;5129&#8243; img_size=&#8221;full&#8221;][vc_single_image image=&#8221;5127&#8243; img_size=&#8221;full&#8221;][\/vc_column][vc_column width=&#8221;2\/3&#8243;][vc_column_text]Die zu diesen Ergebnissen f\u00fchrenden Forschungsarbeiten wurden aus Mitteln des Siebten Rahmenprogramms der Europ\u00e4ischen Union finanziert, das von REA &#8211; Research Executive Agency, RP7 \/ 2007 &#8211; 2013 im Rahmen der Finanzhilfevereinbarung Nr. 606199 und Finanzhilfevereinbarung Nr. 614155[\/vc_column_text][\/vc_column][\/vc_row]<\/p>\n","protected":false},"excerpt":{"rendered":"<p>[vc_row full_width=&#8221;stretch_row&#8221; css=&#8221;.vc_custom_1609837436289{padding-top: 30px !important;padding-bottom: 30px !important;}&#8221;][vc_column][vc_column_text]Verschiedene F\u00f6rderprogramme der EU und der Bundesrepublik Deutschland unterst\u00fctzen die Produktentwicklung und die Entwicklung von M\u00e4rkten in anderen L\u00e4ndern, die f\u00fcr die Zukunft von [&hellip;]<\/p>\n","protected":false},"author":1,"featured_media":0,"parent":0,"menu_order":0,"comment_status":"closed","ping_status":"closed","template":"page-template\/blank-page-sidebar.php","meta":{"footnotes":""},"class_list":["post-5152","page","type-page","status-publish","hentry"],"yoast_head":"<!-- This site is optimized with the Yoast SEO plugin v27.4 - https:\/\/yoast.com\/product\/yoast-seo-wordpress\/ -->\n<title>F\u00f6rderprogramme - SubCtech - Ocean Power &amp; Monitoring<\/title>\n<meta name=\"robots\" content=\"index, follow, max-snippet:-1, max-image-preview:large, max-video-preview:-1\" \/>\n<link rel=\"canonical\" href=\"https:\/\/subctech.com\/de\/foerderprogramme\/\" \/>\n<meta property=\"og:locale\" content=\"de_DE\" \/>\n<meta property=\"og:type\" content=\"article\" \/>\n<meta property=\"og:title\" content=\"F\u00f6rderprogramme - SubCtech - Ocean Power &amp; Monitoring\" \/>\n<meta property=\"og:description\" content=\"[vc_row full_width=&#8221;stretch_row&#8221; css=&#8221;.vc_custom_1609837436289{padding-top: 30px !important;padding-bottom: 30px !important;}&#8221;][vc_column][vc_column_text]Verschiedene F\u00f6rderprogramme der EU und der Bundesrepublik Deutschland unterst\u00fctzen die Produktentwicklung und die Entwicklung von M\u00e4rkten in anderen L\u00e4ndern, die f\u00fcr die Zukunft von [&hellip;]\" \/>\n<meta property=\"og:url\" content=\"https:\/\/subctech.com\/de\/foerderprogramme\/\" \/>\n<meta property=\"og:site_name\" content=\"SubCtech - Ocean Power &amp; Monitoring\" \/>\n<meta property=\"article:modified_time\" content=\"2022-03-30T10:12:10+00:00\" \/>\n<meta name=\"twitter:card\" content=\"summary_large_image\" \/>\n<meta name=\"twitter:label1\" content=\"Gesch\u00e4tzte Lesezeit\" \/>\n\t<meta name=\"twitter:data1\" content=\"2\u00a0Minuten\" \/>\n<script type=\"application\/ld+json\" class=\"yoast-schema-graph\">{\"@context\":\"https:\\\/\\\/schema.org\",\"@graph\":[{\"@type\":\"WebPage\",\"@id\":\"https:\\\/\\\/subctech.com\\\/de\\\/foerderprogramme\\\/\",\"url\":\"https:\\\/\\\/subctech.com\\\/de\\\/foerderprogramme\\\/\",\"name\":\"F\u00f6rderprogramme - SubCtech - Ocean Power &amp; Monitoring\",\"isPartOf\":{\"@id\":\"https:\\\/\\\/subctech.com\\\/de\\\/#website\"},\"datePublished\":\"2021-01-19T11:57:07+00:00\",\"dateModified\":\"2022-03-30T10:12:10+00:00\",\"breadcrumb\":{\"@id\":\"https:\\\/\\\/subctech.com\\\/de\\\/foerderprogramme\\\/#breadcrumb\"},\"inLanguage\":\"de\",\"potentialAction\":[{\"@type\":\"ReadAction\",\"target\":[\"https:\\\/\\\/subctech.com\\\/de\\\/foerderprogramme\\\/\"]}]},{\"@type\":\"BreadcrumbList\",\"@id\":\"https:\\\/\\\/subctech.com\\\/de\\\/foerderprogramme\\\/#breadcrumb\",\"itemListElement\":[{\"@type\":\"ListItem\",\"position\":1,\"name\":\"Home\",\"item\":\"https:\\\/\\\/subctech.com\\\/de\\\/\"},{\"@type\":\"ListItem\",\"position\":2,\"name\":\"F\u00f6rderprogramme\"}]},{\"@type\":\"WebSite\",\"@id\":\"https:\\\/\\\/subctech.com\\\/de\\\/#website\",\"url\":\"https:\\\/\\\/subctech.com\\\/de\\\/\",\"name\":\"SubCtech - Ocean Power &amp; Monitoring\",\"description\":\"Ocean engineering - from coast to deepsea\",\"publisher\":{\"@id\":\"https:\\\/\\\/subctech.com\\\/de\\\/#organization\"},\"potentialAction\":[{\"@type\":\"SearchAction\",\"target\":{\"@type\":\"EntryPoint\",\"urlTemplate\":\"https:\\\/\\\/subctech.com\\\/de\\\/?s={search_term_string}\"},\"query-input\":{\"@type\":\"PropertyValueSpecification\",\"valueRequired\":true,\"valueName\":\"search_term_string\"}}],\"inLanguage\":\"de\"},{\"@type\":\"Organization\",\"@id\":\"https:\\\/\\\/subctech.com\\\/de\\\/#organization\",\"name\":\"SubCtech - Ocean Power &amp; Monitoring\",\"url\":\"https:\\\/\\\/subctech.com\\\/de\\\/\",\"logo\":{\"@type\":\"ImageObject\",\"inLanguage\":\"de\",\"@id\":\"https:\\\/\\\/subctech.com\\\/de\\\/#\\\/schema\\\/logo\\\/image\\\/\",\"url\":\"https:\\\/\\\/subctech.com\\\/wp-content\\\/uploads\\\/2025\\\/06\\\/cropped-Logo_SubCtech_blue-subtitle-web.png\",\"contentUrl\":\"https:\\\/\\\/subctech.com\\\/wp-content\\\/uploads\\\/2025\\\/06\\\/cropped-Logo_SubCtech_blue-subtitle-web.png\",\"width\":245,\"height\":205,\"caption\":\"SubCtech - Ocean Power &amp; Monitoring\"},\"image\":{\"@id\":\"https:\\\/\\\/subctech.com\\\/de\\\/#\\\/schema\\\/logo\\\/image\\\/\"}}]}<\/script>\n<!-- \/ Yoast SEO plugin. -->","yoast_head_json":{"title":"F\u00f6rderprogramme - SubCtech - Ocean Power &amp; Monitoring","robots":{"index":"index","follow":"follow","max-snippet":"max-snippet:-1","max-image-preview":"max-image-preview:large","max-video-preview":"max-video-preview:-1"},"canonical":"https:\/\/subctech.com\/de\/foerderprogramme\/","og_locale":"de_DE","og_type":"article","og_title":"F\u00f6rderprogramme - SubCtech - Ocean Power &amp; Monitoring","og_description":"[vc_row full_width=&#8221;stretch_row&#8221; css=&#8221;.vc_custom_1609837436289{padding-top: 30px !important;padding-bottom: 30px !important;}&#8221;][vc_column][vc_column_text]Verschiedene F\u00f6rderprogramme der EU und der Bundesrepublik Deutschland unterst\u00fctzen die Produktentwicklung und die Entwicklung von M\u00e4rkten in anderen L\u00e4ndern, die f\u00fcr die Zukunft von [&hellip;]","og_url":"https:\/\/subctech.com\/de\/foerderprogramme\/","og_site_name":"SubCtech - Ocean Power &amp; Monitoring","article_modified_time":"2022-03-30T10:12:10+00:00","twitter_card":"summary_large_image","twitter_misc":{"Gesch\u00e4tzte Lesezeit":"2\u00a0Minuten"},"schema":{"@context":"https:\/\/schema.org","@graph":[{"@type":"WebPage","@id":"https:\/\/subctech.com\/de\/foerderprogramme\/","url":"https:\/\/subctech.com\/de\/foerderprogramme\/","name":"F\u00f6rderprogramme - SubCtech - Ocean Power &amp; Monitoring","isPartOf":{"@id":"https:\/\/subctech.com\/de\/#website"},"datePublished":"2021-01-19T11:57:07+00:00","dateModified":"2022-03-30T10:12:10+00:00","breadcrumb":{"@id":"https:\/\/subctech.com\/de\/foerderprogramme\/#breadcrumb"},"inLanguage":"de","potentialAction":[{"@type":"ReadAction","target":["https:\/\/subctech.com\/de\/foerderprogramme\/"]}]},{"@type":"BreadcrumbList","@id":"https:\/\/subctech.com\/de\/foerderprogramme\/#breadcrumb","itemListElement":[{"@type":"ListItem","position":1,"name":"Home","item":"https:\/\/subctech.com\/de\/"},{"@type":"ListItem","position":2,"name":"F\u00f6rderprogramme"}]},{"@type":"WebSite","@id":"https:\/\/subctech.com\/de\/#website","url":"https:\/\/subctech.com\/de\/","name":"SubCtech - Ocean Power &amp; Monitoring","description":"Ocean engineering - from coast to deepsea","publisher":{"@id":"https:\/\/subctech.com\/de\/#organization"},"potentialAction":[{"@type":"SearchAction","target":{"@type":"EntryPoint","urlTemplate":"https:\/\/subctech.com\/de\/?s={search_term_string}"},"query-input":{"@type":"PropertyValueSpecification","valueRequired":true,"valueName":"search_term_string"}}],"inLanguage":"de"},{"@type":"Organization","@id":"https:\/\/subctech.com\/de\/#organization","name":"SubCtech - Ocean Power &amp; Monitoring","url":"https:\/\/subctech.com\/de\/","logo":{"@type":"ImageObject","inLanguage":"de","@id":"https:\/\/subctech.com\/de\/#\/schema\/logo\/image\/","url":"https:\/\/subctech.com\/wp-content\/uploads\/2025\/06\/cropped-Logo_SubCtech_blue-subtitle-web.png","contentUrl":"https:\/\/subctech.com\/wp-content\/uploads\/2025\/06\/cropped-Logo_SubCtech_blue-subtitle-web.png","width":245,"height":205,"caption":"SubCtech - Ocean Power &amp; Monitoring"},"image":{"@id":"https:\/\/subctech.com\/de\/#\/schema\/logo\/image\/"}}]}},"_links":{"self":[{"href":"https:\/\/subctech.com\/de\/wp-json\/wp\/v2\/pages\/5152","targetHints":{"allow":["GET"]}}],"collection":[{"href":"https:\/\/subctech.com\/de\/wp-json\/wp\/v2\/pages"}],"about":[{"href":"https:\/\/subctech.com\/de\/wp-json\/wp\/v2\/types\/page"}],"author":[{"embeddable":true,"href":"https:\/\/subctech.com\/de\/wp-json\/wp\/v2\/users\/1"}],"replies":[{"embeddable":true,"href":"https:\/\/subctech.com\/de\/wp-json\/wp\/v2\/comments?post=5152"}],"version-history":[{"count":6,"href":"https:\/\/subctech.com\/de\/wp-json\/wp\/v2\/pages\/5152\/revisions"}],"predecessor-version":[{"id":6209,"href":"https:\/\/subctech.com\/de\/wp-json\/wp\/v2\/pages\/5152\/revisions\/6209"}],"wp:attachment":[{"href":"https:\/\/subctech.com\/de\/wp-json\/wp\/v2\/media?parent=5152"}],"curies":[{"name":"wp","href":"https:\/\/api.w.org\/{rel}","templated":true}]}}