{"id":5157,"date":"2021-01-19T14:40:32","date_gmt":"2021-01-19T13:40:32","guid":{"rendered":"https:\/\/subctech.com\/sponsoring\/"},"modified":"2025-03-12T10:39:38","modified_gmt":"2025-03-12T09:39:38","slug":"sponsoring","status":"publish","type":"page","link":"https:\/\/subctech.com\/de\/sponsoring\/","title":{"rendered":"Sponsoring"},"content":{"rendered":"<p>[vc_row css=&#8221;.vc_custom_1582550963511{padding-top: 30px !important;padding-bottom: 30px !important;}&#8221;][vc_column]\n    <div class=\"row d-flex justify-content-center wow \">\n      <div class=\"col-lg-12\">\n        <div class=\" dustrial-stitle-69d7a5aebea8d section-title-two text-center\">\n          <div class=\"section-two-body\">\n            <h6 class=\"sub-title activeColor\"><\/h6>\n           <h3 class=\"main-title\">Sponsoring<\/h3>\n          <\/div>\n          <div class=\"stock\">\n            <img decoding=\"async\" src=\"https:\/\/subctech.com\/wp-content\/uploads\/2019\/12\/Logo-punkte.png\" alt=\"stock\">\n          <\/div>\n        <\/div>\n      <\/div>\n    <\/div>\n\n    [vc_column_text]Wir nehmen unsere soziale, wirtschaftliche und \u00f6kologische Verantwortung ernst. Wir handeln in Bezug auf Umwelt- und Sozialfragen zukunftsorientiert. Wir unterst\u00fctzen soziale Einrichtungen, insbesondere f\u00fcr Kinder, da wir davon \u00fcberzeugt sind, dass \u201eKinder unsere Zukunft sind\u201c. Wir bieten jungen Menschen, Studenten und Forschern die M\u00f6glichkeit, Einblicke in das Arbeitsleben und die Unterwassertechnologie zu erhalten.<\/p>\n<p>SubCtech unterst\u00fctzt folgende Organisationen und Projekte mit direkter finanzieller Unterst\u00fctzung:[\/vc_column_text][\/vc_column][\/vc_row][vc_row full_width=&#8221;stretch_row&#8221; css=&#8221;.vc_custom_1582638775608{padding-top: 30px !important;padding-bottom: 30px !important;background-color: #f5f5f5 !important;}&#8221;][vc_column width=&#8221;1\/3&#8243;][vc_single_image image=&#8221;5160&#8243; img_size=&#8221;full&#8221;][\/vc_column][vc_column width=&#8221;2\/3&#8243;][vc_column_text]Schutzwald e.V. ist eine Organisation, die sich mit ausl\u00e4ndischer Hilfe und Umweltschutz befasst. Wir arbeiten mit indigenen Familien und Umweltverb\u00e4nden in Ecuador und Peru zusammen, die ihre Teile der Schutzgebiete des tropischen Regenwaldes deklariert haben oder dazu bereit sind. Wir arrangieren Kontakte zwischen ihnen und Personen, die daran interessiert sind, Regenw\u00e4lder zu besuchen, z.B. als Freiwillige in verschiedenen Projekten. Auf diese Weise tragen diese Menschen zum Schutz des \u00d6kosystems bei.<\/p>\n<p>Das Trinkwasserprojekt &#8220;Puerto Bellavista&#8221; wurde von der SubCtech GmbH im M\u00e4rz 2020 abgeschlossen.<\/p>\n<p>Siehe Details: <a href=\"https:\/\/www.schutzwald-ev.de\/index.php?page=drinking_water\" target=\"_blank\" rel=\"noopener noreferrer\"> Schutzwald e.V. (DE) <\/a> \/ <a href=\"https:\/\/subctech.com\/new-methods-for-the-investigation-of-water-layers-from-the-surface-to-the-deep-sea\/\" target=\" _ blank \" rel=\"noopener noreferrer\"> Schutzwald eV (DE) <\/a><\/p>\n<p>[\/vc_column_text][\/vc_column][\/vc_row][vc_row css=&#8221;.vc_custom_1582638770281{padding-top: 30px !important;padding-bottom: 30px !important;background-color: #ffffff !important;}&#8221;][vc_column width=&#8221;1\/3&#8243;][vc_single_image image=&#8221;5184&#8243; img_size=&#8221;full&#8221;][\/vc_column][vc_column width=&#8221;2\/3&#8243;][vc_column_text]Der Deutsche Such- und Rettungsdienst (DGzRS: Deutsche Gesellschaft zur Rettung Schiffbr\u00fcchiger) wurde am 29. Mai 1865 gegr\u00fcndet. Seitdem f\u00fchrt er Such- und Rettungseins\u00e4tze entlang der deutschen Nord- und Ostseek\u00fcste durch &#8211; unabh\u00e4ngig und in alleiniger Verantwortung.<\/p>\n<p><a href=\"https:\/\/www.seenotretter.de\" target=\"_blank\" rel=\"noopener noreferrer\"> DGzRS \/ Deutsche Seefahrtsmarge <\/a>[\/vc_column_text][\/vc_column][\/vc_row][vc_row full_width=&#8221;stretch_row&#8221; css=&#8221;.vc_custom_1582638780570{padding-top: 30px !important;padding-bottom: 30px !important;background-color: #f5f5f5 !important;}&#8221;][vc_column width=&#8221;1\/3&#8243;][vc_single_image image=&#8221;6659&#8243; img_size=&#8221;full&#8221;][\/vc_column][vc_column width=&#8221;2\/3&#8243;][vc_column_text]<strong>Erste Hilfe f\u00fcr Kinder \u2013 Spielend helfen lernen<\/strong><\/p>\n<p><strong>Wir sind dabei!<\/strong><\/p>\n<p>Was mache ich bei Verbrennungen, einem Zeckenbiss oder einer Vergiftung? Und vor allem: Wie kann ich anderen im Notfall helfen? Die kindgerechte Beantwortung dieser Fragen haben sich der F\u00f6rderverein \u201eLuftrettungszentrum Christoph 29\u201c Hamburg e.V. und der K&amp;L Verlag zum Ziel gesetzt und ein leichtverst\u00e4ndliches Mal- und Arbeitsbuch f\u00fcr M\u00e4dchen und Jungen im Grundschulalter herausgegeben. Wir finden: Das ist eine gute Sache!<\/p>\n<p><strong>Deshalb unterst\u00fctzen wir das Projekt<\/strong><\/p>\n<p>Das Buch mit vielen auszumalenden Bildern vermittelt spielerisch die F\u00e4higkeiten, bei Notf\u00e4llen Erste Hilfe leisten zu k\u00f6nnen. Es erz\u00e4hlt von den Geschwistern Mario und Olivia, die gemeinsam mit ihrem Dackel Waldi durch verschiedene Episoden f\u00fchren. Auf 32 Seiten geben sie Tipps und Ratschl\u00e4ge zu Verbrennungen, Hitzschlag, Zeckenbissen, Vergiftungen oder Schocks. So erhalten die Kinder altersgerechtes Wissen, um sich im Notfall richtig zu verhalten und Hilfe herbeirufen zu k\u00f6nnen. Gleichzeitig k\u00f6nnen P\u00e4dagogen, Erzieher und Eltern die Abbildungen mit den Kindern besprechen und \u00fcben.<\/p>\n<p>Mithilfe der Unterst\u00fctzung vieler \u00f6rtlicher Unternehmen k\u00f6nnen die Mal- und Arbeitsb\u00fccher kostenlos an Grundschulkinder in der Stadt Kiel ausgegeben werden. Ein Engagement, dem wir uns sehr gerne anschlie\u00dfen.<\/p>\n<p>M\u00f6chten Sie mehr \u00fcber das Projekt erfahren? Hier finden Sie weitere Informationen: \u00a0<a href=\"http:\/\/www.kl-verlag.de\">www.kl-verlag.de<\/a>[\/vc_column_text][\/vc_column][\/vc_row][vc_row css=&#8221;.vc_custom_1582638770281{padding-top: 30px !important;padding-bottom: 30px !important;background-color: #ffffff !important;}&#8221;][vc_column width=&#8221;1\/3&#8243;][vc_single_image image=&#8221;5178&#8243; img_size=&#8221;full&#8221;][vc_single_image image=&#8221;5176&#8243; img_size=&#8221;full&#8221;][\/vc_column][vc_column width=&#8221;2\/3&#8243;][vc_column_text]<\/p>\n<p align=\"left\"><a href=\"http:\/\/www.geomar.de\/en\/\"> GEOMAR Helmholtz-Zentrum f\u00fcr Meeresforschung Kiel <\/a> ist eines der weltweit f\u00fchrenden Institute auf dem Gebiet der Meeresforschung. GAME &#8211; ein Programm zur weltweiten Durchf\u00fchrung identischer Experimente \u00fcber geografische und klimatische Grenzen hinweg. GAME-Forschungsprojekte untersuchen die Auswirkungen des globalen Wandels auf Lebensr\u00e4ume in K\u00fcstengew\u00e4ssern. GAME ist Teil eines internationalen Schulungsprogramms, das angewandte Forschung mit der Ausbildung junger Wissenschaftler kombiniert.<\/p>\n<p>[\/vc_column_text][\/vc_column][\/vc_row][vc_row full_width=&#8221;stretch_row&#8221; css=&#8221;.vc_custom_1582638787095{padding-top: 30px !important;padding-bottom: 30px !important;background-color: #f5f5f5 !important;}&#8221;][vc_column width=&#8221;1\/3&#8243;][vc_single_image image=&#8221;5174&#8243; img_size=&#8221;full&#8221;][\/vc_column][vc_column width=&#8221;2\/3&#8243;][vc_column_text]<a href=\"http:\/\/www.niot.res.in\/\"> Das National Institute of Technology (NIOT) <\/a> organisiert einen Wettbewerb f\u00fcr Studenten zur Visualisierung und Gestaltung eines autonomen Unterwasserfahrzeugs (AUV). Das Hauptaugenmerk dieses Studenten-AUV-Wettbewerbs (SAVe) liegt darin, Studenten in die neuen Grenzbereiche der Meerestechnologie einzubeziehen und ihr innovatives Denken in diesem unerforschten Bereich der Meeresumwelt und -beobachtung zu f\u00f6rdern.<\/p>\n<p><a href=\"http:\/\/www.niot.res.in\/SAVe\/\" target=\"_blank\" rel=\"noopener noreferrer\"> NIOT-Studentenprojekt SAVe <\/a><\/p>\n<p>[\/vc_column_text][\/vc_column][\/vc_row][vc_row css=&#8221;.vc_custom_1582638770281{padding-top: 30px !important;padding-bottom: 30px !important;background-color: #ffffff !important;}&#8221;][vc_column width=&#8221;1\/3&#8243;][vc_single_image image=&#8221;5168&#8243; img_size=&#8221;full&#8221;][\/vc_column][vc_column width=&#8221;2\/3&#8243;][vc_column_text]Sabine Heuck ist eine K\u00fcnstlerin, die es der Welt erlaubt, sie zu durchdringen. Das Betrachten ihrer Bilder ist wie ein Spaziergang entlang von H\u00e4usern oder B\u00e4umen und ein pl\u00f6tzlicher Blick auf die Ferne in einem Raum zwischen ihnen. Fl\u00fcchtige Eindr\u00fccke, die Leichtigkeit und Tiefe verbinden.<\/p>\n<p>Text <em> von Merle Kr\u00f6ger (<a href=\"http:\/\/merlekroeger.de\" target=\"_blank\" rel=\"noopener noreferrer\"> merlekroeger.de <\/a><\/em><\/p>\n<p><a href=\"http:\/\/sabineheuck.de\" target=\"_blank\" rel=\"noopener noreferrer\"> sabineheuck.de <\/a>[\/vc_column_text][\/vc_column][\/vc_row][vc_row full_width=&#8221;stretch_row&#8221; css=&#8221;.vc_custom_1582638791997{padding-top: 30px !important;padding-bottom: 30px !important;background-color: #f5f5f5 !important;}&#8221;][vc_column width=&#8221;1\/3&#8243;][vc_single_image image=&#8221;5186&#8243; img_size=&#8221;full&#8221;][\/vc_column][vc_column width=&#8221;2\/3&#8243;][vc_column_text]<\/p>\n<section id=\"information\">\n<p class=\"info-content\">Autonome Unterwasserrobotik ist eine spannende Herausforderung im Ingenieurwesen, die die Teilnehmer bei SAUVC (Singapur) erleben. Der Wettbewerb ist ein gro\u00dfartiger Lernort f\u00fcr die Teilnehmer, um die Herausforderungen des AUV-System-Engineerings kennenzulernen und F\u00e4higkeiten in den verwandten Bereichen des Maschinen-, Elektro- und Software-Engineerings zu entwickeln. SubCtech unterst\u00fctzt SAUVC seit 2016.<\/p>\n<\/section>\n<p>Homepage <a href=\"https:\/\/sauvc.org\/\" target=\"_blank\" rel=\"noopener noreferrer\"> SAUVC <\/a><\/p>\n<p>[\/vc_column_text][\/vc_column][\/vc_row][vc_row css=&#8221;.vc_custom_1582638770281{padding-top: 30px !important;padding-bottom: 30px !important;background-color: #ffffff !important;}&#8221;][vc_column width=&#8221;1\/3&#8243;][vc_single_image image=&#8221;5170&#8243; img_size=&#8221;full&#8221;][\/vc_column][vc_column width=&#8221;2\/3&#8243;][vc_column_text]United Internet for UNICEF: Millionen von Kindern weltweit haben fast keinen Zugang zu Bildung oder medizinischer Versorgung. Viele leiden unter Ausbeutung und Gewalt. Als einer der f\u00fchrenden internationalen Internetdienstanbieter verpflichtet sich United Internet, gemeinsam mit UNICEF, dem Kinderhilfswerk der Vereinten Nationen, den Lebensstandard von Kindern zu verbessern. Die Schaffung eines Schutzumfelds f\u00fcr Kinder auf der ganzen Welt, in dem sie in Gesundheit und Sicherheit aufwachsen k\u00f6nnen, ist eine der wichtigsten Investitionen, die wir in Zukunft t\u00e4tigen k\u00f6nnen.<\/p>\n<p><a href=\"https:\/\/www.united-internet-for-unicef-stiftung.de\/\" target=\"_blank\" rel=\"noopener noreferrer\"> United internat f\u00fcr die UNICEF-Stiftung <\/a>[\/vc_column_text][\/vc_column][\/vc_row][vc_row full_width=&#8221;stretch_row&#8221; css=&#8221;.vc_custom_1582638801003{padding-top: 30px !important;padding-bottom: 30px !important;background-color: #f5f5f5 !important;}&#8221;][vc_column width=&#8221;1\/3&#8243;][vc_single_image image=&#8221;5180&#8243; img_size=&#8221;full&#8221;][\/vc_column][vc_column width=&#8221;2\/3&#8243;][vc_column_text]<a href=\"http:\/\/www.fh-kiel.de\/\">Die Fachhochschule Kiel <\/a> fordert die n\u00e4chste Generation von Ingenieuren auf, ein autonomes Unterwasserfahrzeug (AUV) zu entwerfen und zu bauen, das realistische Missionen erf\u00fcllen kann. Der 2. Preis der <a href=\"http:\/\/www.sauc-europe.org\/\"> SAUC-E <\/a> -Challange in La Spezia, Italien, ging an den Roboter <a href=\"http:\/\/www.fh-kiel.de\/index.php?id=13313\"> TomKyle <\/a>, der auch f\u00fcr das \u201eBest Journal Paper\u201c ausgezeichnet wurde.<\/p>\n<p><a href=\"http:\/\/www.fh-kiel.de\/index.php?id=13313\" target=\"_blank\" rel=\"noopener noreferrer\"> AUV-Projekt TomKyle <\/a> (FH)<\/p>\n<p><a href=\"http:\/\/www.auv-tomkyle.de\/\" target=\"_blank\" rel=\"noopener noreferrer\"> AUV-Projekt TomKyle <\/a> (Projekt)[\/vc_column_text][\/vc_column][\/vc_row][vc_row css=&#8221;.vc_custom_1582638770281{padding-top: 30px !important;padding-bottom: 30px !important;background-color: #ffffff !important;}&#8221;][vc_column width=&#8221;1\/3&#8243;][vc_single_image image=&#8221;5166&#8243; img_size=&#8221;full&#8221;][\/vc_column][vc_column width=&#8221;2\/3&#8243;][vc_column_text]YOUMARES ist der Name der internationalen Konferenz junger Meeresforscher und -ingenieure, die von der Studiengruppe der <a href=\"http:\/\/www.dg-meeresforschung.de\/\" target=\"_ blank\" rel=\"noopener noreferrer\"> Deutsche Gesellschaft f\u00fcr Meeresforschung <\/a> (DGM) organisiert wird. Diese Veranstaltung richtet sich an alle jungen Meereswissenschaftler und Ingenieure aus allen Disziplinen der Grundlagenforschung und angewandten Forschung, der Industrie und anderen relevanten Bereichen aus Deutschland und dem Rest der Welt.<\/p>\n<p><a href=\"http:\/\/www.youmares.org\/\" target=\"_blank\" rel=\"noopener noreferrer\"> YOUMARES-Homepage <\/a>[\/vc_column_text][\/vc_column][\/vc_row][vc_row full_width=&#8221;stretch_row&#8221; css=&#8221;.vc_custom_1582638775608{padding-top: 30px !important;padding-bottom: 30px !important;background-color: #f5f5f5 !important;}&#8221;][vc_column width=&#8221;1\/3&#8243;][vc_single_image image=&#8221;5172&#8243; img_size=&#8221;full&#8221;][\/vc_column][vc_column width=&#8221;2\/3&#8243;][vc_column_text]Vor dem Testspiel gegen die JSG Oldenburg\/Putlos am vergangenen Sonnabend hat die 1. B-Jugend der SG Eutin\/Malente, die in der Schleswig-Holstein-Liga spielt, einen Satz neuer Trikots erhalten. Direktor Stefan Marx, SubCtech lie\u00df sich auch nicht zweimal bitten, die 1. B-Jugend der SG Eutin\/Malente zu unterst\u00fctzen. Ein ganz tolles Engagement und eine gro\u00dfe Hilfe f\u00fcr das Team, das mit der neuen Ausstattung auf einen erfolgreichen Start in die SH-Ligasaison 2015\/2016 hofft.<\/p>\n<p align=\"left\"><a href=\"https:\/\/www.bsgeutin-jugendfussball.de\/\" target=\"_blank\" rel=\"noopener noreferrer\">https:\/\/www.bsgeutin-jugendfussball.de\/<\/a><\/p>\n<p>[\/vc_column_text][\/vc_column][\/vc_row][vc_row css=&#8221;.vc_custom_1582638770281{padding-top: 30px !important;padding-bottom: 30px !important;background-color: #ffffff !important;}&#8221;][vc_column width=&#8221;1\/3&#8243;][vc_single_image image=&#8221;6694&#8243; img_size=&#8221;full&#8221;][\/vc_column][vc_column width=&#8221;2\/3&#8243;][vc_column_text]Trikot-Sponsoring f\u00fcr lokales Handball-Team &#8211; Die Kleinsten, die Minis (Alter 4-7 Jahre) und Maxis (8 Jahre) ben\u00f6tigten neue Trikots. SubCtech ist dabei stolzer Sponsor der Trikots &#8211; die Kids haben uns stolz Fotos der neuen Trikots geschickt! Viel Erfolg im neuen Dress![\/vc_column_text][\/vc_column][\/vc_row]<\/p>\n","protected":false},"excerpt":{"rendered":"<p>[vc_row css=&#8221;.vc_custom_1582550963511{padding-top: 30px !important;padding-bottom: 30px !important;}&#8221;][vc_column][vc_column_text]Wir nehmen unsere soziale, wirtschaftliche und \u00f6kologische Verantwortung ernst. Wir handeln in Bezug auf Umwelt- und Sozialfragen zukunftsorientiert. Wir unterst\u00fctzen soziale Einrichtungen, insbesondere f\u00fcr Kinder, [&hellip;]<\/p>\n","protected":false},"author":1,"featured_media":0,"parent":0,"menu_order":0,"comment_status":"closed","ping_status":"closed","template":"page-template\/blank-page-sidebar.php","meta":{"footnotes":""},"class_list":["post-5157","page","type-page","status-publish","hentry"],"yoast_head":"<!-- This site is optimized with the Yoast SEO plugin v27.3 - https:\/\/yoast.com\/product\/yoast-seo-wordpress\/ -->\n<title>Sponsoring - SubCtech - Ocean Power &amp; Monitoring<\/title>\n<meta name=\"robots\" content=\"index, follow, max-snippet:-1, max-image-preview:large, max-video-preview:-1\" \/>\n<link rel=\"canonical\" href=\"https:\/\/subctech.com\/de\/sponsoring\/\" \/>\n<meta property=\"og:locale\" content=\"de_DE\" \/>\n<meta property=\"og:type\" content=\"article\" \/>\n<meta property=\"og:title\" content=\"Sponsoring - SubCtech - Ocean Power &amp; Monitoring\" \/>\n<meta property=\"og:description\" content=\"[vc_row css=&#8221;.vc_custom_1582550963511{padding-top: 30px !important;padding-bottom: 30px !important;}&#8221;][vc_column][vc_column_text]Wir nehmen unsere soziale, wirtschaftliche und \u00f6kologische Verantwortung ernst. Wir handeln in Bezug auf Umwelt- und Sozialfragen zukunftsorientiert. Wir unterst\u00fctzen soziale Einrichtungen, insbesondere f\u00fcr Kinder, [&hellip;]\" \/>\n<meta property=\"og:url\" content=\"https:\/\/subctech.com\/de\/sponsoring\/\" \/>\n<meta property=\"og:site_name\" content=\"SubCtech - Ocean Power &amp; Monitoring\" \/>\n<meta property=\"article:modified_time\" content=\"2025-03-12T09:39:38+00:00\" \/>\n<meta name=\"twitter:card\" content=\"summary_large_image\" \/>\n<meta name=\"twitter:label1\" content=\"Gesch\u00e4tzte Lesezeit\" \/>\n\t<meta name=\"twitter:data1\" content=\"5\u00a0Minuten\" \/>\n<script type=\"application\/ld+json\" class=\"yoast-schema-graph\">{\"@context\":\"https:\\\/\\\/schema.org\",\"@graph\":[{\"@type\":\"WebPage\",\"@id\":\"https:\\\/\\\/subctech.com\\\/de\\\/sponsoring\\\/\",\"url\":\"https:\\\/\\\/subctech.com\\\/de\\\/sponsoring\\\/\",\"name\":\"Sponsoring - SubCtech - Ocean Power &amp; Monitoring\",\"isPartOf\":{\"@id\":\"https:\\\/\\\/subctech.com\\\/de\\\/#website\"},\"datePublished\":\"2021-01-19T13:40:32+00:00\",\"dateModified\":\"2025-03-12T09:39:38+00:00\",\"breadcrumb\":{\"@id\":\"https:\\\/\\\/subctech.com\\\/de\\\/sponsoring\\\/#breadcrumb\"},\"inLanguage\":\"de\",\"potentialAction\":[{\"@type\":\"ReadAction\",\"target\":[\"https:\\\/\\\/subctech.com\\\/de\\\/sponsoring\\\/\"]}]},{\"@type\":\"BreadcrumbList\",\"@id\":\"https:\\\/\\\/subctech.com\\\/de\\\/sponsoring\\\/#breadcrumb\",\"itemListElement\":[{\"@type\":\"ListItem\",\"position\":1,\"name\":\"Home\",\"item\":\"https:\\\/\\\/subctech.com\\\/de\\\/\"},{\"@type\":\"ListItem\",\"position\":2,\"name\":\"Sponsoring\"}]},{\"@type\":\"WebSite\",\"@id\":\"https:\\\/\\\/subctech.com\\\/de\\\/#website\",\"url\":\"https:\\\/\\\/subctech.com\\\/de\\\/\",\"name\":\"SubCtech - Ocean Power &amp; Monitoring\",\"description\":\"Ocean engineering - from coast to deepsea\",\"publisher\":{\"@id\":\"https:\\\/\\\/subctech.com\\\/de\\\/#organization\"},\"potentialAction\":[{\"@type\":\"SearchAction\",\"target\":{\"@type\":\"EntryPoint\",\"urlTemplate\":\"https:\\\/\\\/subctech.com\\\/de\\\/?s={search_term_string}\"},\"query-input\":{\"@type\":\"PropertyValueSpecification\",\"valueRequired\":true,\"valueName\":\"search_term_string\"}}],\"inLanguage\":\"de\"},{\"@type\":\"Organization\",\"@id\":\"https:\\\/\\\/subctech.com\\\/de\\\/#organization\",\"name\":\"SubCtech - Ocean Power &amp; Monitoring\",\"url\":\"https:\\\/\\\/subctech.com\\\/de\\\/\",\"logo\":{\"@type\":\"ImageObject\",\"inLanguage\":\"de\",\"@id\":\"https:\\\/\\\/subctech.com\\\/de\\\/#\\\/schema\\\/logo\\\/image\\\/\",\"url\":\"https:\\\/\\\/subctech.com\\\/wp-content\\\/uploads\\\/2025\\\/06\\\/cropped-Logo_SubCtech_blue-subtitle-web.png\",\"contentUrl\":\"https:\\\/\\\/subctech.com\\\/wp-content\\\/uploads\\\/2025\\\/06\\\/cropped-Logo_SubCtech_blue-subtitle-web.png\",\"width\":245,\"height\":205,\"caption\":\"SubCtech - Ocean Power &amp; Monitoring\"},\"image\":{\"@id\":\"https:\\\/\\\/subctech.com\\\/de\\\/#\\\/schema\\\/logo\\\/image\\\/\"}}]}<\/script>\n<!-- \/ Yoast SEO plugin. -->","yoast_head_json":{"title":"Sponsoring - SubCtech - Ocean Power &amp; Monitoring","robots":{"index":"index","follow":"follow","max-snippet":"max-snippet:-1","max-image-preview":"max-image-preview:large","max-video-preview":"max-video-preview:-1"},"canonical":"https:\/\/subctech.com\/de\/sponsoring\/","og_locale":"de_DE","og_type":"article","og_title":"Sponsoring - SubCtech - Ocean Power &amp; Monitoring","og_description":"[vc_row css=&#8221;.vc_custom_1582550963511{padding-top: 30px !important;padding-bottom: 30px !important;}&#8221;][vc_column][vc_column_text]Wir nehmen unsere soziale, wirtschaftliche und \u00f6kologische Verantwortung ernst. Wir handeln in Bezug auf Umwelt- und Sozialfragen zukunftsorientiert. Wir unterst\u00fctzen soziale Einrichtungen, insbesondere f\u00fcr Kinder, [&hellip;]","og_url":"https:\/\/subctech.com\/de\/sponsoring\/","og_site_name":"SubCtech - Ocean Power &amp; Monitoring","article_modified_time":"2025-03-12T09:39:38+00:00","twitter_card":"summary_large_image","twitter_misc":{"Gesch\u00e4tzte Lesezeit":"5\u00a0Minuten"},"schema":{"@context":"https:\/\/schema.org","@graph":[{"@type":"WebPage","@id":"https:\/\/subctech.com\/de\/sponsoring\/","url":"https:\/\/subctech.com\/de\/sponsoring\/","name":"Sponsoring - SubCtech - Ocean Power &amp; Monitoring","isPartOf":{"@id":"https:\/\/subctech.com\/de\/#website"},"datePublished":"2021-01-19T13:40:32+00:00","dateModified":"2025-03-12T09:39:38+00:00","breadcrumb":{"@id":"https:\/\/subctech.com\/de\/sponsoring\/#breadcrumb"},"inLanguage":"de","potentialAction":[{"@type":"ReadAction","target":["https:\/\/subctech.com\/de\/sponsoring\/"]}]},{"@type":"BreadcrumbList","@id":"https:\/\/subctech.com\/de\/sponsoring\/#breadcrumb","itemListElement":[{"@type":"ListItem","position":1,"name":"Home","item":"https:\/\/subctech.com\/de\/"},{"@type":"ListItem","position":2,"name":"Sponsoring"}]},{"@type":"WebSite","@id":"https:\/\/subctech.com\/de\/#website","url":"https:\/\/subctech.com\/de\/","name":"SubCtech - Ocean Power &amp; Monitoring","description":"Ocean engineering - from coast to deepsea","publisher":{"@id":"https:\/\/subctech.com\/de\/#organization"},"potentialAction":[{"@type":"SearchAction","target":{"@type":"EntryPoint","urlTemplate":"https:\/\/subctech.com\/de\/?s={search_term_string}"},"query-input":{"@type":"PropertyValueSpecification","valueRequired":true,"valueName":"search_term_string"}}],"inLanguage":"de"},{"@type":"Organization","@id":"https:\/\/subctech.com\/de\/#organization","name":"SubCtech - Ocean Power &amp; Monitoring","url":"https:\/\/subctech.com\/de\/","logo":{"@type":"ImageObject","inLanguage":"de","@id":"https:\/\/subctech.com\/de\/#\/schema\/logo\/image\/","url":"https:\/\/subctech.com\/wp-content\/uploads\/2025\/06\/cropped-Logo_SubCtech_blue-subtitle-web.png","contentUrl":"https:\/\/subctech.com\/wp-content\/uploads\/2025\/06\/cropped-Logo_SubCtech_blue-subtitle-web.png","width":245,"height":205,"caption":"SubCtech - Ocean Power &amp; Monitoring"},"image":{"@id":"https:\/\/subctech.com\/de\/#\/schema\/logo\/image\/"}}]}},"_links":{"self":[{"href":"https:\/\/subctech.com\/de\/wp-json\/wp\/v2\/pages\/5157","targetHints":{"allow":["GET"]}}],"collection":[{"href":"https:\/\/subctech.com\/de\/wp-json\/wp\/v2\/pages"}],"about":[{"href":"https:\/\/subctech.com\/de\/wp-json\/wp\/v2\/types\/page"}],"author":[{"embeddable":true,"href":"https:\/\/subctech.com\/de\/wp-json\/wp\/v2\/users\/1"}],"replies":[{"embeddable":true,"href":"https:\/\/subctech.com\/de\/wp-json\/wp\/v2\/comments?post=5157"}],"version-history":[{"count":8,"href":"https:\/\/subctech.com\/de\/wp-json\/wp\/v2\/pages\/5157\/revisions"}],"predecessor-version":[{"id":5836,"href":"https:\/\/subctech.com\/de\/wp-json\/wp\/v2\/pages\/5157\/revisions\/5836"}],"wp:attachment":[{"href":"https:\/\/subctech.com\/de\/wp-json\/wp\/v2\/media?parent=5157"}],"curies":[{"name":"wp","href":"https:\/\/api.w.org\/{rel}","templated":true}]}}