{"id":5199,"date":"2021-01-19T15:33:41","date_gmt":"2021-01-19T14:33:41","guid":{"rendered":"https:\/\/subctech.com\/rechtliches\/battg-batteriegesetz\/"},"modified":"2021-01-19T15:33:41","modified_gmt":"2021-01-19T14:33:41","slug":"battg-batteriegesetz","status":"publish","type":"page","link":"https:\/\/subctech.com\/de\/rechtliches\/battg-batteriegesetz\/","title":{"rendered":"BattG Batteriegesetz"},"content":{"rendered":"<p>[vc_row][vc_column][vc_empty_space][vc_column_text]<\/p>\n<h2><strong>Hinweise zur Batterieentsorgung gem\u00e4\u00df Batteriegesetz BattG<\/strong><\/h2>\n<p>Im Zusammenhang mit dem Vertrieb von Batterien oder mit der Lieferung von Ger\u00e4ten, die Batterien enthalten, sind wir verpflichtet, Sie gem\u00e4\u00df \u00a7 18 des Batteriegesetzes (BattG) auf Folgendes hinzuweisen:<br \/>\nBatterien und Akkus d\u00fcrfen nicht in den Hausm\u00fcll gegeben werden. Sie sind als Endanwender zur R\u00fcckgabe gebrauchter Batterien als Endnutzer gesetzlich verpflichtet. Sie k\u00f6nnen Altbatterien, die wir als Neubatterien im Sortiment f\u00fchren oder gef\u00fchrt haben, unentgeltlich zur kostenfreien Entsorgung an unserem Versandlager (Versandadresse Deutschland) oder Handelspartner im Ausland (<a href=\"https:\/\/subctech.com\/de\/vertriebspartner\/\">Sales Partner &#8211; SubCtech &#8211; Ocean Power &amp; Monitoring<\/a> ) zur\u00fcckgeben.<\/p>\n<p>Neben gef\u00e4hrlichen Schadstoffen, die bei einer falschen Entsorgung die Umwelt belasten w\u00fcrden, enthalten Batterien auch wichtige Rohstoffe, die wiederverwertet werden k\u00f6nnen.<\/p>\n<p>Das Symbol der durchgekreuzten M\u00fclltonne bedeutet, dass die Batterie nicht in den Hausm\u00fcll gegeben werden darf. Des Weiteren befindet sich unter dem Symbol der durchgekreuzten M\u00fclltonne (sofern enthalten), die chemische Bezeichnung der entsprechenden Schadstoffe. Beispiele hierf\u00fcr sind: (Pb) Blei, (Cd) Cadmium, (Hg) Quecksilber. Diese Batterien sind nicht bei uns im Vertrieb.<\/p>\n<p><img loading=\"lazy\" decoding=\"async\" class=\"alignnone size-full wp-image-5193\" src=\"https:\/\/subctech.com\/wp-content\/uploads\/2021\/01\/battery.png\" alt=\"\" width=\"174\" height=\"186\" \/><\/p>\n<p>Der Begriff Batterie bezeichnet gleichbedeutend Batterie (Prim\u00e4rbatterie) und Akku bzw. Akkumulator (Sekund\u00e4rbatterie).<\/p>\n<p>Bitte beachten Sie die vorstehenden Hinweise.<\/p>\n<p>Weitere Informationen zum Batteriegesetz BattG finden Sie beim Bundesministerium f\u00fcr Umwelt, Naturschutz und Reaktorsicherheit (<a href=\"http:\/\/www.bmu.de\">www.bmu.de<\/a>) oder u.a. auf der Website des Gemeinschaftsprojektes des Bundesministeriums der Justiz und der Juris GmbH <a href=\"http:\/\/www.gesetze-im-internet.de\">www.gesetze-im-internet.de<\/a> .[\/vc_column_text][vc_empty_space height=&#8221;12px&#8221;][\/vc_column][\/vc_row]<\/p>\n","protected":false},"excerpt":{"rendered":"<p>[vc_row][vc_column][vc_empty_space][vc_column_text] Hinweise zur Batterieentsorgung gem\u00e4\u00df Batteriegesetz BattG Im Zusammenhang mit dem Vertrieb von Batterien oder mit der Lieferung von Ger\u00e4ten, die Batterien enthalten, sind wir verpflichtet, Sie gem\u00e4\u00df \u00a7 18 [&hellip;]<\/p>\n","protected":false},"author":1,"featured_media":0,"parent":5190,"menu_order":0,"comment_status":"closed","ping_status":"closed","template":"page-template\/blank-page-sidebar.php","meta":{"footnotes":""},"class_list":["post-5199","page","type-page","status-publish","hentry"],"yoast_head":"<!-- This site is optimized with the Yoast SEO plugin v27.3 - https:\/\/yoast.com\/product\/yoast-seo-wordpress\/ -->\n<title>BattG Batteriegesetz - SubCtech - Ocean Power &amp; Monitoring<\/title>\n<meta name=\"robots\" content=\"index, follow, max-snippet:-1, max-image-preview:large, max-video-preview:-1\" \/>\n<link rel=\"canonical\" href=\"https:\/\/subctech.com\/de\/rechtliches\/battg-batteriegesetz\/\" \/>\n<meta property=\"og:locale\" content=\"de_DE\" \/>\n<meta property=\"og:type\" content=\"article\" \/>\n<meta property=\"og:title\" content=\"BattG Batteriegesetz - SubCtech - Ocean Power &amp; Monitoring\" \/>\n<meta property=\"og:description\" content=\"[vc_row][vc_column][vc_empty_space][vc_column_text] Hinweise zur Batterieentsorgung gem\u00e4\u00df Batteriegesetz BattG Im Zusammenhang mit dem Vertrieb von Batterien oder mit der Lieferung von Ger\u00e4ten, die Batterien enthalten, sind wir verpflichtet, Sie gem\u00e4\u00df \u00a7 18 [&hellip;]\" \/>\n<meta property=\"og:url\" content=\"https:\/\/subctech.com\/de\/rechtliches\/battg-batteriegesetz\/\" \/>\n<meta property=\"og:site_name\" content=\"SubCtech - Ocean Power &amp; Monitoring\" \/>\n<meta property=\"og:image\" content=\"https:\/\/subctech.com\/wp-content\/uploads\/2021\/01\/battery.png\" \/>\n<meta name=\"twitter:card\" content=\"summary_large_image\" \/>\n<meta name=\"twitter:label1\" content=\"Gesch\u00e4tzte Lesezeit\" \/>\n\t<meta name=\"twitter:data1\" content=\"1\u00a0Minute\" \/>\n<script type=\"application\/ld+json\" class=\"yoast-schema-graph\">{\"@context\":\"https:\\\/\\\/schema.org\",\"@graph\":[{\"@type\":\"WebPage\",\"@id\":\"https:\\\/\\\/subctech.com\\\/de\\\/rechtliches\\\/battg-batteriegesetz\\\/\",\"url\":\"https:\\\/\\\/subctech.com\\\/de\\\/rechtliches\\\/battg-batteriegesetz\\\/\",\"name\":\"BattG Batteriegesetz - SubCtech - Ocean Power &amp; Monitoring\",\"isPartOf\":{\"@id\":\"https:\\\/\\\/subctech.com\\\/de\\\/#website\"},\"primaryImageOfPage\":{\"@id\":\"https:\\\/\\\/subctech.com\\\/de\\\/rechtliches\\\/battg-batteriegesetz\\\/#primaryimage\"},\"image\":{\"@id\":\"https:\\\/\\\/subctech.com\\\/de\\\/rechtliches\\\/battg-batteriegesetz\\\/#primaryimage\"},\"thumbnailUrl\":\"https:\\\/\\\/subctech.com\\\/wp-content\\\/uploads\\\/2021\\\/01\\\/battery.png\",\"datePublished\":\"2021-01-19T14:33:41+00:00\",\"breadcrumb\":{\"@id\":\"https:\\\/\\\/subctech.com\\\/de\\\/rechtliches\\\/battg-batteriegesetz\\\/#breadcrumb\"},\"inLanguage\":\"de\",\"potentialAction\":[{\"@type\":\"ReadAction\",\"target\":[\"https:\\\/\\\/subctech.com\\\/de\\\/rechtliches\\\/battg-batteriegesetz\\\/\"]}]},{\"@type\":\"ImageObject\",\"inLanguage\":\"de\",\"@id\":\"https:\\\/\\\/subctech.com\\\/de\\\/rechtliches\\\/battg-batteriegesetz\\\/#primaryimage\",\"url\":\"https:\\\/\\\/subctech.com\\\/wp-content\\\/uploads\\\/2021\\\/01\\\/battery.png\",\"contentUrl\":\"https:\\\/\\\/subctech.com\\\/wp-content\\\/uploads\\\/2021\\\/01\\\/battery.png\"},{\"@type\":\"BreadcrumbList\",\"@id\":\"https:\\\/\\\/subctech.com\\\/de\\\/rechtliches\\\/battg-batteriegesetz\\\/#breadcrumb\",\"itemListElement\":[{\"@type\":\"ListItem\",\"position\":1,\"name\":\"Home\",\"item\":\"https:\\\/\\\/subctech.com\\\/de\\\/\"},{\"@type\":\"ListItem\",\"position\":2,\"name\":\"Rechtliches\",\"item\":\"https:\\\/\\\/subctech.com\\\/de\\\/rechtliches\\\/\"},{\"@type\":\"ListItem\",\"position\":3,\"name\":\"BattG Batteriegesetz\"}]},{\"@type\":\"WebSite\",\"@id\":\"https:\\\/\\\/subctech.com\\\/de\\\/#website\",\"url\":\"https:\\\/\\\/subctech.com\\\/de\\\/\",\"name\":\"SubCtech - Ocean Power &amp; Monitoring\",\"description\":\"Ocean engineering - from coast to deepsea\",\"publisher\":{\"@id\":\"https:\\\/\\\/subctech.com\\\/de\\\/#organization\"},\"potentialAction\":[{\"@type\":\"SearchAction\",\"target\":{\"@type\":\"EntryPoint\",\"urlTemplate\":\"https:\\\/\\\/subctech.com\\\/de\\\/?s={search_term_string}\"},\"query-input\":{\"@type\":\"PropertyValueSpecification\",\"valueRequired\":true,\"valueName\":\"search_term_string\"}}],\"inLanguage\":\"de\"},{\"@type\":\"Organization\",\"@id\":\"https:\\\/\\\/subctech.com\\\/de\\\/#organization\",\"name\":\"SubCtech - Ocean Power &amp; Monitoring\",\"url\":\"https:\\\/\\\/subctech.com\\\/de\\\/\",\"logo\":{\"@type\":\"ImageObject\",\"inLanguage\":\"de\",\"@id\":\"https:\\\/\\\/subctech.com\\\/de\\\/#\\\/schema\\\/logo\\\/image\\\/\",\"url\":\"https:\\\/\\\/subctech.com\\\/wp-content\\\/uploads\\\/2025\\\/06\\\/cropped-Logo_SubCtech_blue-subtitle-web.png\",\"contentUrl\":\"https:\\\/\\\/subctech.com\\\/wp-content\\\/uploads\\\/2025\\\/06\\\/cropped-Logo_SubCtech_blue-subtitle-web.png\",\"width\":245,\"height\":205,\"caption\":\"SubCtech - Ocean Power &amp; Monitoring\"},\"image\":{\"@id\":\"https:\\\/\\\/subctech.com\\\/de\\\/#\\\/schema\\\/logo\\\/image\\\/\"}}]}<\/script>\n<!-- \/ Yoast SEO plugin. -->","yoast_head_json":{"title":"BattG Batteriegesetz - SubCtech - Ocean Power &amp; Monitoring","robots":{"index":"index","follow":"follow","max-snippet":"max-snippet:-1","max-image-preview":"max-image-preview:large","max-video-preview":"max-video-preview:-1"},"canonical":"https:\/\/subctech.com\/de\/rechtliches\/battg-batteriegesetz\/","og_locale":"de_DE","og_type":"article","og_title":"BattG Batteriegesetz - SubCtech - Ocean Power &amp; Monitoring","og_description":"[vc_row][vc_column][vc_empty_space][vc_column_text] Hinweise zur Batterieentsorgung gem\u00e4\u00df Batteriegesetz BattG Im Zusammenhang mit dem Vertrieb von Batterien oder mit der Lieferung von Ger\u00e4ten, die Batterien enthalten, sind wir verpflichtet, Sie gem\u00e4\u00df \u00a7 18 [&hellip;]","og_url":"https:\/\/subctech.com\/de\/rechtliches\/battg-batteriegesetz\/","og_site_name":"SubCtech - Ocean Power &amp; Monitoring","og_image":[{"url":"https:\/\/subctech.com\/wp-content\/uploads\/2021\/01\/battery.png","type":"","width":"","height":""}],"twitter_card":"summary_large_image","twitter_misc":{"Gesch\u00e4tzte Lesezeit":"1\u00a0Minute"},"schema":{"@context":"https:\/\/schema.org","@graph":[{"@type":"WebPage","@id":"https:\/\/subctech.com\/de\/rechtliches\/battg-batteriegesetz\/","url":"https:\/\/subctech.com\/de\/rechtliches\/battg-batteriegesetz\/","name":"BattG Batteriegesetz - SubCtech - Ocean Power &amp; Monitoring","isPartOf":{"@id":"https:\/\/subctech.com\/de\/#website"},"primaryImageOfPage":{"@id":"https:\/\/subctech.com\/de\/rechtliches\/battg-batteriegesetz\/#primaryimage"},"image":{"@id":"https:\/\/subctech.com\/de\/rechtliches\/battg-batteriegesetz\/#primaryimage"},"thumbnailUrl":"https:\/\/subctech.com\/wp-content\/uploads\/2021\/01\/battery.png","datePublished":"2021-01-19T14:33:41+00:00","breadcrumb":{"@id":"https:\/\/subctech.com\/de\/rechtliches\/battg-batteriegesetz\/#breadcrumb"},"inLanguage":"de","potentialAction":[{"@type":"ReadAction","target":["https:\/\/subctech.com\/de\/rechtliches\/battg-batteriegesetz\/"]}]},{"@type":"ImageObject","inLanguage":"de","@id":"https:\/\/subctech.com\/de\/rechtliches\/battg-batteriegesetz\/#primaryimage","url":"https:\/\/subctech.com\/wp-content\/uploads\/2021\/01\/battery.png","contentUrl":"https:\/\/subctech.com\/wp-content\/uploads\/2021\/01\/battery.png"},{"@type":"BreadcrumbList","@id":"https:\/\/subctech.com\/de\/rechtliches\/battg-batteriegesetz\/#breadcrumb","itemListElement":[{"@type":"ListItem","position":1,"name":"Home","item":"https:\/\/subctech.com\/de\/"},{"@type":"ListItem","position":2,"name":"Rechtliches","item":"https:\/\/subctech.com\/de\/rechtliches\/"},{"@type":"ListItem","position":3,"name":"BattG Batteriegesetz"}]},{"@type":"WebSite","@id":"https:\/\/subctech.com\/de\/#website","url":"https:\/\/subctech.com\/de\/","name":"SubCtech - Ocean Power &amp; Monitoring","description":"Ocean engineering - from coast to deepsea","publisher":{"@id":"https:\/\/subctech.com\/de\/#organization"},"potentialAction":[{"@type":"SearchAction","target":{"@type":"EntryPoint","urlTemplate":"https:\/\/subctech.com\/de\/?s={search_term_string}"},"query-input":{"@type":"PropertyValueSpecification","valueRequired":true,"valueName":"search_term_string"}}],"inLanguage":"de"},{"@type":"Organization","@id":"https:\/\/subctech.com\/de\/#organization","name":"SubCtech - Ocean Power &amp; Monitoring","url":"https:\/\/subctech.com\/de\/","logo":{"@type":"ImageObject","inLanguage":"de","@id":"https:\/\/subctech.com\/de\/#\/schema\/logo\/image\/","url":"https:\/\/subctech.com\/wp-content\/uploads\/2025\/06\/cropped-Logo_SubCtech_blue-subtitle-web.png","contentUrl":"https:\/\/subctech.com\/wp-content\/uploads\/2025\/06\/cropped-Logo_SubCtech_blue-subtitle-web.png","width":245,"height":205,"caption":"SubCtech - Ocean Power &amp; Monitoring"},"image":{"@id":"https:\/\/subctech.com\/de\/#\/schema\/logo\/image\/"}}]}},"_links":{"self":[{"href":"https:\/\/subctech.com\/de\/wp-json\/wp\/v2\/pages\/5199","targetHints":{"allow":["GET"]}}],"collection":[{"href":"https:\/\/subctech.com\/de\/wp-json\/wp\/v2\/pages"}],"about":[{"href":"https:\/\/subctech.com\/de\/wp-json\/wp\/v2\/types\/page"}],"author":[{"embeddable":true,"href":"https:\/\/subctech.com\/de\/wp-json\/wp\/v2\/users\/1"}],"replies":[{"embeddable":true,"href":"https:\/\/subctech.com\/de\/wp-json\/wp\/v2\/comments?post=5199"}],"version-history":[{"count":2,"href":"https:\/\/subctech.com\/de\/wp-json\/wp\/v2\/pages\/5199\/revisions"}],"predecessor-version":[{"id":5201,"href":"https:\/\/subctech.com\/de\/wp-json\/wp\/v2\/pages\/5199\/revisions\/5201"}],"up":[{"embeddable":true,"href":"https:\/\/subctech.com\/de\/wp-json\/wp\/v2\/pages\/5190"}],"wp:attachment":[{"href":"https:\/\/subctech.com\/de\/wp-json\/wp\/v2\/media?parent=5199"}],"curies":[{"name":"wp","href":"https:\/\/api.w.org\/{rel}","templated":true}]}}