{"id":5251,"date":"2021-01-19T15:49:48","date_gmt":"2021-01-19T14:49:48","guid":{"rendered":"https:\/\/subctech.com\/beratung\/"},"modified":"2021-01-19T15:49:49","modified_gmt":"2021-01-19T14:49:49","slug":"beratung","status":"publish","type":"page","link":"https:\/\/subctech.com\/de\/beratung\/","title":{"rendered":"Beratung"},"content":{"rendered":"<p>[vc_row][vc_column][vc_empty_space]\n    <div class=\"row d-flex justify-content-center wow \">\n      <div class=\"col-lg-12\">\n        <div class=\" dustrial-stitle-69d635b9d0939 section-title-two text-center\">\n          <div class=\"section-two-body\">\n            <h6 class=\"sub-title activeColor\">Customer Orientation<\/h6>\n           <h3 class=\"main-title\">Consulting<\/h3>\n          <\/div>\n          <div class=\"stock\">\n            <img decoding=\"async\" src=\"https:\/\/subctech.com\/wp-content\/uploads\/2019\/12\/Logo-punkte.png\" alt=\"stock\">\n          <\/div>\n        <\/div>\n      <\/div>\n    <\/div>\n\n    [vc_column_text]Unser Kunde ist unser Partner und die Zufriedenheit unserer Kunden hat oberste Priorit\u00e4t. Es ist f\u00fcr uns selbstverst\u00e4ndlich, in allen Phasen von der Vorberatung bis zum After-Sales professionellen Service zu bieten.<\/p>\n<p>Wir bieten umfassende Vorberatungs- und Kundendienstleistungen.[\/vc_column_text][\/vc_column][\/vc_row][vc_row full_width=&#8221;stretch_row&#8221; css=&#8221;.vc_custom_1581683935001{padding-top: 40px !important;background-color: #f9f9f9 !important;}&#8221;][vc_column width=&#8221;1\/2&#8243;][vc_column_text]<\/p>\n<p style=\"text-align: center;\"><em> &#8220;Ein perfektes Projektmanagement und zuverl\u00e4ssige Beratung sind fast eine Notwendigkeit geworden, damit Sie die gew\u00fcnschten Ergebnisse erzielen k\u00f6nnen.&#8221; <\/em><\/p>\n<p>&nbsp;<\/p>\n<p style=\"text-align: center;\">Stefan Marx, CEO<\/p>\n<p>&nbsp;<\/p>\n<p>Wir bieten Ihnen hochqualifizierte Spezialisten f\u00fcr dringende, vor\u00fcbergehende oder besondere Anforderungen nach technischer Hilfe. Unsere akademischen und professionellen Ingenieure unterst\u00fcten Sie beratend, Projektmanagementaufgaben zu l\u00f6sen oder Sie bei der Erf\u00fcllung spezieller Aufgaben zu unterst\u00fctzen.[\/vc_column_text][\/vc_column][vc_column width=&#8221;1\/2&#8243;][vc_single_image image=&#8221;3174&#8243; img_size=&#8221;full&#8221;][\/vc_column][\/vc_row][vc_row full_width=&#8221;stretch_row&#8221; css=&#8221;.vc_custom_1581680176563{padding-top: 20px !important;background-color: #ffffff !important;}&#8221;][vc_column width=&#8221;1\/2&#8243;][vc_single_image image=&#8221;3181&#8243; img_size=&#8221;full&#8221;][\/vc_column][vc_column width=&#8221;1\/2&#8243;][vc_column_text]<\/p>\n<p style=\"text-align: left;\"><em> &#8220;Aufgrund der Empfehlungen von SEABIRD, dem Schiffsbeobachtungsteam von JCOMM und dem neuen wissenschaftlichen Partner GEOMAR wurde und wird die Entwicklung und Wartung des Durchflusssystems ausgelagert jetzt vollst\u00e4ndig von SubCtech realisiert. <\/em><\/p>\n<ul style=\"text-align: center;\">\n<li style=\"text-align: left;\"><em> Innerhalb weniger Tage wurde eine Vorberatungssitzung auf unserer Baustelle in Frankreich organisiert. <\/em><\/li>\n<li style=\"text-align: left;\"><em> Das vorhandene OceanPack-System wurde neu gestaltet. <\/em><\/li>\n<li style=\"text-align: left;\"><em> Die Mikroversion wird mit Pumpe, Debubbler, Filter, Durchflussmesser und Datenlogger geliefert, die genau unseren Anforderungen entsprechen. <\/em><\/li>\n<li style=\"text-align: left;\"><em> Das System und sein integrierter pCO<sub>2 <\/sub> -Sensor wurden von SubCtechs CEO Stefan Marx p\u00fcnktlich auf unsere Baustelle geliefert. <\/em><\/li>\n<li style=\"text-align: left;\"><em> SubCtech hat das Micro-OceanPack installiert und bei allen Test- und Ergebnissitzungen auf See und in Paris unterst\u00fctzt.<\/em><\/li>\n<li style=\"text-align: left;\"><em>Das OceanPack stellt einen Meilenstein f\u00fcr das SolOceans-One-Design dar.\u201c<\/em><\/li>\n<\/ul>\n<p>M. Kramp, Oceanology International 2010, Konferenz<br \/>\n[\/vc_column_text][\/vc_column][\/vc_row]<\/p>\n","protected":false},"excerpt":{"rendered":"<p>[vc_row][vc_column][vc_empty_space][vc_column_text]Unser Kunde ist unser Partner und die Zufriedenheit unserer Kunden hat oberste Priorit\u00e4t. Es ist f\u00fcr uns selbstverst\u00e4ndlich, in allen Phasen von der Vorberatung bis zum After-Sales professionellen Service zu [&hellip;]<\/p>\n","protected":false},"author":1,"featured_media":0,"parent":0,"menu_order":0,"comment_status":"closed","ping_status":"closed","template":"page-template\/blank-page-sidebar.php","meta":{"footnotes":""},"class_list":["post-5251","page","type-page","status-publish","hentry"],"yoast_head":"<!-- This site is optimized with the Yoast SEO plugin v27.3 - https:\/\/yoast.com\/product\/yoast-seo-wordpress\/ -->\n<title>Beratung - SubCtech - Ocean Power &amp; Monitoring<\/title>\n<meta name=\"robots\" content=\"index, follow, max-snippet:-1, max-image-preview:large, max-video-preview:-1\" \/>\n<link rel=\"canonical\" href=\"https:\/\/subctech.com\/de\/beratung\/\" \/>\n<meta property=\"og:locale\" content=\"de_DE\" \/>\n<meta property=\"og:type\" content=\"article\" \/>\n<meta property=\"og:title\" content=\"Beratung - SubCtech - Ocean Power &amp; Monitoring\" \/>\n<meta property=\"og:description\" content=\"[vc_row][vc_column][vc_empty_space][vc_column_text]Unser Kunde ist unser Partner und die Zufriedenheit unserer Kunden hat oberste Priorit\u00e4t. Es ist f\u00fcr uns selbstverst\u00e4ndlich, in allen Phasen von der Vorberatung bis zum After-Sales professionellen Service zu [&hellip;]\" \/>\n<meta property=\"og:url\" content=\"https:\/\/subctech.com\/de\/beratung\/\" \/>\n<meta property=\"og:site_name\" content=\"SubCtech - Ocean Power &amp; Monitoring\" \/>\n<meta property=\"article:modified_time\" content=\"2021-01-19T14:49:49+00:00\" \/>\n<meta name=\"twitter:card\" content=\"summary_large_image\" \/>\n<meta name=\"twitter:label1\" content=\"Gesch\u00e4tzte Lesezeit\" \/>\n\t<meta name=\"twitter:data1\" content=\"2\u00a0Minuten\" \/>\n<script type=\"application\/ld+json\" class=\"yoast-schema-graph\">{\"@context\":\"https:\\\/\\\/schema.org\",\"@graph\":[{\"@type\":\"WebPage\",\"@id\":\"https:\\\/\\\/subctech.com\\\/de\\\/beratung\\\/\",\"url\":\"https:\\\/\\\/subctech.com\\\/de\\\/beratung\\\/\",\"name\":\"Beratung - SubCtech - Ocean Power &amp; Monitoring\",\"isPartOf\":{\"@id\":\"https:\\\/\\\/subctech.com\\\/de\\\/#website\"},\"datePublished\":\"2021-01-19T14:49:48+00:00\",\"dateModified\":\"2021-01-19T14:49:49+00:00\",\"breadcrumb\":{\"@id\":\"https:\\\/\\\/subctech.com\\\/de\\\/beratung\\\/#breadcrumb\"},\"inLanguage\":\"de\",\"potentialAction\":[{\"@type\":\"ReadAction\",\"target\":[\"https:\\\/\\\/subctech.com\\\/de\\\/beratung\\\/\"]}]},{\"@type\":\"BreadcrumbList\",\"@id\":\"https:\\\/\\\/subctech.com\\\/de\\\/beratung\\\/#breadcrumb\",\"itemListElement\":[{\"@type\":\"ListItem\",\"position\":1,\"name\":\"Home\",\"item\":\"https:\\\/\\\/subctech.com\\\/de\\\/\"},{\"@type\":\"ListItem\",\"position\":2,\"name\":\"Beratung\"}]},{\"@type\":\"WebSite\",\"@id\":\"https:\\\/\\\/subctech.com\\\/de\\\/#website\",\"url\":\"https:\\\/\\\/subctech.com\\\/de\\\/\",\"name\":\"SubCtech - Ocean Power &amp; Monitoring\",\"description\":\"Ocean engineering - from coast to deepsea\",\"publisher\":{\"@id\":\"https:\\\/\\\/subctech.com\\\/de\\\/#organization\"},\"potentialAction\":[{\"@type\":\"SearchAction\",\"target\":{\"@type\":\"EntryPoint\",\"urlTemplate\":\"https:\\\/\\\/subctech.com\\\/de\\\/?s={search_term_string}\"},\"query-input\":{\"@type\":\"PropertyValueSpecification\",\"valueRequired\":true,\"valueName\":\"search_term_string\"}}],\"inLanguage\":\"de\"},{\"@type\":\"Organization\",\"@id\":\"https:\\\/\\\/subctech.com\\\/de\\\/#organization\",\"name\":\"SubCtech - Ocean Power &amp; Monitoring\",\"url\":\"https:\\\/\\\/subctech.com\\\/de\\\/\",\"logo\":{\"@type\":\"ImageObject\",\"inLanguage\":\"de\",\"@id\":\"https:\\\/\\\/subctech.com\\\/de\\\/#\\\/schema\\\/logo\\\/image\\\/\",\"url\":\"https:\\\/\\\/subctech.com\\\/wp-content\\\/uploads\\\/2025\\\/06\\\/cropped-Logo_SubCtech_blue-subtitle-web.png\",\"contentUrl\":\"https:\\\/\\\/subctech.com\\\/wp-content\\\/uploads\\\/2025\\\/06\\\/cropped-Logo_SubCtech_blue-subtitle-web.png\",\"width\":245,\"height\":205,\"caption\":\"SubCtech - Ocean Power &amp; Monitoring\"},\"image\":{\"@id\":\"https:\\\/\\\/subctech.com\\\/de\\\/#\\\/schema\\\/logo\\\/image\\\/\"}}]}<\/script>\n<!-- \/ Yoast SEO plugin. -->","yoast_head_json":{"title":"Beratung - SubCtech - Ocean Power &amp; Monitoring","robots":{"index":"index","follow":"follow","max-snippet":"max-snippet:-1","max-image-preview":"max-image-preview:large","max-video-preview":"max-video-preview:-1"},"canonical":"https:\/\/subctech.com\/de\/beratung\/","og_locale":"de_DE","og_type":"article","og_title":"Beratung - SubCtech - Ocean Power &amp; Monitoring","og_description":"[vc_row][vc_column][vc_empty_space][vc_column_text]Unser Kunde ist unser Partner und die Zufriedenheit unserer Kunden hat oberste Priorit\u00e4t. Es ist f\u00fcr uns selbstverst\u00e4ndlich, in allen Phasen von der Vorberatung bis zum After-Sales professionellen Service zu [&hellip;]","og_url":"https:\/\/subctech.com\/de\/beratung\/","og_site_name":"SubCtech - Ocean Power &amp; Monitoring","article_modified_time":"2021-01-19T14:49:49+00:00","twitter_card":"summary_large_image","twitter_misc":{"Gesch\u00e4tzte Lesezeit":"2\u00a0Minuten"},"schema":{"@context":"https:\/\/schema.org","@graph":[{"@type":"WebPage","@id":"https:\/\/subctech.com\/de\/beratung\/","url":"https:\/\/subctech.com\/de\/beratung\/","name":"Beratung - SubCtech - Ocean Power &amp; Monitoring","isPartOf":{"@id":"https:\/\/subctech.com\/de\/#website"},"datePublished":"2021-01-19T14:49:48+00:00","dateModified":"2021-01-19T14:49:49+00:00","breadcrumb":{"@id":"https:\/\/subctech.com\/de\/beratung\/#breadcrumb"},"inLanguage":"de","potentialAction":[{"@type":"ReadAction","target":["https:\/\/subctech.com\/de\/beratung\/"]}]},{"@type":"BreadcrumbList","@id":"https:\/\/subctech.com\/de\/beratung\/#breadcrumb","itemListElement":[{"@type":"ListItem","position":1,"name":"Home","item":"https:\/\/subctech.com\/de\/"},{"@type":"ListItem","position":2,"name":"Beratung"}]},{"@type":"WebSite","@id":"https:\/\/subctech.com\/de\/#website","url":"https:\/\/subctech.com\/de\/","name":"SubCtech - Ocean Power &amp; Monitoring","description":"Ocean engineering - from coast to deepsea","publisher":{"@id":"https:\/\/subctech.com\/de\/#organization"},"potentialAction":[{"@type":"SearchAction","target":{"@type":"EntryPoint","urlTemplate":"https:\/\/subctech.com\/de\/?s={search_term_string}"},"query-input":{"@type":"PropertyValueSpecification","valueRequired":true,"valueName":"search_term_string"}}],"inLanguage":"de"},{"@type":"Organization","@id":"https:\/\/subctech.com\/de\/#organization","name":"SubCtech - Ocean Power &amp; Monitoring","url":"https:\/\/subctech.com\/de\/","logo":{"@type":"ImageObject","inLanguage":"de","@id":"https:\/\/subctech.com\/de\/#\/schema\/logo\/image\/","url":"https:\/\/subctech.com\/wp-content\/uploads\/2025\/06\/cropped-Logo_SubCtech_blue-subtitle-web.png","contentUrl":"https:\/\/subctech.com\/wp-content\/uploads\/2025\/06\/cropped-Logo_SubCtech_blue-subtitle-web.png","width":245,"height":205,"caption":"SubCtech - Ocean Power &amp; Monitoring"},"image":{"@id":"https:\/\/subctech.com\/de\/#\/schema\/logo\/image\/"}}]}},"_links":{"self":[{"href":"https:\/\/subctech.com\/de\/wp-json\/wp\/v2\/pages\/5251","targetHints":{"allow":["GET"]}}],"collection":[{"href":"https:\/\/subctech.com\/de\/wp-json\/wp\/v2\/pages"}],"about":[{"href":"https:\/\/subctech.com\/de\/wp-json\/wp\/v2\/types\/page"}],"author":[{"embeddable":true,"href":"https:\/\/subctech.com\/de\/wp-json\/wp\/v2\/users\/1"}],"replies":[{"embeddable":true,"href":"https:\/\/subctech.com\/de\/wp-json\/wp\/v2\/comments?post=5251"}],"version-history":[{"count":2,"href":"https:\/\/subctech.com\/de\/wp-json\/wp\/v2\/pages\/5251\/revisions"}],"predecessor-version":[{"id":5253,"href":"https:\/\/subctech.com\/de\/wp-json\/wp\/v2\/pages\/5251\/revisions\/5253"}],"wp:attachment":[{"href":"https:\/\/subctech.com\/de\/wp-json\/wp\/v2\/media?parent=5251"}],"curies":[{"name":"wp","href":"https:\/\/api.w.org\/{rel}","templated":true}]}}