{"id":6497,"date":"2023-09-11T13:55:21","date_gmt":"2023-09-11T12:55:21","guid":{"rendered":"https:\/\/subctech.com\/?page_id=6497"},"modified":"2023-09-11T14:35:43","modified_gmt":"2023-09-11T13:35:43","slug":"compliance","status":"publish","type":"page","link":"https:\/\/subctech.com\/de\/rechtliches\/compliance\/","title":{"rendered":"Compliance"},"content":{"rendered":"<p>[vc_row][vc_column][vc_empty_space][vc_column_text]<\/p>\n<h2><strong>Compliance \/ Meldestelle f\u00fcr Whistleblower<br \/>\n<\/strong><\/h2>\n<p>Wir kommen unserer unternehmerischen Verantwortung und den gesetztlichen Vorgaben nach und haben eine zentrale Meldestelle f\u00fcr die Meldung von Verst\u00f6\u00dfen eingerichtet.<\/p>\n<p>Ein Whistleblower kann unter anderem melden:<\/p>\n<ul>\n<li>Straftatbest\u00e4nde<\/li>\n<li>Ordnungswidrigkeiten, soweit es um den Schutz von Leben, Leib oder Gesundheit oder den Schutz der Rechte von Besch\u00e4ftigten oder deren Vertretungen geht<\/li>\n<li>bestimmte weitere Rechtsvorschriften auf Bundes-, Landes- oder EU-Ebene, die in \u00a7 2 HinSchG einzeln benannt werden, u.a.:<\/li>\n<li>Vorschriften zur Geldw\u00e4sche-Bek\u00e4mpfung<\/li>\n<li>Vorgaben zur Produktsicherheit<\/li>\n<li>Vorgaben zum Umweltschutz<\/li>\n<li>Datenschutz<\/li>\n<\/ul>\n<p>&nbsp;<\/p>\n<p>Ihre Meldung richten Sie bitte an folgende institutionelle E-Mail-Adresse:<\/p>\n<p><a href=\"mailto:compliance@subctech.com\">compliance@subctech.com<\/a><\/p>\n<p>Es wird Ihnen Vertraulichkeit zugesichert. Nur die folgenden Personen sind in diesem Kontext befugt, Meldungen entgegenzunehmen, R\u00fcckmeldungen zu geben und Folgema\u00dfnahmen einzuleiten:<\/p>\n<p>Stefan Marx, Gesch\u00e4ftsf\u00fchrer<\/p>\n<p>S\u00f6ren Johannsen, COO<\/p>\n<p>Schriftliche Meldungen in Papierform (Briefpost) richten Sie bitte an:<\/p>\n<p>Interne Meldestelle Compliance<br \/>\nSubCtech GmbH<\/p>\n<p>Wellseedamm 1-3<\/p>\n<p>24145 Kiel<\/p>\n<p>Dar\u00fcber hinaus k\u00f6nnen Sie alternativ eine m\u00fcndliche Meldung (per Telefon unter +49 (0) 431 22039 880) vornehmen oder die pers\u00f6nliche Zusammenkunft initiieren oder eine externe Meldung an die zust\u00e4ndigen Beh\u00f6rden bei Land, Bund oder EU vornehmen.[\/vc_column_text][vc_empty_space height=&#8221;12px&#8221;][\/vc_column][\/vc_row]<\/p>\n","protected":false},"excerpt":{"rendered":"<p>[vc_row][vc_column][vc_empty_space][vc_column_text] Compliance \/ Meldestelle f\u00fcr Whistleblower Wir kommen unserer unternehmerischen Verantwortung und den gesetztlichen Vorgaben nach und haben eine zentrale Meldestelle f\u00fcr die Meldung von Verst\u00f6\u00dfen eingerichtet. Ein Whistleblower kann [&hellip;]<\/p>\n","protected":false},"author":1,"featured_media":0,"parent":5190,"menu_order":0,"comment_status":"closed","ping_status":"closed","template":"page-template\/blank-page-sidebar.php","meta":{"footnotes":""},"class_list":["post-6497","page","type-page","status-publish","hentry"],"yoast_head":"<!-- This site is optimized with the Yoast SEO plugin v27.5 - https:\/\/yoast.com\/product\/yoast-seo-wordpress\/ -->\n<title>Compliance - SubCtech - Ocean Power &amp; Monitoring<\/title>\n<meta name=\"robots\" content=\"index, follow, max-snippet:-1, max-image-preview:large, max-video-preview:-1\" \/>\n<link rel=\"canonical\" href=\"https:\/\/subctech.com\/de\/rechtliches\/compliance\/\" \/>\n<meta property=\"og:locale\" content=\"de_DE\" \/>\n<meta property=\"og:type\" content=\"article\" \/>\n<meta property=\"og:title\" content=\"Compliance - SubCtech - Ocean Power &amp; Monitoring\" \/>\n<meta property=\"og:description\" content=\"[vc_row][vc_column][vc_empty_space][vc_column_text] Compliance \/ Meldestelle f\u00fcr Whistleblower Wir kommen unserer unternehmerischen Verantwortung und den gesetztlichen Vorgaben nach und haben eine zentrale Meldestelle f\u00fcr die Meldung von Verst\u00f6\u00dfen eingerichtet. Ein Whistleblower kann [&hellip;]\" \/>\n<meta property=\"og:url\" content=\"https:\/\/subctech.com\/de\/rechtliches\/compliance\/\" \/>\n<meta property=\"og:site_name\" content=\"SubCtech - Ocean Power &amp; Monitoring\" \/>\n<meta property=\"article:modified_time\" content=\"2023-09-11T13:35:43+00:00\" \/>\n<meta name=\"twitter:card\" content=\"summary_large_image\" \/>\n<meta name=\"twitter:label1\" content=\"Gesch\u00e4tzte Lesezeit\" \/>\n\t<meta name=\"twitter:data1\" content=\"1\u00a0Minute\" \/>\n<script type=\"application\/ld+json\" class=\"yoast-schema-graph\">{\"@context\":\"https:\\\/\\\/schema.org\",\"@graph\":[{\"@type\":\"WebPage\",\"@id\":\"https:\\\/\\\/subctech.com\\\/de\\\/rechtliches\\\/compliance\\\/\",\"url\":\"https:\\\/\\\/subctech.com\\\/de\\\/rechtliches\\\/compliance\\\/\",\"name\":\"Compliance - SubCtech - Ocean Power &amp; Monitoring\",\"isPartOf\":{\"@id\":\"https:\\\/\\\/subctech.com\\\/de\\\/#website\"},\"datePublished\":\"2023-09-11T12:55:21+00:00\",\"dateModified\":\"2023-09-11T13:35:43+00:00\",\"breadcrumb\":{\"@id\":\"https:\\\/\\\/subctech.com\\\/de\\\/rechtliches\\\/compliance\\\/#breadcrumb\"},\"inLanguage\":\"de\",\"potentialAction\":[{\"@type\":\"ReadAction\",\"target\":[\"https:\\\/\\\/subctech.com\\\/de\\\/rechtliches\\\/compliance\\\/\"]}]},{\"@type\":\"BreadcrumbList\",\"@id\":\"https:\\\/\\\/subctech.com\\\/de\\\/rechtliches\\\/compliance\\\/#breadcrumb\",\"itemListElement\":[{\"@type\":\"ListItem\",\"position\":1,\"name\":\"Home\",\"item\":\"https:\\\/\\\/subctech.com\\\/de\\\/\"},{\"@type\":\"ListItem\",\"position\":2,\"name\":\"Rechtliches\",\"item\":\"https:\\\/\\\/subctech.com\\\/de\\\/rechtliches\\\/\"},{\"@type\":\"ListItem\",\"position\":3,\"name\":\"Compliance\"}]},{\"@type\":\"WebSite\",\"@id\":\"https:\\\/\\\/subctech.com\\\/de\\\/#website\",\"url\":\"https:\\\/\\\/subctech.com\\\/de\\\/\",\"name\":\"SubCtech - Ocean Power &amp; Monitoring\",\"description\":\"Ocean engineering - from coast to deepsea\",\"publisher\":{\"@id\":\"https:\\\/\\\/subctech.com\\\/de\\\/#organization\"},\"potentialAction\":[{\"@type\":\"SearchAction\",\"target\":{\"@type\":\"EntryPoint\",\"urlTemplate\":\"https:\\\/\\\/subctech.com\\\/de\\\/?s={search_term_string}\"},\"query-input\":{\"@type\":\"PropertyValueSpecification\",\"valueRequired\":true,\"valueName\":\"search_term_string\"}}],\"inLanguage\":\"de\"},{\"@type\":\"Organization\",\"@id\":\"https:\\\/\\\/subctech.com\\\/de\\\/#organization\",\"name\":\"SubCtech - Ocean Power &amp; Monitoring\",\"url\":\"https:\\\/\\\/subctech.com\\\/de\\\/\",\"logo\":{\"@type\":\"ImageObject\",\"inLanguage\":\"de\",\"@id\":\"https:\\\/\\\/subctech.com\\\/de\\\/#\\\/schema\\\/logo\\\/image\\\/\",\"url\":\"https:\\\/\\\/subctech.com\\\/wp-content\\\/uploads\\\/2025\\\/06\\\/cropped-Logo_SubCtech_blue-subtitle-web.png\",\"contentUrl\":\"https:\\\/\\\/subctech.com\\\/wp-content\\\/uploads\\\/2025\\\/06\\\/cropped-Logo_SubCtech_blue-subtitle-web.png\",\"width\":245,\"height\":205,\"caption\":\"SubCtech - Ocean Power &amp; Monitoring\"},\"image\":{\"@id\":\"https:\\\/\\\/subctech.com\\\/de\\\/#\\\/schema\\\/logo\\\/image\\\/\"}}]}<\/script>\n<!-- \/ Yoast SEO plugin. -->","yoast_head_json":{"title":"Compliance - SubCtech - Ocean Power &amp; Monitoring","robots":{"index":"index","follow":"follow","max-snippet":"max-snippet:-1","max-image-preview":"max-image-preview:large","max-video-preview":"max-video-preview:-1"},"canonical":"https:\/\/subctech.com\/de\/rechtliches\/compliance\/","og_locale":"de_DE","og_type":"article","og_title":"Compliance - SubCtech - Ocean Power &amp; Monitoring","og_description":"[vc_row][vc_column][vc_empty_space][vc_column_text] Compliance \/ Meldestelle f\u00fcr Whistleblower Wir kommen unserer unternehmerischen Verantwortung und den gesetztlichen Vorgaben nach und haben eine zentrale Meldestelle f\u00fcr die Meldung von Verst\u00f6\u00dfen eingerichtet. Ein Whistleblower kann [&hellip;]","og_url":"https:\/\/subctech.com\/de\/rechtliches\/compliance\/","og_site_name":"SubCtech - Ocean Power &amp; Monitoring","article_modified_time":"2023-09-11T13:35:43+00:00","twitter_card":"summary_large_image","twitter_misc":{"Gesch\u00e4tzte Lesezeit":"1\u00a0Minute"},"schema":{"@context":"https:\/\/schema.org","@graph":[{"@type":"WebPage","@id":"https:\/\/subctech.com\/de\/rechtliches\/compliance\/","url":"https:\/\/subctech.com\/de\/rechtliches\/compliance\/","name":"Compliance - SubCtech - Ocean Power &amp; Monitoring","isPartOf":{"@id":"https:\/\/subctech.com\/de\/#website"},"datePublished":"2023-09-11T12:55:21+00:00","dateModified":"2023-09-11T13:35:43+00:00","breadcrumb":{"@id":"https:\/\/subctech.com\/de\/rechtliches\/compliance\/#breadcrumb"},"inLanguage":"de","potentialAction":[{"@type":"ReadAction","target":["https:\/\/subctech.com\/de\/rechtliches\/compliance\/"]}]},{"@type":"BreadcrumbList","@id":"https:\/\/subctech.com\/de\/rechtliches\/compliance\/#breadcrumb","itemListElement":[{"@type":"ListItem","position":1,"name":"Home","item":"https:\/\/subctech.com\/de\/"},{"@type":"ListItem","position":2,"name":"Rechtliches","item":"https:\/\/subctech.com\/de\/rechtliches\/"},{"@type":"ListItem","position":3,"name":"Compliance"}]},{"@type":"WebSite","@id":"https:\/\/subctech.com\/de\/#website","url":"https:\/\/subctech.com\/de\/","name":"SubCtech - Ocean Power &amp; Monitoring","description":"Ocean engineering - from coast to deepsea","publisher":{"@id":"https:\/\/subctech.com\/de\/#organization"},"potentialAction":[{"@type":"SearchAction","target":{"@type":"EntryPoint","urlTemplate":"https:\/\/subctech.com\/de\/?s={search_term_string}"},"query-input":{"@type":"PropertyValueSpecification","valueRequired":true,"valueName":"search_term_string"}}],"inLanguage":"de"},{"@type":"Organization","@id":"https:\/\/subctech.com\/de\/#organization","name":"SubCtech - Ocean Power &amp; Monitoring","url":"https:\/\/subctech.com\/de\/","logo":{"@type":"ImageObject","inLanguage":"de","@id":"https:\/\/subctech.com\/de\/#\/schema\/logo\/image\/","url":"https:\/\/subctech.com\/wp-content\/uploads\/2025\/06\/cropped-Logo_SubCtech_blue-subtitle-web.png","contentUrl":"https:\/\/subctech.com\/wp-content\/uploads\/2025\/06\/cropped-Logo_SubCtech_blue-subtitle-web.png","width":245,"height":205,"caption":"SubCtech - Ocean Power &amp; Monitoring"},"image":{"@id":"https:\/\/subctech.com\/de\/#\/schema\/logo\/image\/"}}]}},"_links":{"self":[{"href":"https:\/\/subctech.com\/de\/wp-json\/wp\/v2\/pages\/6497","targetHints":{"allow":["GET"]}}],"collection":[{"href":"https:\/\/subctech.com\/de\/wp-json\/wp\/v2\/pages"}],"about":[{"href":"https:\/\/subctech.com\/de\/wp-json\/wp\/v2\/types\/page"}],"author":[{"embeddable":true,"href":"https:\/\/subctech.com\/de\/wp-json\/wp\/v2\/users\/1"}],"replies":[{"embeddable":true,"href":"https:\/\/subctech.com\/de\/wp-json\/wp\/v2\/comments?post=6497"}],"version-history":[{"count":3,"href":"https:\/\/subctech.com\/de\/wp-json\/wp\/v2\/pages\/6497\/revisions"}],"predecessor-version":[{"id":6508,"href":"https:\/\/subctech.com\/de\/wp-json\/wp\/v2\/pages\/6497\/revisions\/6508"}],"up":[{"embeddable":true,"href":"https:\/\/subctech.com\/de\/wp-json\/wp\/v2\/pages\/5190"}],"wp:attachment":[{"href":"https:\/\/subctech.com\/de\/wp-json\/wp\/v2\/media?parent=6497"}],"curies":[{"name":"wp","href":"https:\/\/api.w.org\/{rel}","templated":true}]}}