{"id":6506,"date":"2023-09-11T13:59:59","date_gmt":"2023-09-11T12:59:59","guid":{"rendered":"https:\/\/subctech.com\/rechtliches\/compliance-2\/"},"modified":"2025-10-30T15:28:46","modified_gmt":"2025-10-30T14:28:46","slug":"compliance-richtlinie","status":"publish","type":"page","link":"https:\/\/subctech.com\/de\/rechtliches\/compliance-richtlinie\/","title":{"rendered":"Compliance"},"content":{"rendered":"<p>[vc_row][vc_column][vc_empty_space][vc_column_text]<strong>Hinweisgebersystem<\/strong><\/p>\n<p>Das Unternehmen SubCTech GmbH ist Teil der Possehl-Gruppe und eine Tochtergesellschaft der Possehl Mittelstandsbeteiligungen GmbH (PMB).<\/p>\n<p>Bei Possehl Mittelstandsbeteiligungen besteht die M\u00f6glichkeit, sich bei Verdacht oder Kenntnis von illegalem oder unethischem Handeln an ein internes, ausgelagertes und unabh\u00e4ngiges Hinweisgeberportal zu wenden und somit zur Aufdeckung von Regelverst\u00f6\u00dfen beizutragen.<\/p>\n<p>&nbsp;<\/p>\n<p>Gemeldet werden kann ein Fehlverhalten von Mitarbeitenden in unserer Unternehmensgruppe als auch unserer Lieferanten und Dienstleister in Bezug auf m\u00f6gliche Rechtsverst\u00f6\u00dfe oder unternehmenssch\u00e4digende Handlungen wie z.B., Korruption, Bestechung, Betrug, sonstige strafbare Handlungen, Kinderarbeit, Sklaverei, fehlende Arbeitssicherheit, Ausbeutung und Diskriminierung.<\/p>\n<p>Den Hinweisgebenden entsteht durch eine Meldung keinerlei Nachteil. Meldungen k\u00f6nnen in deutscher und englischer Sprache erfolgen. Die Meldungen k\u00f6nnen auf Wunsch auch anonym erfolgen.<\/p>\n<p>&nbsp;<\/p>\n<p><u>WhistleFox Hinweisgeberportal<\/u><\/p>\n<p>Wenn Sie konkrete, begr\u00fcndete Hinweise auf Rechtsverletzungen oder Regelverst\u00f6\u00dfe bei Possehl Mittelstandsbeteiligungen oder ihren Tochtergesellschaften haben oder solche vermuten, haben Sie folgende M\u00f6glichkeiten, zur Kontaktaufnahme:<\/p>\n<p>&nbsp;<\/p>\n<ul>\n<li>Per\u00a0<a href=\"https:\/\/whistlefox.heuking.de\/start\/possehl-mittelstandsbeteiligungen-gmbh\">Webformular<\/a> (deutsch) \/ Per <a href=\"https:\/\/whistlefox.heuking.de\/start\/l-possehl-co-mbh\/en\">Webformular<\/a> (englisch)<\/li>\n<li>per Telefon: +49 221 2052-547<\/li>\n<li>per Telefax: +49 221 2052-1<\/li>\n<li>per E-Mail:\u00a0<a href=\"mailto:c.schork@heuking.de\">schork@heuking.de<\/a><\/li>\n<\/ul>\n<p>&nbsp;<\/p>\n<p>Die vertrauensvolle Meldestelle (WhistleFox) kann rund um die Uhr per Webformular, E-Mail, Fax oder Post und werkt\u00e4glich zu normalen B\u00fcrozeiten telefonisch kontaktiert werden.<\/p>\n<p>&nbsp;<\/p>\n<p>Als Ansprechpartner steht Ihnen Herr Rechtsanwalt Dr. Christoph Schork zur Verf\u00fcgung.<\/p>\n<p>Heuking K\u00fchn L\u00fcer Wojtek<\/p>\n<p>Hd. Dr. Christoph Schork<\/p>\n<p>Magnusstra\u00dfe 13<\/p>\n<p>D-50672 K\u00f6ln<\/p>\n<p>&nbsp;<\/p>\n<p>Zudem besteht die M\u00f6glichkeit der Meldung an beh\u00f6rdliche externe Meldestellen. Diese sind beispielsweise:<\/p>\n<p>&#8211; die externe Meldestelle des Bundes beim Bundesamt f\u00fcr Justiz<\/p>\n<p>&#8211; externe Meldestellen des jeweiligen Bundeslandes<\/p>\n<p>&#8211; speziell zust\u00e4ndige externe Meldestellen, z.B. beim Bundeskartellamt<\/p>\n<p>&nbsp;<\/p>\n<p>Bitte beachten Sie, dass das Hinweisgebersystem nicht f\u00fcr Beschwerden gedacht ist. Sollten Sie im Hinblick auf die Produkte oder Dienstleistungen der Possehl-Gruppe unzufrieden sein, wenden Sie sich bitte an Ihren jeweiligen Ansprechpartner im Unternehmen.<\/p>\n<p>&nbsp;<\/p>\n<p>F\u00fcr Hinweise nach dem Lieferkettensorgfaltspflichtengesetz finden Sie weitere Verfahrenshinweise\u00a0<a href=\"https:\/\/www.duering-welding.com\/wp-content\/uploads\/2023\/02\/DOK5a_4200_PMB_20230201_Verfahrensordnung-Possehl_PMB_de.pdf\">hier<\/a>.[\/vc_column_text][vc_empty_space height=&#8221;12px&#8221;][vc_btn title=&#8221;Possehl Code of Conduct (DE)&#8221; link=&#8221;url:https%3A%2F%2Fsubctech.com%2Fwp-content%2Fuploads%2F2025%2F10%2FPossehl_Code_of_Conduct_deutsch.pdf||target:%20_blank|&#8221;][vc_empty_space height=&#8221;12px&#8221;][vc_btn title=&#8221;Possehl Code of Conduct (EN)&#8221; link=&#8221;url:https%3A%2F%2Fsubctech.com%2Fwp-content%2Fuploads%2F2025%2F10%2FPossehl_Code_of_Conduct_englisch.pdf|||&#8221;][\/vc_column][\/vc_row]<\/p>\n","protected":false},"excerpt":{"rendered":"<p>[vc_row][vc_column][vc_empty_space][vc_column_text]Hinweisgebersystem Das Unternehmen SubCTech GmbH ist Teil der Possehl-Gruppe und eine Tochtergesellschaft der Possehl Mittelstandsbeteiligungen GmbH (PMB). Bei Possehl Mittelstandsbeteiligungen besteht die M\u00f6glichkeit, sich bei Verdacht oder Kenntnis von illegalem [&hellip;]<\/p>\n","protected":false},"author":1,"featured_media":0,"parent":5190,"menu_order":0,"comment_status":"closed","ping_status":"closed","template":"page-template\/blank-page-sidebar.php","meta":{"footnotes":""},"class_list":["post-6506","page","type-page","status-publish","hentry"],"yoast_head":"<!-- This site is optimized with the Yoast SEO plugin v27.3 - https:\/\/yoast.com\/product\/yoast-seo-wordpress\/ -->\n<title>Compliance - SubCtech - Ocean Power &amp; Monitoring<\/title>\n<meta name=\"robots\" content=\"index, follow, max-snippet:-1, max-image-preview:large, max-video-preview:-1\" \/>\n<link rel=\"canonical\" href=\"https:\/\/subctech.com\/de\/rechtliches\/compliance-richtlinie\/\" \/>\n<meta property=\"og:locale\" content=\"de_DE\" \/>\n<meta property=\"og:type\" content=\"article\" \/>\n<meta property=\"og:title\" content=\"Compliance - SubCtech - Ocean Power &amp; Monitoring\" \/>\n<meta property=\"og:description\" content=\"[vc_row][vc_column][vc_empty_space][vc_column_text]Hinweisgebersystem Das Unternehmen SubCTech GmbH ist Teil der Possehl-Gruppe und eine Tochtergesellschaft der Possehl Mittelstandsbeteiligungen GmbH (PMB). Bei Possehl Mittelstandsbeteiligungen besteht die M\u00f6glichkeit, sich bei Verdacht oder Kenntnis von illegalem [&hellip;]\" \/>\n<meta property=\"og:url\" content=\"https:\/\/subctech.com\/de\/rechtliches\/compliance-richtlinie\/\" \/>\n<meta property=\"og:site_name\" content=\"SubCtech - Ocean Power &amp; Monitoring\" \/>\n<meta property=\"article:modified_time\" content=\"2025-10-30T14:28:46+00:00\" \/>\n<meta name=\"twitter:card\" content=\"summary_large_image\" \/>\n<meta name=\"twitter:label1\" content=\"Gesch\u00e4tzte Lesezeit\" \/>\n\t<meta name=\"twitter:data1\" content=\"2\u00a0Minuten\" \/>\n<script type=\"application\/ld+json\" class=\"yoast-schema-graph\">{\"@context\":\"https:\\\/\\\/schema.org\",\"@graph\":[{\"@type\":\"WebPage\",\"@id\":\"https:\\\/\\\/subctech.com\\\/de\\\/rechtliches\\\/compliance-richtlinie\\\/\",\"url\":\"https:\\\/\\\/subctech.com\\\/de\\\/rechtliches\\\/compliance-richtlinie\\\/\",\"name\":\"Compliance - SubCtech - Ocean Power &amp; Monitoring\",\"isPartOf\":{\"@id\":\"https:\\\/\\\/subctech.com\\\/de\\\/#website\"},\"datePublished\":\"2023-09-11T12:59:59+00:00\",\"dateModified\":\"2025-10-30T14:28:46+00:00\",\"breadcrumb\":{\"@id\":\"https:\\\/\\\/subctech.com\\\/de\\\/rechtliches\\\/compliance-richtlinie\\\/#breadcrumb\"},\"inLanguage\":\"de\",\"potentialAction\":[{\"@type\":\"ReadAction\",\"target\":[\"https:\\\/\\\/subctech.com\\\/de\\\/rechtliches\\\/compliance-richtlinie\\\/\"]}]},{\"@type\":\"BreadcrumbList\",\"@id\":\"https:\\\/\\\/subctech.com\\\/de\\\/rechtliches\\\/compliance-richtlinie\\\/#breadcrumb\",\"itemListElement\":[{\"@type\":\"ListItem\",\"position\":1,\"name\":\"Home\",\"item\":\"https:\\\/\\\/subctech.com\\\/de\\\/\"},{\"@type\":\"ListItem\",\"position\":2,\"name\":\"Rechtliches\",\"item\":\"https:\\\/\\\/subctech.com\\\/de\\\/rechtliches\\\/\"},{\"@type\":\"ListItem\",\"position\":3,\"name\":\"Compliance\"}]},{\"@type\":\"WebSite\",\"@id\":\"https:\\\/\\\/subctech.com\\\/de\\\/#website\",\"url\":\"https:\\\/\\\/subctech.com\\\/de\\\/\",\"name\":\"SubCtech - Ocean Power &amp; Monitoring\",\"description\":\"Ocean engineering - from coast to deepsea\",\"publisher\":{\"@id\":\"https:\\\/\\\/subctech.com\\\/de\\\/#organization\"},\"potentialAction\":[{\"@type\":\"SearchAction\",\"target\":{\"@type\":\"EntryPoint\",\"urlTemplate\":\"https:\\\/\\\/subctech.com\\\/de\\\/?s={search_term_string}\"},\"query-input\":{\"@type\":\"PropertyValueSpecification\",\"valueRequired\":true,\"valueName\":\"search_term_string\"}}],\"inLanguage\":\"de\"},{\"@type\":\"Organization\",\"@id\":\"https:\\\/\\\/subctech.com\\\/de\\\/#organization\",\"name\":\"SubCtech - Ocean Power &amp; Monitoring\",\"url\":\"https:\\\/\\\/subctech.com\\\/de\\\/\",\"logo\":{\"@type\":\"ImageObject\",\"inLanguage\":\"de\",\"@id\":\"https:\\\/\\\/subctech.com\\\/de\\\/#\\\/schema\\\/logo\\\/image\\\/\",\"url\":\"https:\\\/\\\/subctech.com\\\/wp-content\\\/uploads\\\/2025\\\/06\\\/cropped-Logo_SubCtech_blue-subtitle-web.png\",\"contentUrl\":\"https:\\\/\\\/subctech.com\\\/wp-content\\\/uploads\\\/2025\\\/06\\\/cropped-Logo_SubCtech_blue-subtitle-web.png\",\"width\":245,\"height\":205,\"caption\":\"SubCtech - Ocean Power &amp; Monitoring\"},\"image\":{\"@id\":\"https:\\\/\\\/subctech.com\\\/de\\\/#\\\/schema\\\/logo\\\/image\\\/\"}}]}<\/script>\n<!-- \/ Yoast SEO plugin. -->","yoast_head_json":{"title":"Compliance - SubCtech - Ocean Power &amp; Monitoring","robots":{"index":"index","follow":"follow","max-snippet":"max-snippet:-1","max-image-preview":"max-image-preview:large","max-video-preview":"max-video-preview:-1"},"canonical":"https:\/\/subctech.com\/de\/rechtliches\/compliance-richtlinie\/","og_locale":"de_DE","og_type":"article","og_title":"Compliance - SubCtech - Ocean Power &amp; Monitoring","og_description":"[vc_row][vc_column][vc_empty_space][vc_column_text]Hinweisgebersystem Das Unternehmen SubCTech GmbH ist Teil der Possehl-Gruppe und eine Tochtergesellschaft der Possehl Mittelstandsbeteiligungen GmbH (PMB). Bei Possehl Mittelstandsbeteiligungen besteht die M\u00f6glichkeit, sich bei Verdacht oder Kenntnis von illegalem [&hellip;]","og_url":"https:\/\/subctech.com\/de\/rechtliches\/compliance-richtlinie\/","og_site_name":"SubCtech - Ocean Power &amp; Monitoring","article_modified_time":"2025-10-30T14:28:46+00:00","twitter_card":"summary_large_image","twitter_misc":{"Gesch\u00e4tzte Lesezeit":"2\u00a0Minuten"},"schema":{"@context":"https:\/\/schema.org","@graph":[{"@type":"WebPage","@id":"https:\/\/subctech.com\/de\/rechtliches\/compliance-richtlinie\/","url":"https:\/\/subctech.com\/de\/rechtliches\/compliance-richtlinie\/","name":"Compliance - SubCtech - Ocean Power &amp; Monitoring","isPartOf":{"@id":"https:\/\/subctech.com\/de\/#website"},"datePublished":"2023-09-11T12:59:59+00:00","dateModified":"2025-10-30T14:28:46+00:00","breadcrumb":{"@id":"https:\/\/subctech.com\/de\/rechtliches\/compliance-richtlinie\/#breadcrumb"},"inLanguage":"de","potentialAction":[{"@type":"ReadAction","target":["https:\/\/subctech.com\/de\/rechtliches\/compliance-richtlinie\/"]}]},{"@type":"BreadcrumbList","@id":"https:\/\/subctech.com\/de\/rechtliches\/compliance-richtlinie\/#breadcrumb","itemListElement":[{"@type":"ListItem","position":1,"name":"Home","item":"https:\/\/subctech.com\/de\/"},{"@type":"ListItem","position":2,"name":"Rechtliches","item":"https:\/\/subctech.com\/de\/rechtliches\/"},{"@type":"ListItem","position":3,"name":"Compliance"}]},{"@type":"WebSite","@id":"https:\/\/subctech.com\/de\/#website","url":"https:\/\/subctech.com\/de\/","name":"SubCtech - Ocean Power &amp; Monitoring","description":"Ocean engineering - from coast to deepsea","publisher":{"@id":"https:\/\/subctech.com\/de\/#organization"},"potentialAction":[{"@type":"SearchAction","target":{"@type":"EntryPoint","urlTemplate":"https:\/\/subctech.com\/de\/?s={search_term_string}"},"query-input":{"@type":"PropertyValueSpecification","valueRequired":true,"valueName":"search_term_string"}}],"inLanguage":"de"},{"@type":"Organization","@id":"https:\/\/subctech.com\/de\/#organization","name":"SubCtech - Ocean Power &amp; Monitoring","url":"https:\/\/subctech.com\/de\/","logo":{"@type":"ImageObject","inLanguage":"de","@id":"https:\/\/subctech.com\/de\/#\/schema\/logo\/image\/","url":"https:\/\/subctech.com\/wp-content\/uploads\/2025\/06\/cropped-Logo_SubCtech_blue-subtitle-web.png","contentUrl":"https:\/\/subctech.com\/wp-content\/uploads\/2025\/06\/cropped-Logo_SubCtech_blue-subtitle-web.png","width":245,"height":205,"caption":"SubCtech - Ocean Power &amp; Monitoring"},"image":{"@id":"https:\/\/subctech.com\/de\/#\/schema\/logo\/image\/"}}]}},"_links":{"self":[{"href":"https:\/\/subctech.com\/de\/wp-json\/wp\/v2\/pages\/6506","targetHints":{"allow":["GET"]}}],"collection":[{"href":"https:\/\/subctech.com\/de\/wp-json\/wp\/v2\/pages"}],"about":[{"href":"https:\/\/subctech.com\/de\/wp-json\/wp\/v2\/types\/page"}],"author":[{"embeddable":true,"href":"https:\/\/subctech.com\/de\/wp-json\/wp\/v2\/users\/1"}],"replies":[{"embeddable":true,"href":"https:\/\/subctech.com\/de\/wp-json\/wp\/v2\/comments?post=6506"}],"version-history":[{"count":2,"href":"https:\/\/subctech.com\/de\/wp-json\/wp\/v2\/pages\/6506\/revisions"}],"predecessor-version":[{"id":7244,"href":"https:\/\/subctech.com\/de\/wp-json\/wp\/v2\/pages\/6506\/revisions\/7244"}],"up":[{"embeddable":true,"href":"https:\/\/subctech.com\/de\/wp-json\/wp\/v2\/pages\/5190"}],"wp:attachment":[{"href":"https:\/\/subctech.com\/de\/wp-json\/wp\/v2\/media?parent=6506"}],"curies":[{"name":"wp","href":"https:\/\/api.w.org\/{rel}","templated":true}]}}